{"id":9186,"date":"2014-09-18T11:07:24","date_gmt":"2014-09-18T11:07:24","guid":{"rendered":"https:\/\/www.rochestersensors.co.uk\/product\/contenu-de-la-jauge-avec-deux-sorties-electriques-g-ll65\/"},"modified":"2020-12-07T16:56:39","modified_gmt":"2020-12-07T16:56:39","slug":"contents-gauge-with-two-electrical-outputs-gll65-2-2","status":"publish","type":"product","link":"https:\/\/www.rochestersensors.co.uk\/fr\/produit\/contents-gauge-with-two-electrical-outputs-gll65-2-2\/","title":{"rendered":"Contenu de la jauge avec deux sorties \u00e9lectriques &#8211; G \/ LL65"},"content":{"rendered":"<p>La jauge \u00e0 spirale verticale G\/LL65 est une jauge de niveau de liquide \u00e0 commande m\u00e9canique avec affichage local et deux sorties \u00e9lectriques. Ces sorties peuvent \u00eatre connect\u00e9es \u00e0 un contr\u00f4leur ou \u00e0 un indicateur de niveau \u00e0 distance type:<\/p>\n<p>Une r\u00e9sistance variable proportionnelle au niveau de liquide.<br \/>\nContacteur sec d\u00e9clenchant une alarme lorsque le liquide atteint un niveau pr\u00e9d\u00e9fini.<\/p>\n","protected":false},"excerpt":{"rendered":"<p>La jauge \u00e0 spirale verticale G\/LL65 est une jauge de niveau de liquide \u00e0 commande m\u00e9canique avec affichage local et deux sorties \u00e9lectriques. Ces sorties peuvent \u00eatre connect\u00e9es \u00e0 un contr\u00f4leur ou \u00e0 un indicateur de niveau \u00e0 distance type: Une r\u00e9sistance variable proportionnelle au&#8230;<\/p>\n","protected":false},"featured_media":7711,"template":"","meta":{"_monsterinsights_skip_tracking":false,"_monsterinsights_sitenote_active":false,"_monsterinsights_sitenote_note":"","_monsterinsights_sitenote_category":0},"product_brand":[],"product_cat":[156,158],"product_tag":[],"class_list":{"0":"post-9186","1":"product","2":"type-product","3":"status-publish","4":"has-post-thumbnail","6":"product_cat-contenu-jauges","7":"product_cat-jauges-de-capacite-a-spirale-verticale","9":"first","10":"instock","11":"shipping-taxable","12":"product-type-simple"},"yoast_head":"<!-- This site is optimized with the Yoast SEO plugin v27.4 - https:\/\/yoast.com\/product\/yoast-seo-wordpress\/ -->\n<title>Contenu de la jauge avec deux sorties \u00e9lectriques - G \/ LL65 - Rochester Sensors<\/title>\n<meta name=\"robots\" content=\"index, follow, max-snippet:-1, max-image-preview:large, max-video-preview:-1\" \/>\n<link rel=\"canonical\" href=\"https:\/\/www.rochestersensors.co.uk\/fr\/produit\/contents-gauge-with-two-electrical-outputs-gll65-2-2\/\" \/>\n<meta property=\"og:locale\" content=\"fr_FR\" \/>\n<meta property=\"og:type\" content=\"article\" \/>\n<meta property=\"og:title\" content=\"Contenu de la jauge avec deux sorties \u00e9lectriques - G \/ LL65 - Rochester Sensors\" \/>\n<meta property=\"og:description\" content=\"La jauge \u00e0 spirale verticale G\/LL65 est une jauge de niveau de liquide \u00e0 commande m\u00e9canique avec affichage local et deux sorties \u00e9lectriques. Ces sorties peuvent \u00eatre connect\u00e9es \u00e0 un contr\u00f4leur ou \u00e0 un indicateur de niveau \u00e0 distance type: Une r\u00e9sistance variable proportionnelle au...\" \/>\n<meta property=\"og:url\" content=\"https:\/\/www.rochestersensors.co.uk\/fr\/produit\/contents-gauge-with-two-electrical-outputs-gll65-2-2\/\" \/>\n<meta property=\"og:site_name\" content=\"Rochester Sensors\" \/>\n<meta property=\"article:modified_time\" content=\"2020-12-07T16:56:39+00:00\" \/>\n<meta property=\"og:image\" content=\"https:\/\/www.rochestersensors.co.uk\/wp-content\/uploads\/2016\/01\/GLL65-Tilt-no-backgroundSQ.jpg\" \/>\n\t<meta property=\"og:image:width\" content=\"875\" \/>\n\t<meta property=\"og:image:height\" content=\"875\" \/>\n\t<meta property=\"og:image:type\" content=\"image\/jpeg\" \/>\n<script type=\"application\/ld+json\" class=\"yoast-schema-graph\">{\"@context\":\"https:\\\/\\\/schema.org\",\"@graph\":[{\"@type\":\"WebPage\",\"@id\":\"https:\\\/\\\/www.rochestersensors.co.uk\\\/fr\\\/produit\\\/contents-gauge-with-two-electrical-outputs-gll65-2-2\\\/\",\"url\":\"https:\\\/\\\/www.rochestersensors.co.uk\\\/fr\\\/produit\\\/contents-gauge-with-two-electrical-outputs-gll65-2-2\\\/\",\"name\":\"Contenu de la jauge avec deux sorties \u00e9lectriques - G \\\/ LL65 - Rochester Sensors\",\"isPartOf\":{\"@id\":\"https:\\\/\\\/www.rochestersensors.co.uk\\\/fr\\\/#website\"},\"primaryImageOfPage\":{\"@id\":\"https:\\\/\\\/www.rochestersensors.co.uk\\\/fr\\\/produit\\\/contents-gauge-with-two-electrical-outputs-gll65-2-2\\\/#primaryimage\"},\"image\":{\"@id\":\"https:\\\/\\\/www.rochestersensors.co.uk\\\/fr\\\/produit\\\/contents-gauge-with-two-electrical-outputs-gll65-2-2\\\/#primaryimage\"},\"thumbnailUrl\":\"https:\\\/\\\/www.rochestersensors.co.uk\\\/wp-content\\\/uploads\\\/2016\\\/01\\\/GLL65-Tilt-no-backgroundSQ.jpg\",\"datePublished\":\"2014-09-18T11:07:24+00:00\",\"dateModified\":\"2020-12-07T16:56:39+00:00\",\"breadcrumb\":{\"@id\":\"https:\\\/\\\/www.rochestersensors.co.uk\\\/fr\\\/produit\\\/contents-gauge-with-two-electrical-outputs-gll65-2-2\\\/#breadcrumb\"},\"inLanguage\":\"fr-FR\",\"potentialAction\":[{\"@type\":\"ReadAction\",\"target\":[\"https:\\\/\\\/www.rochestersensors.co.uk\\\/fr\\\/produit\\\/contents-gauge-with-two-electrical-outputs-gll65-2-2\\\/\"]}]},{\"@type\":\"ImageObject\",\"inLanguage\":\"fr-FR\",\"@id\":\"https:\\\/\\\/www.rochestersensors.co.uk\\\/fr\\\/produit\\\/contents-gauge-with-two-electrical-outputs-gll65-2-2\\\/#primaryimage\",\"url\":\"https:\\\/\\\/www.rochestersensors.co.uk\\\/wp-content\\\/uploads\\\/2016\\\/01\\\/GLL65-Tilt-no-backgroundSQ.jpg\",\"contentUrl\":\"https:\\\/\\\/www.rochestersensors.co.uk\\\/wp-content\\\/uploads\\\/2016\\\/01\\\/GLL65-Tilt-no-backgroundSQ.jpg\",\"width\":875,\"height\":875,\"caption\":\"GLL65 Jauge de contenu avec deux sorties \u00e9lectriques\"},{\"@type\":\"BreadcrumbList\",\"@id\":\"https:\\\/\\\/www.rochestersensors.co.uk\\\/fr\\\/produit\\\/contents-gauge-with-two-electrical-outputs-gll65-2-2\\\/#breadcrumb\",\"itemListElement\":[{\"@type\":\"ListItem\",\"position\":1,\"name\":\"Home\",\"item\":\"https:\\\/\\\/www.rochestersensors.co.uk\\\/fr\\\/\"},{\"@type\":\"ListItem\",\"position\":2,\"name\":\"Produits\",\"item\":\"https:\\\/\\\/www.rochestersensors.co.uk\\\/fr\\\/produits\\\/\"},{\"@type\":\"ListItem\",\"position\":3,\"name\":\"Contenu de la jauge avec deux sorties \u00e9lectriques &#8211; G \\\/ LL65\"}]},{\"@type\":\"WebSite\",\"@id\":\"https:\\\/\\\/www.rochestersensors.co.uk\\\/fr\\\/#website\",\"url\":\"https:\\\/\\\/www.rochestersensors.co.uk\\\/fr\\\/\",\"name\":\"Rochester Sensors\",\"description\":\"We design and manufacture a wide range of liquid level, fuel level, pressure, temperature control and monitoring equipment to customers across the world.\",\"potentialAction\":[{\"@type\":\"SearchAction\",\"target\":{\"@type\":\"EntryPoint\",\"urlTemplate\":\"https:\\\/\\\/www.rochestersensors.co.uk\\\/fr\\\/?s={search_term_string}\"},\"query-input\":{\"@type\":\"PropertyValueSpecification\",\"valueRequired\":true,\"valueName\":\"search_term_string\"}}],\"inLanguage\":\"fr-FR\"}]}<\/script>\n<!-- \/ Yoast SEO plugin. -->","yoast_head_json":{"title":"Contenu de la jauge avec deux sorties \u00e9lectriques - G \/ LL65 - Rochester Sensors","robots":{"index":"index","follow":"follow","max-snippet":"max-snippet:-1","max-image-preview":"max-image-preview:large","max-video-preview":"max-video-preview:-1"},"canonical":"https:\/\/www.rochestersensors.co.uk\/fr\/produit\/contents-gauge-with-two-electrical-outputs-gll65-2-2\/","og_locale":"fr_FR","og_type":"article","og_title":"Contenu de la jauge avec deux sorties \u00e9lectriques - G \/ LL65 - Rochester Sensors","og_description":"La jauge \u00e0 spirale verticale G\/LL65 est une jauge de niveau de liquide \u00e0 commande m\u00e9canique avec affichage local et deux sorties \u00e9lectriques. Ces sorties peuvent \u00eatre connect\u00e9es \u00e0 un contr\u00f4leur ou \u00e0 un indicateur de niveau \u00e0 distance type: Une r\u00e9sistance variable proportionnelle au...","og_url":"https:\/\/www.rochestersensors.co.uk\/fr\/produit\/contents-gauge-with-two-electrical-outputs-gll65-2-2\/","og_site_name":"Rochester Sensors","article_modified_time":"2020-12-07T16:56:39+00:00","og_image":[{"width":875,"height":875,"url":"https:\/\/www.rochestersensors.co.uk\/wp-content\/uploads\/2016\/01\/GLL65-Tilt-no-backgroundSQ.jpg","type":"image\/jpeg"}],"schema":{"@context":"https:\/\/schema.org","@graph":[{"@type":"WebPage","@id":"https:\/\/www.rochestersensors.co.uk\/fr\/produit\/contents-gauge-with-two-electrical-outputs-gll65-2-2\/","url":"https:\/\/www.rochestersensors.co.uk\/fr\/produit\/contents-gauge-with-two-electrical-outputs-gll65-2-2\/","name":"Contenu de la jauge avec deux sorties \u00e9lectriques - G \/ LL65 - Rochester Sensors","isPartOf":{"@id":"https:\/\/www.rochestersensors.co.uk\/fr\/#website"},"primaryImageOfPage":{"@id":"https:\/\/www.rochestersensors.co.uk\/fr\/produit\/contents-gauge-with-two-electrical-outputs-gll65-2-2\/#primaryimage"},"image":{"@id":"https:\/\/www.rochestersensors.co.uk\/fr\/produit\/contents-gauge-with-two-electrical-outputs-gll65-2-2\/#primaryimage"},"thumbnailUrl":"https:\/\/www.rochestersensors.co.uk\/wp-content\/uploads\/2016\/01\/GLL65-Tilt-no-backgroundSQ.jpg","datePublished":"2014-09-18T11:07:24+00:00","dateModified":"2020-12-07T16:56:39+00:00","breadcrumb":{"@id":"https:\/\/www.rochestersensors.co.uk\/fr\/produit\/contents-gauge-with-two-electrical-outputs-gll65-2-2\/#breadcrumb"},"inLanguage":"fr-FR","potentialAction":[{"@type":"ReadAction","target":["https:\/\/www.rochestersensors.co.uk\/fr\/produit\/contents-gauge-with-two-electrical-outputs-gll65-2-2\/"]}]},{"@type":"ImageObject","inLanguage":"fr-FR","@id":"https:\/\/www.rochestersensors.co.uk\/fr\/produit\/contents-gauge-with-two-electrical-outputs-gll65-2-2\/#primaryimage","url":"https:\/\/www.rochestersensors.co.uk\/wp-content\/uploads\/2016\/01\/GLL65-Tilt-no-backgroundSQ.jpg","contentUrl":"https:\/\/www.rochestersensors.co.uk\/wp-content\/uploads\/2016\/01\/GLL65-Tilt-no-backgroundSQ.jpg","width":875,"height":875,"caption":"GLL65 Jauge de contenu avec deux sorties \u00e9lectriques"},{"@type":"BreadcrumbList","@id":"https:\/\/www.rochestersensors.co.uk\/fr\/produit\/contents-gauge-with-two-electrical-outputs-gll65-2-2\/#breadcrumb","itemListElement":[{"@type":"ListItem","position":1,"name":"Home","item":"https:\/\/www.rochestersensors.co.uk\/fr\/"},{"@type":"ListItem","position":2,"name":"Produits","item":"https:\/\/www.rochestersensors.co.uk\/fr\/produits\/"},{"@type":"ListItem","position":3,"name":"Contenu de la jauge avec deux sorties \u00e9lectriques &#8211; G \/ LL65"}]},{"@type":"WebSite","@id":"https:\/\/www.rochestersensors.co.uk\/fr\/#website","url":"https:\/\/www.rochestersensors.co.uk\/fr\/","name":"Rochester Sensors","description":"We design and manufacture a wide range of liquid level, fuel level, pressure, temperature control and monitoring equipment to customers across the world.","potentialAction":[{"@type":"SearchAction","target":{"@type":"EntryPoint","urlTemplate":"https:\/\/www.rochestersensors.co.uk\/fr\/?s={search_term_string}"},"query-input":{"@type":"PropertyValueSpecification","valueRequired":true,"valueName":"search_term_string"}}],"inLanguage":"fr-FR"}]}},"_links":{"self":[{"href":"https:\/\/www.rochestersensors.co.uk\/fr\/wp-json\/wp\/v2\/product\/9186","targetHints":{"allow":["GET"]}}],"collection":[{"href":"https:\/\/www.rochestersensors.co.uk\/fr\/wp-json\/wp\/v2\/product"}],"about":[{"href":"https:\/\/www.rochestersensors.co.uk\/fr\/wp-json\/wp\/v2\/types\/product"}],"wp:featuredmedia":[{"embeddable":true,"href":"https:\/\/www.rochestersensors.co.uk\/fr\/wp-json\/wp\/v2\/media\/7711"}],"wp:attachment":[{"href":"https:\/\/www.rochestersensors.co.uk\/fr\/wp-json\/wp\/v2\/media?parent=9186"}],"wp:term":[{"taxonomy":"product_brand","embeddable":true,"href":"https:\/\/www.rochestersensors.co.uk\/fr\/wp-json\/wp\/v2\/product_brand?post=9186"},{"taxonomy":"product_cat","embeddable":true,"href":"https:\/\/www.rochestersensors.co.uk\/fr\/wp-json\/wp\/v2\/product_cat?post=9186"},{"taxonomy":"product_tag","embeddable":true,"href":"https:\/\/www.rochestersensors.co.uk\/fr\/wp-json\/wp\/v2\/product_tag?post=9186"}],"curies":[{"name":"wp","href":"https:\/\/api.w.org\/{rel}","templated":true}]}}