{"id":9176,"date":"2014-09-18T13:13:59","date_gmt":"2014-09-18T13:13:59","guid":{"rendered":"https:\/\/www.rochestersensors.co.uk\/product\/capteur-de-niveau-de-liquide-capacitif-t-ll130\/"},"modified":"2020-12-07T16:47:12","modified_gmt":"2020-12-07T16:47:12","slug":"capteur-capacitance-niveau-liquide-tll130","status":"publish","type":"product","link":"https:\/\/www.rochestersensors.co.uk\/fr\/produit\/capteur-capacitance-niveau-liquide-tll130\/","title":{"rendered":"Capteur de niveau de liquide capacitif &#8211; T \/ LL130"},"content":{"rendered":"<p>Un capteur de niveau de liquide pour la mesure en continu de la sortie du r\u00e9servoir, soit en format r\u00e9sistance, soit en format tension. Disponible pour des profondeurs de r\u00e9servoir entre 200 mm et 2 000 mm, il peut \u00eatre utilis\u00e9 dans tous les liquides compatibles avec les parties mouill\u00e9es.<\/p>\n","protected":false},"excerpt":{"rendered":"<p>La s\u00e9rie T\/LL130 est con\u00e7ue pour une utilisation dans les r\u00e9servoirs d&rsquo;eau, de liquide de refroidissement ou de carburant\/huile et offre une sortie r\u00e9sistive ou tension variable r\u00e9gl\u00e9e en usine, adapt\u00e9e \u00e0 la commande des jauges de carburant standard ou \u00e0 la connexion d\u2019automates programmables.<\/p>\n<p>L&rsquo;appareil ne compte aucune pi\u00e8ce mobile susceptible de coller ou de s\u2019user. Il peut \u00eatre mont\u00e9 \u00e0 n&rsquo;importe quel angle au-dessus de l&rsquo;horizontale tant qu&rsquo;il couvre toute la profondeur du r\u00e9servoir (l&rsquo;appareil ne peut pas \u00eatre invers\u00e9). Une fonction de calibrage manuel est disponible en option<\/p>\n","protected":false},"featured_media":7701,"template":"","meta":{"_monsterinsights_skip_tracking":false,"_monsterinsights_sitenote_active":false,"_monsterinsights_sitenote_note":"","_monsterinsights_sitenote_category":0},"product_brand":[],"product_cat":[144,145],"product_tag":[],"class_list":{"0":"post-9176","1":"product","2":"type-product","3":"status-publish","4":"has-post-thumbnail","6":"product_cat-capteurs-electroniques-de-niveau-de-liquide","7":"product_cat-capteurs-de-niveau-de-carburant","9":"first","10":"instock","11":"shipping-taxable","12":"product-type-simple"},"yoast_head":"<!-- This site is optimized with the Yoast SEO plugin v27.3 - https:\/\/yoast.com\/product\/yoast-seo-wordpress\/ -->\n<title>Capteur de niveau de liquide capacitif - T \/ LL130 - Rochester Sensors<\/title>\n<meta name=\"robots\" content=\"index, follow, max-snippet:-1, max-image-preview:large, max-video-preview:-1\" \/>\n<link rel=\"canonical\" href=\"https:\/\/www.rochestersensors.co.uk\/fr\/produit\/capteur-capacitance-niveau-liquide-tll130\/\" \/>\n<meta property=\"og:locale\" content=\"fr_FR\" \/>\n<meta property=\"og:type\" content=\"article\" \/>\n<meta property=\"og:title\" content=\"Capteur de niveau de liquide capacitif - T \/ LL130 - Rochester Sensors\" \/>\n<meta property=\"og:description\" content=\"La s\u00e9rie T\/LL130 est con\u00e7ue pour une utilisation dans les r\u00e9servoirs d&#039;eau, de liquide de refroidissement ou de carburant\/huile et offre une sortie r\u00e9sistive ou tension variable r\u00e9gl\u00e9e en usine, adapt\u00e9e \u00e0 la commande des jauges de carburant standard ou \u00e0 la connexion d\u2019automates programmables.  L&#039;appareil ne compte aucune pi\u00e8ce mobile susceptible de coller ou de s\u2019user. Il peut \u00eatre mont\u00e9 \u00e0 n&#039;importe quel angle au-dessus de l&#039;horizontale tant qu&#039;il couvre toute la profondeur du r\u00e9servoir (l&#039;appareil ne peut pas \u00eatre invers\u00e9). Une fonction de calibrage manuel est disponible en option\" \/>\n<meta property=\"og:url\" content=\"https:\/\/www.rochestersensors.co.uk\/fr\/produit\/capteur-capacitance-niveau-liquide-tll130\/\" \/>\n<meta property=\"og:site_name\" content=\"Rochester Sensors\" \/>\n<meta property=\"article:modified_time\" content=\"2020-12-07T16:47:12+00:00\" \/>\n<meta property=\"og:image\" content=\"https:\/\/www.rochestersensors.co.uk\/wp-content\/uploads\/2016\/01\/TLL130-in-liquid.jpg\" \/>\n\t<meta property=\"og:image:width\" content=\"875\" \/>\n\t<meta property=\"og:image:height\" content=\"875\" \/>\n\t<meta property=\"og:image:type\" content=\"image\/jpeg\" \/>\n<script type=\"application\/ld+json\" class=\"yoast-schema-graph\">{\"@context\":\"https:\\\/\\\/schema.org\",\"@graph\":[{\"@type\":\"WebPage\",\"@id\":\"https:\\\/\\\/www.rochestersensors.co.uk\\\/fr\\\/produit\\\/capteur-capacitance-niveau-liquide-tll130\\\/\",\"url\":\"https:\\\/\\\/www.rochestersensors.co.uk\\\/fr\\\/produit\\\/capteur-capacitance-niveau-liquide-tll130\\\/\",\"name\":\"Capteur de niveau de liquide capacitif - T \\\/ LL130 - Rochester Sensors\",\"isPartOf\":{\"@id\":\"https:\\\/\\\/www.rochestersensors.co.uk\\\/fr\\\/#website\"},\"primaryImageOfPage\":{\"@id\":\"https:\\\/\\\/www.rochestersensors.co.uk\\\/fr\\\/produit\\\/capteur-capacitance-niveau-liquide-tll130\\\/#primaryimage\"},\"image\":{\"@id\":\"https:\\\/\\\/www.rochestersensors.co.uk\\\/fr\\\/produit\\\/capteur-capacitance-niveau-liquide-tll130\\\/#primaryimage\"},\"thumbnailUrl\":\"https:\\\/\\\/www.rochestersensors.co.uk\\\/wp-content\\\/uploads\\\/2016\\\/01\\\/TLL130-in-liquid.jpg\",\"datePublished\":\"2014-09-18T13:13:59+00:00\",\"dateModified\":\"2020-12-07T16:47:12+00:00\",\"breadcrumb\":{\"@id\":\"https:\\\/\\\/www.rochestersensors.co.uk\\\/fr\\\/produit\\\/capteur-capacitance-niveau-liquide-tll130\\\/#breadcrumb\"},\"inLanguage\":\"fr-FR\",\"potentialAction\":[{\"@type\":\"ReadAction\",\"target\":[\"https:\\\/\\\/www.rochestersensors.co.uk\\\/fr\\\/produit\\\/capteur-capacitance-niveau-liquide-tll130\\\/\"]}]},{\"@type\":\"ImageObject\",\"inLanguage\":\"fr-FR\",\"@id\":\"https:\\\/\\\/www.rochestersensors.co.uk\\\/fr\\\/produit\\\/capteur-capacitance-niveau-liquide-tll130\\\/#primaryimage\",\"url\":\"https:\\\/\\\/www.rochestersensors.co.uk\\\/wp-content\\\/uploads\\\/2016\\\/01\\\/TLL130-in-liquid.jpg\",\"contentUrl\":\"https:\\\/\\\/www.rochestersensors.co.uk\\\/wp-content\\\/uploads\\\/2016\\\/01\\\/TLL130-in-liquid.jpg\",\"width\":875,\"height\":875,\"caption\":\"Capteur de niveau de liquide T \\\/ LL130 dans le liquide\"},{\"@type\":\"BreadcrumbList\",\"@id\":\"https:\\\/\\\/www.rochestersensors.co.uk\\\/fr\\\/produit\\\/capteur-capacitance-niveau-liquide-tll130\\\/#breadcrumb\",\"itemListElement\":[{\"@type\":\"ListItem\",\"position\":1,\"name\":\"Home\",\"item\":\"https:\\\/\\\/www.rochestersensors.co.uk\\\/fr\\\/\"},{\"@type\":\"ListItem\",\"position\":2,\"name\":\"Produits\",\"item\":\"https:\\\/\\\/www.rochestersensors.co.uk\\\/fr\\\/produits\\\/\"},{\"@type\":\"ListItem\",\"position\":3,\"name\":\"Capteur de niveau de liquide capacitif &#8211; T \\\/ LL130\"}]},{\"@type\":\"WebSite\",\"@id\":\"https:\\\/\\\/www.rochestersensors.co.uk\\\/fr\\\/#website\",\"url\":\"https:\\\/\\\/www.rochestersensors.co.uk\\\/fr\\\/\",\"name\":\"Rochester Sensors\",\"description\":\"We design and manufacture a wide range of liquid level, fuel level, pressure, temperature control and monitoring equipment to customers across the world.\",\"potentialAction\":[{\"@type\":\"SearchAction\",\"target\":{\"@type\":\"EntryPoint\",\"urlTemplate\":\"https:\\\/\\\/www.rochestersensors.co.uk\\\/fr\\\/?s={search_term_string}\"},\"query-input\":{\"@type\":\"PropertyValueSpecification\",\"valueRequired\":true,\"valueName\":\"search_term_string\"}}],\"inLanguage\":\"fr-FR\"}]}<\/script>\n<!-- \/ Yoast SEO plugin. -->","yoast_head_json":{"title":"Capteur de niveau de liquide capacitif - T \/ LL130 - Rochester Sensors","robots":{"index":"index","follow":"follow","max-snippet":"max-snippet:-1","max-image-preview":"max-image-preview:large","max-video-preview":"max-video-preview:-1"},"canonical":"https:\/\/www.rochestersensors.co.uk\/fr\/produit\/capteur-capacitance-niveau-liquide-tll130\/","og_locale":"fr_FR","og_type":"article","og_title":"Capteur de niveau de liquide capacitif - T \/ LL130 - Rochester Sensors","og_description":"La s\u00e9rie T\/LL130 est con\u00e7ue pour une utilisation dans les r\u00e9servoirs d'eau, de liquide de refroidissement ou de carburant\/huile et offre une sortie r\u00e9sistive ou tension variable r\u00e9gl\u00e9e en usine, adapt\u00e9e \u00e0 la commande des jauges de carburant standard ou \u00e0 la connexion d\u2019automates programmables.  L'appareil ne compte aucune pi\u00e8ce mobile susceptible de coller ou de s\u2019user. Il peut \u00eatre mont\u00e9 \u00e0 n'importe quel angle au-dessus de l'horizontale tant qu'il couvre toute la profondeur du r\u00e9servoir (l'appareil ne peut pas \u00eatre invers\u00e9). Une fonction de calibrage manuel est disponible en option","og_url":"https:\/\/www.rochestersensors.co.uk\/fr\/produit\/capteur-capacitance-niveau-liquide-tll130\/","og_site_name":"Rochester Sensors","article_modified_time":"2020-12-07T16:47:12+00:00","og_image":[{"width":875,"height":875,"url":"https:\/\/www.rochestersensors.co.uk\/wp-content\/uploads\/2016\/01\/TLL130-in-liquid.jpg","type":"image\/jpeg"}],"schema":{"@context":"https:\/\/schema.org","@graph":[{"@type":"WebPage","@id":"https:\/\/www.rochestersensors.co.uk\/fr\/produit\/capteur-capacitance-niveau-liquide-tll130\/","url":"https:\/\/www.rochestersensors.co.uk\/fr\/produit\/capteur-capacitance-niveau-liquide-tll130\/","name":"Capteur de niveau de liquide capacitif - T \/ LL130 - Rochester Sensors","isPartOf":{"@id":"https:\/\/www.rochestersensors.co.uk\/fr\/#website"},"primaryImageOfPage":{"@id":"https:\/\/www.rochestersensors.co.uk\/fr\/produit\/capteur-capacitance-niveau-liquide-tll130\/#primaryimage"},"image":{"@id":"https:\/\/www.rochestersensors.co.uk\/fr\/produit\/capteur-capacitance-niveau-liquide-tll130\/#primaryimage"},"thumbnailUrl":"https:\/\/www.rochestersensors.co.uk\/wp-content\/uploads\/2016\/01\/TLL130-in-liquid.jpg","datePublished":"2014-09-18T13:13:59+00:00","dateModified":"2020-12-07T16:47:12+00:00","breadcrumb":{"@id":"https:\/\/www.rochestersensors.co.uk\/fr\/produit\/capteur-capacitance-niveau-liquide-tll130\/#breadcrumb"},"inLanguage":"fr-FR","potentialAction":[{"@type":"ReadAction","target":["https:\/\/www.rochestersensors.co.uk\/fr\/produit\/capteur-capacitance-niveau-liquide-tll130\/"]}]},{"@type":"ImageObject","inLanguage":"fr-FR","@id":"https:\/\/www.rochestersensors.co.uk\/fr\/produit\/capteur-capacitance-niveau-liquide-tll130\/#primaryimage","url":"https:\/\/www.rochestersensors.co.uk\/wp-content\/uploads\/2016\/01\/TLL130-in-liquid.jpg","contentUrl":"https:\/\/www.rochestersensors.co.uk\/wp-content\/uploads\/2016\/01\/TLL130-in-liquid.jpg","width":875,"height":875,"caption":"Capteur de niveau de liquide T \/ LL130 dans le liquide"},{"@type":"BreadcrumbList","@id":"https:\/\/www.rochestersensors.co.uk\/fr\/produit\/capteur-capacitance-niveau-liquide-tll130\/#breadcrumb","itemListElement":[{"@type":"ListItem","position":1,"name":"Home","item":"https:\/\/www.rochestersensors.co.uk\/fr\/"},{"@type":"ListItem","position":2,"name":"Produits","item":"https:\/\/www.rochestersensors.co.uk\/fr\/produits\/"},{"@type":"ListItem","position":3,"name":"Capteur de niveau de liquide capacitif &#8211; T \/ LL130"}]},{"@type":"WebSite","@id":"https:\/\/www.rochestersensors.co.uk\/fr\/#website","url":"https:\/\/www.rochestersensors.co.uk\/fr\/","name":"Rochester Sensors","description":"We design and manufacture a wide range of liquid level, fuel level, pressure, temperature control and monitoring equipment to customers across the world.","potentialAction":[{"@type":"SearchAction","target":{"@type":"EntryPoint","urlTemplate":"https:\/\/www.rochestersensors.co.uk\/fr\/?s={search_term_string}"},"query-input":{"@type":"PropertyValueSpecification","valueRequired":true,"valueName":"search_term_string"}}],"inLanguage":"fr-FR"}]}},"_links":{"self":[{"href":"https:\/\/www.rochestersensors.co.uk\/fr\/wp-json\/wp\/v2\/product\/9176","targetHints":{"allow":["GET"]}}],"collection":[{"href":"https:\/\/www.rochestersensors.co.uk\/fr\/wp-json\/wp\/v2\/product"}],"about":[{"href":"https:\/\/www.rochestersensors.co.uk\/fr\/wp-json\/wp\/v2\/types\/product"}],"wp:featuredmedia":[{"embeddable":true,"href":"https:\/\/www.rochestersensors.co.uk\/fr\/wp-json\/wp\/v2\/media\/7701"}],"wp:attachment":[{"href":"https:\/\/www.rochestersensors.co.uk\/fr\/wp-json\/wp\/v2\/media?parent=9176"}],"wp:term":[{"taxonomy":"product_brand","embeddable":true,"href":"https:\/\/www.rochestersensors.co.uk\/fr\/wp-json\/wp\/v2\/product_brand?post=9176"},{"taxonomy":"product_cat","embeddable":true,"href":"https:\/\/www.rochestersensors.co.uk\/fr\/wp-json\/wp\/v2\/product_cat?post=9176"},{"taxonomy":"product_tag","embeddable":true,"href":"https:\/\/www.rochestersensors.co.uk\/fr\/wp-json\/wp\/v2\/product_tag?post=9176"}],"curies":[{"name":"wp","href":"https:\/\/api.w.org\/{rel}","templated":true}]}}