{"id":9136,"date":"2016-04-29T15:34:13","date_gmt":"2016-04-29T15:34:13","guid":{"rendered":"https:\/\/www.rochestersensors.co.uk\/product\/capteur-de-niveau-dhuile-a-plage-de-temperature-etendue-t-ll400\/"},"modified":"2020-12-07T16:28:47","modified_gmt":"2020-12-07T16:28:47","slug":"tll400-sonde-de-niveau-dhuile-plage-de-temperature-etendue","status":"publish","type":"product","link":"https:\/\/www.rochestersensors.co.uk\/fr\/produit\/tll400-sonde-de-niveau-dhuile-plage-de-temperature-etendue\/","title":{"rendered":"CAPTEUR DE NIVEAU D&rsquo;HUILE \u00c0 PLAGE DE TEMP\u00c9RATURE \u00c9TENDUE T\/LL400"},"content":{"rendered":"<p>Le T\/LL400 est un capteur \u00e0 montage vertical, con\u00e7u pour \u00eatre utilis\u00e9 dans les huiles de moteur, de transmission et hydrauliques. Occupant une empreinte minuscule, le capteur est disponible entre 80 et 300 mm de longueur. Offrant de bons niveaux de pr\u00e9cision \u00e0 temp\u00e9rature \u00e9lev\u00e9e, le T\/LL400 est disponible avec un connecteur int\u00e9gr\u00e9 de style Packard ou un c\u00e2ble volant \u00e9quip\u00e9 du connecteur \u00e9lectrique appropri\u00e9 de votre choix.<\/p>\n","protected":false},"excerpt":{"rendered":"<p>Le capteur de niveau d&rsquo;huile T\/LL400 est un capteur capacitif avanc\u00e9 qui surveille en permanence le niveau d&rsquo;huile en fournissant une sortie tension configurable dans la plage 0-10 VCC.<br \/>\nCompact et robuste, ce capteur est con\u00e7u pour fournir des donn\u00e9es de niveau d\u2019huile pr\u00e9cises et r\u00e9p\u00e9tables, \u00e0 faible profondeur et dans une plage de temp\u00e9rature \u00e9tendue, notamment dans les puisards et les r\u00e9servoirs d&rsquo;huile moteur.<\/p>\n","protected":false},"featured_media":9137,"template":"","meta":{"_monsterinsights_skip_tracking":false,"_monsterinsights_sitenote_active":false,"_monsterinsights_sitenote_note":"","_monsterinsights_sitenote_category":0},"product_brand":[],"product_cat":[144,145],"product_tag":[],"class_list":{"0":"post-9136","1":"product","2":"type-product","3":"status-publish","4":"has-post-thumbnail","6":"product_cat-capteurs-electroniques-de-niveau-de-liquide","7":"product_cat-capteurs-de-niveau-de-carburant","9":"first","10":"instock","11":"shipping-taxable","12":"product-type-simple"},"yoast_head":"<!-- This site is optimized with the Yoast SEO plugin v27.3 - https:\/\/yoast.com\/product\/yoast-seo-wordpress\/ -->\n<title>CAPTEUR DE NIVEAU D&#039;HUILE \u00c0 PLAGE DE TEMP\u00c9RATURE \u00c9TENDUE T\/LL400 - Rochester Sensors<\/title>\n<meta name=\"robots\" content=\"index, follow, max-snippet:-1, max-image-preview:large, max-video-preview:-1\" \/>\n<link rel=\"canonical\" href=\"https:\/\/www.rochestersensors.co.uk\/fr\/produit\/tll400-sonde-de-niveau-dhuile-plage-de-temperature-etendue\/\" \/>\n<meta property=\"og:locale\" content=\"fr_FR\" \/>\n<meta property=\"og:type\" content=\"article\" \/>\n<meta property=\"og:title\" content=\"CAPTEUR DE NIVEAU D&#039;HUILE \u00c0 PLAGE DE TEMP\u00c9RATURE \u00c9TENDUE T\/LL400 - Rochester Sensors\" \/>\n<meta property=\"og:description\" content=\"Le capteur de niveau d&#039;huile T\/LL400 est un capteur capacitif avanc\u00e9 qui surveille en permanence le niveau d&#039;huile en fournissant une sortie tension configurable dans la plage 0-10 VCC. Compact et robuste, ce capteur est con\u00e7u pour fournir des donn\u00e9es de niveau d\u2019huile pr\u00e9cises et r\u00e9p\u00e9tables, \u00e0 faible profondeur et dans une plage de temp\u00e9rature \u00e9tendue, notamment dans les puisards et les r\u00e9servoirs d&#039;huile moteur.\" \/>\n<meta property=\"og:url\" content=\"https:\/\/www.rochestersensors.co.uk\/fr\/produit\/tll400-sonde-de-niveau-dhuile-plage-de-temperature-etendue\/\" \/>\n<meta property=\"og:site_name\" content=\"Rochester Sensors\" \/>\n<meta property=\"article:modified_time\" content=\"2020-12-07T16:28:47+00:00\" \/>\n<meta property=\"og:image\" content=\"https:\/\/www.rochestersensors.co.uk\/wp-content\/uploads\/2016\/04\/Oil-Level-Sensors-trans-500x500.jpg\" \/>\n\t<meta property=\"og:image:width\" content=\"500\" \/>\n\t<meta property=\"og:image:height\" content=\"500\" \/>\n\t<meta property=\"og:image:type\" content=\"image\/jpeg\" \/>\n<script type=\"application\/ld+json\" class=\"yoast-schema-graph\">{\"@context\":\"https:\\\/\\\/schema.org\",\"@graph\":[{\"@type\":\"WebPage\",\"@id\":\"https:\\\/\\\/www.rochestersensors.co.uk\\\/fr\\\/produit\\\/tll400-sonde-de-niveau-dhuile-plage-de-temperature-etendue\\\/\",\"url\":\"https:\\\/\\\/www.rochestersensors.co.uk\\\/fr\\\/produit\\\/tll400-sonde-de-niveau-dhuile-plage-de-temperature-etendue\\\/\",\"name\":\"CAPTEUR DE NIVEAU D'HUILE \u00c0 PLAGE DE TEMP\u00c9RATURE \u00c9TENDUE T\\\/LL400 - Rochester Sensors\",\"isPartOf\":{\"@id\":\"https:\\\/\\\/www.rochestersensors.co.uk\\\/fr\\\/#website\"},\"primaryImageOfPage\":{\"@id\":\"https:\\\/\\\/www.rochestersensors.co.uk\\\/fr\\\/produit\\\/tll400-sonde-de-niveau-dhuile-plage-de-temperature-etendue\\\/#primaryimage\"},\"image\":{\"@id\":\"https:\\\/\\\/www.rochestersensors.co.uk\\\/fr\\\/produit\\\/tll400-sonde-de-niveau-dhuile-plage-de-temperature-etendue\\\/#primaryimage\"},\"thumbnailUrl\":\"https:\\\/\\\/www.rochestersensors.co.uk\\\/wp-content\\\/uploads\\\/2016\\\/04\\\/Oil-Level-Sensors-trans-500x500.jpg\",\"datePublished\":\"2016-04-29T15:34:13+00:00\",\"dateModified\":\"2020-12-07T16:28:47+00:00\",\"breadcrumb\":{\"@id\":\"https:\\\/\\\/www.rochestersensors.co.uk\\\/fr\\\/produit\\\/tll400-sonde-de-niveau-dhuile-plage-de-temperature-etendue\\\/#breadcrumb\"},\"inLanguage\":\"fr-FR\",\"potentialAction\":[{\"@type\":\"ReadAction\",\"target\":[\"https:\\\/\\\/www.rochestersensors.co.uk\\\/fr\\\/produit\\\/tll400-sonde-de-niveau-dhuile-plage-de-temperature-etendue\\\/\"]}]},{\"@type\":\"ImageObject\",\"inLanguage\":\"fr-FR\",\"@id\":\"https:\\\/\\\/www.rochestersensors.co.uk\\\/fr\\\/produit\\\/tll400-sonde-de-niveau-dhuile-plage-de-temperature-etendue\\\/#primaryimage\",\"url\":\"https:\\\/\\\/www.rochestersensors.co.uk\\\/wp-content\\\/uploads\\\/2016\\\/04\\\/Oil-Level-Sensors-trans-500x500.jpg\",\"contentUrl\":\"https:\\\/\\\/www.rochestersensors.co.uk\\\/wp-content\\\/uploads\\\/2016\\\/04\\\/Oil-Level-Sensors-trans-500x500.jpg\",\"width\":500,\"height\":500,\"caption\":\"CAPTEUR DE NIVEAU D'HUILE \u00c0 PLAGE DE TEMP\u00c9RATURE \u00c9TENDUE T\\\/LL400\"},{\"@type\":\"BreadcrumbList\",\"@id\":\"https:\\\/\\\/www.rochestersensors.co.uk\\\/fr\\\/produit\\\/tll400-sonde-de-niveau-dhuile-plage-de-temperature-etendue\\\/#breadcrumb\",\"itemListElement\":[{\"@type\":\"ListItem\",\"position\":1,\"name\":\"Home\",\"item\":\"https:\\\/\\\/www.rochestersensors.co.uk\\\/fr\\\/\"},{\"@type\":\"ListItem\",\"position\":2,\"name\":\"Produits\",\"item\":\"https:\\\/\\\/www.rochestersensors.co.uk\\\/fr\\\/produits\\\/\"},{\"@type\":\"ListItem\",\"position\":3,\"name\":\"CAPTEUR DE NIVEAU D&#8217;HUILE \u00c0 PLAGE DE TEMP\u00c9RATURE \u00c9TENDUE T\\\/LL400\"}]},{\"@type\":\"WebSite\",\"@id\":\"https:\\\/\\\/www.rochestersensors.co.uk\\\/fr\\\/#website\",\"url\":\"https:\\\/\\\/www.rochestersensors.co.uk\\\/fr\\\/\",\"name\":\"Rochester Sensors\",\"description\":\"We design and manufacture a wide range of liquid level, fuel level, pressure, temperature control and monitoring equipment to customers across the world.\",\"potentialAction\":[{\"@type\":\"SearchAction\",\"target\":{\"@type\":\"EntryPoint\",\"urlTemplate\":\"https:\\\/\\\/www.rochestersensors.co.uk\\\/fr\\\/?s={search_term_string}\"},\"query-input\":{\"@type\":\"PropertyValueSpecification\",\"valueRequired\":true,\"valueName\":\"search_term_string\"}}],\"inLanguage\":\"fr-FR\"}]}<\/script>\n<!-- \/ Yoast SEO plugin. -->","yoast_head_json":{"title":"CAPTEUR DE NIVEAU D'HUILE \u00c0 PLAGE DE TEMP\u00c9RATURE \u00c9TENDUE T\/LL400 - Rochester Sensors","robots":{"index":"index","follow":"follow","max-snippet":"max-snippet:-1","max-image-preview":"max-image-preview:large","max-video-preview":"max-video-preview:-1"},"canonical":"https:\/\/www.rochestersensors.co.uk\/fr\/produit\/tll400-sonde-de-niveau-dhuile-plage-de-temperature-etendue\/","og_locale":"fr_FR","og_type":"article","og_title":"CAPTEUR DE NIVEAU D'HUILE \u00c0 PLAGE DE TEMP\u00c9RATURE \u00c9TENDUE T\/LL400 - Rochester Sensors","og_description":"Le capteur de niveau d'huile T\/LL400 est un capteur capacitif avanc\u00e9 qui surveille en permanence le niveau d'huile en fournissant une sortie tension configurable dans la plage 0-10 VCC. Compact et robuste, ce capteur est con\u00e7u pour fournir des donn\u00e9es de niveau d\u2019huile pr\u00e9cises et r\u00e9p\u00e9tables, \u00e0 faible profondeur et dans une plage de temp\u00e9rature \u00e9tendue, notamment dans les puisards et les r\u00e9servoirs d'huile moteur.","og_url":"https:\/\/www.rochestersensors.co.uk\/fr\/produit\/tll400-sonde-de-niveau-dhuile-plage-de-temperature-etendue\/","og_site_name":"Rochester Sensors","article_modified_time":"2020-12-07T16:28:47+00:00","og_image":[{"width":500,"height":500,"url":"https:\/\/www.rochestersensors.co.uk\/wp-content\/uploads\/2016\/04\/Oil-Level-Sensors-trans-500x500.jpg","type":"image\/jpeg"}],"schema":{"@context":"https:\/\/schema.org","@graph":[{"@type":"WebPage","@id":"https:\/\/www.rochestersensors.co.uk\/fr\/produit\/tll400-sonde-de-niveau-dhuile-plage-de-temperature-etendue\/","url":"https:\/\/www.rochestersensors.co.uk\/fr\/produit\/tll400-sonde-de-niveau-dhuile-plage-de-temperature-etendue\/","name":"CAPTEUR DE NIVEAU D'HUILE \u00c0 PLAGE DE TEMP\u00c9RATURE \u00c9TENDUE T\/LL400 - Rochester Sensors","isPartOf":{"@id":"https:\/\/www.rochestersensors.co.uk\/fr\/#website"},"primaryImageOfPage":{"@id":"https:\/\/www.rochestersensors.co.uk\/fr\/produit\/tll400-sonde-de-niveau-dhuile-plage-de-temperature-etendue\/#primaryimage"},"image":{"@id":"https:\/\/www.rochestersensors.co.uk\/fr\/produit\/tll400-sonde-de-niveau-dhuile-plage-de-temperature-etendue\/#primaryimage"},"thumbnailUrl":"https:\/\/www.rochestersensors.co.uk\/wp-content\/uploads\/2016\/04\/Oil-Level-Sensors-trans-500x500.jpg","datePublished":"2016-04-29T15:34:13+00:00","dateModified":"2020-12-07T16:28:47+00:00","breadcrumb":{"@id":"https:\/\/www.rochestersensors.co.uk\/fr\/produit\/tll400-sonde-de-niveau-dhuile-plage-de-temperature-etendue\/#breadcrumb"},"inLanguage":"fr-FR","potentialAction":[{"@type":"ReadAction","target":["https:\/\/www.rochestersensors.co.uk\/fr\/produit\/tll400-sonde-de-niveau-dhuile-plage-de-temperature-etendue\/"]}]},{"@type":"ImageObject","inLanguage":"fr-FR","@id":"https:\/\/www.rochestersensors.co.uk\/fr\/produit\/tll400-sonde-de-niveau-dhuile-plage-de-temperature-etendue\/#primaryimage","url":"https:\/\/www.rochestersensors.co.uk\/wp-content\/uploads\/2016\/04\/Oil-Level-Sensors-trans-500x500.jpg","contentUrl":"https:\/\/www.rochestersensors.co.uk\/wp-content\/uploads\/2016\/04\/Oil-Level-Sensors-trans-500x500.jpg","width":500,"height":500,"caption":"CAPTEUR DE NIVEAU D'HUILE \u00c0 PLAGE DE TEMP\u00c9RATURE \u00c9TENDUE T\/LL400"},{"@type":"BreadcrumbList","@id":"https:\/\/www.rochestersensors.co.uk\/fr\/produit\/tll400-sonde-de-niveau-dhuile-plage-de-temperature-etendue\/#breadcrumb","itemListElement":[{"@type":"ListItem","position":1,"name":"Home","item":"https:\/\/www.rochestersensors.co.uk\/fr\/"},{"@type":"ListItem","position":2,"name":"Produits","item":"https:\/\/www.rochestersensors.co.uk\/fr\/produits\/"},{"@type":"ListItem","position":3,"name":"CAPTEUR DE NIVEAU D&#8217;HUILE \u00c0 PLAGE DE TEMP\u00c9RATURE \u00c9TENDUE T\/LL400"}]},{"@type":"WebSite","@id":"https:\/\/www.rochestersensors.co.uk\/fr\/#website","url":"https:\/\/www.rochestersensors.co.uk\/fr\/","name":"Rochester Sensors","description":"We design and manufacture a wide range of liquid level, fuel level, pressure, temperature control and monitoring equipment to customers across the world.","potentialAction":[{"@type":"SearchAction","target":{"@type":"EntryPoint","urlTemplate":"https:\/\/www.rochestersensors.co.uk\/fr\/?s={search_term_string}"},"query-input":{"@type":"PropertyValueSpecification","valueRequired":true,"valueName":"search_term_string"}}],"inLanguage":"fr-FR"}]}},"_links":{"self":[{"href":"https:\/\/www.rochestersensors.co.uk\/fr\/wp-json\/wp\/v2\/product\/9136","targetHints":{"allow":["GET"]}}],"collection":[{"href":"https:\/\/www.rochestersensors.co.uk\/fr\/wp-json\/wp\/v2\/product"}],"about":[{"href":"https:\/\/www.rochestersensors.co.uk\/fr\/wp-json\/wp\/v2\/types\/product"}],"wp:featuredmedia":[{"embeddable":true,"href":"https:\/\/www.rochestersensors.co.uk\/fr\/wp-json\/wp\/v2\/media\/9137"}],"wp:attachment":[{"href":"https:\/\/www.rochestersensors.co.uk\/fr\/wp-json\/wp\/v2\/media?parent=9136"}],"wp:term":[{"taxonomy":"product_brand","embeddable":true,"href":"https:\/\/www.rochestersensors.co.uk\/fr\/wp-json\/wp\/v2\/product_brand?post=9136"},{"taxonomy":"product_cat","embeddable":true,"href":"https:\/\/www.rochestersensors.co.uk\/fr\/wp-json\/wp\/v2\/product_cat?post=9136"},{"taxonomy":"product_tag","embeddable":true,"href":"https:\/\/www.rochestersensors.co.uk\/fr\/wp-json\/wp\/v2\/product_tag?post=9136"}],"curies":[{"name":"wp","href":"https:\/\/api.w.org\/{rel}","templated":true}]}}