{"id":9111,"date":"2020-07-28T23:41:17","date_gmt":"2020-12-01T14:08:46","guid":{"rendered":"https:\/\/www.rochestersensors.co.uk\/product\/contacteur-de-niveau-dhuile-capacitif-s284-avec-connecteur-deutsch\/"},"modified":"2021-03-22T12:23:52","modified_gmt":"2021-03-22T12:23:52","slug":"s284-contacteur-niveau-dhuile-capacitance-avec-connecteur-deutsch","status":"publish","type":"product","link":"https:\/\/www.rochestersensors.co.uk\/fr\/produit\/s284-contacteur-niveau-dhuile-capacitance-avec-connecteur-deutsch\/","title":{"rendered":"CONTACTEUR DE NIVEAU D&rsquo;HUILE CAPACITIF S284 AVEC CONNECTEUR DEUTSCH"},"content":{"rendered":"<p>Le S284 est un contacteur capacitatif \u00e0 montage horizontal pour la d\u00e9tection des niveaux d\u2019huile. Equip\u00e9s d&rsquo;un connecteur Deutsch \u00e0 4 voies, tous les mod\u00e8les ont une temporisation programmable en usine pour r\u00e9duire le risque de commutation intermittente par turbulence liquide, ainsi qu\u2019une large gamme de sorties de commutation.<\/p>\n<p>Con\u00e7us pour une utilisation dans les huiles min\u00e9rales, g\u00e9n\u00e9ralement utilis\u00e9s dans les moteurs ou les actionneurs hydrauliques, compatible avec le laiton, le PTFE et le fluorosilicone FVMQ.<\/p>\n","protected":false},"excerpt":{"rendered":"<p>Le S284 est un dispositif actif con\u00e7u pour \u00e9mettre un signal d&rsquo;alarme lorsqu\u2019un liquide tombe en dessous ou passe au dessus d\u2019un seuil pr\u00e9d\u00e9fini. L\u2019ajout d\u2019un d\u00e9lai \u00e9limine les fausses alarmes dues aux turbulences.<br \/>\nContenant un microprocesseur programmable en usine, le contacteur offre des sorties de courant absorb\u00e9 vers la terre ou des sorties tension de source. Le large \u00e9ventail d&rsquo;options sp\u00e9cifiables par le client le rend adapt\u00e9 \u00e0 la plupart des applications. CAT\u00c9GORIES : Capteurs et contacteurs de mesure de niveau de liquide, Contacteurs \u00e9lectron<\/p>\n","protected":false},"featured_media":9112,"template":"","meta":{"_monsterinsights_skip_tracking":false,"_monsterinsights_sitenote_active":false,"_monsterinsights_sitenote_note":"","_monsterinsights_sitenote_category":0},"product_brand":[],"product_cat":[141,142],"product_tag":[],"class_list":{"0":"post-9111","1":"product","2":"type-product","3":"status-publish","4":"has-post-thumbnail","6":"product_cat-detecteurs-de-niveau-dhuile","7":"product_cat-contacteurs-electroniques-de-niveau-de-liquide","9":"first","10":"instock","11":"shipping-taxable","12":"product-type-simple"},"yoast_head":"<!-- This site is optimized with the Yoast SEO plugin v27.3 - https:\/\/yoast.com\/product\/yoast-seo-wordpress\/ -->\n<title>CONTACTEUR DE NIVEAU D&#039;HUILE CAPACITIF S284 AVEC CONNECTEUR DEUTSCH - Rochester Sensors<\/title>\n<meta name=\"robots\" content=\"index, follow, max-snippet:-1, max-image-preview:large, max-video-preview:-1\" \/>\n<link rel=\"canonical\" href=\"https:\/\/www.rochestersensors.co.uk\/fr\/produit\/s284-contacteur-niveau-dhuile-capacitance-avec-connecteur-deutsch\/\" \/>\n<meta property=\"og:locale\" content=\"fr_FR\" \/>\n<meta property=\"og:type\" content=\"article\" \/>\n<meta property=\"og:title\" content=\"CONTACTEUR DE NIVEAU D&#039;HUILE CAPACITIF S284 AVEC CONNECTEUR DEUTSCH - Rochester Sensors\" \/>\n<meta property=\"og:description\" content=\"Le S284 est un dispositif actif con\u00e7u pour \u00e9mettre un signal d&#039;alarme lorsqu\u2019un liquide tombe en dessous ou passe au dessus d\u2019un seuil pr\u00e9d\u00e9fini. L\u2019ajout d\u2019un d\u00e9lai \u00e9limine les fausses alarmes dues aux turbulences. Contenant un microprocesseur programmable en usine, le contacteur offre des sorties de courant absorb\u00e9 vers la terre ou des sorties tension de source. Le large \u00e9ventail d&#039;options sp\u00e9cifiables par le client le rend adapt\u00e9 \u00e0 la plupart des applications. CAT\u00c9GORIES : Capteurs et contacteurs de mesure de niveau de liquide, Contacteurs \u00e9lectron\" \/>\n<meta property=\"og:url\" content=\"https:\/\/www.rochestersensors.co.uk\/fr\/produit\/s284-contacteur-niveau-dhuile-capacitance-avec-connecteur-deutsch\/\" \/>\n<meta property=\"og:site_name\" content=\"Rochester Sensors\" \/>\n<meta property=\"article:modified_time\" content=\"2021-03-22T12:23:52+00:00\" \/>\n<meta property=\"og:image\" content=\"https:\/\/www.rochestersensors.co.uk\/wp-content\/uploads\/2020\/07\/S284_white-background_web.png\" \/>\n\t<meta property=\"og:image:width\" content=\"1000\" \/>\n\t<meta property=\"og:image:height\" content=\"1000\" \/>\n\t<meta property=\"og:image:type\" content=\"image\/png\" \/>\n<script type=\"application\/ld+json\" class=\"yoast-schema-graph\">{\"@context\":\"https:\\\/\\\/schema.org\",\"@graph\":[{\"@type\":\"WebPage\",\"@id\":\"https:\\\/\\\/www.rochestersensors.co.uk\\\/fr\\\/produit\\\/s284-contacteur-niveau-dhuile-capacitance-avec-connecteur-deutsch\\\/\",\"url\":\"https:\\\/\\\/www.rochestersensors.co.uk\\\/fr\\\/produit\\\/s284-contacteur-niveau-dhuile-capacitance-avec-connecteur-deutsch\\\/\",\"name\":\"CONTACTEUR DE NIVEAU D'HUILE CAPACITIF S284 AVEC CONNECTEUR DEUTSCH - Rochester Sensors\",\"isPartOf\":{\"@id\":\"https:\\\/\\\/www.rochestersensors.co.uk\\\/fr\\\/#website\"},\"primaryImageOfPage\":{\"@id\":\"https:\\\/\\\/www.rochestersensors.co.uk\\\/fr\\\/produit\\\/s284-contacteur-niveau-dhuile-capacitance-avec-connecteur-deutsch\\\/#primaryimage\"},\"image\":{\"@id\":\"https:\\\/\\\/www.rochestersensors.co.uk\\\/fr\\\/produit\\\/s284-contacteur-niveau-dhuile-capacitance-avec-connecteur-deutsch\\\/#primaryimage\"},\"thumbnailUrl\":\"https:\\\/\\\/www.rochestersensors.co.uk\\\/wp-content\\\/uploads\\\/2020\\\/07\\\/S284_white-background_web.png\",\"datePublished\":\"2020-12-01T14:08:46+00:00\",\"dateModified\":\"2021-03-22T12:23:52+00:00\",\"breadcrumb\":{\"@id\":\"https:\\\/\\\/www.rochestersensors.co.uk\\\/fr\\\/produit\\\/s284-contacteur-niveau-dhuile-capacitance-avec-connecteur-deutsch\\\/#breadcrumb\"},\"inLanguage\":\"fr-FR\",\"potentialAction\":[{\"@type\":\"ReadAction\",\"target\":[\"https:\\\/\\\/www.rochestersensors.co.uk\\\/fr\\\/produit\\\/s284-contacteur-niveau-dhuile-capacitance-avec-connecteur-deutsch\\\/\"]}]},{\"@type\":\"ImageObject\",\"inLanguage\":\"fr-FR\",\"@id\":\"https:\\\/\\\/www.rochestersensors.co.uk\\\/fr\\\/produit\\\/s284-contacteur-niveau-dhuile-capacitance-avec-connecteur-deutsch\\\/#primaryimage\",\"url\":\"https:\\\/\\\/www.rochestersensors.co.uk\\\/wp-content\\\/uploads\\\/2020\\\/07\\\/S284_white-background_web.png\",\"contentUrl\":\"https:\\\/\\\/www.rochestersensors.co.uk\\\/wp-content\\\/uploads\\\/2020\\\/07\\\/S284_white-background_web.png\",\"width\":1000,\"height\":1000,\"caption\":\"CONTACTEUR DE NIVEAU D'HUILE CAPACITIF S284 AVEC CONNECTEUR DEUTSCH\"},{\"@type\":\"BreadcrumbList\",\"@id\":\"https:\\\/\\\/www.rochestersensors.co.uk\\\/fr\\\/produit\\\/s284-contacteur-niveau-dhuile-capacitance-avec-connecteur-deutsch\\\/#breadcrumb\",\"itemListElement\":[{\"@type\":\"ListItem\",\"position\":1,\"name\":\"Home\",\"item\":\"https:\\\/\\\/www.rochestersensors.co.uk\\\/fr\\\/\"},{\"@type\":\"ListItem\",\"position\":2,\"name\":\"Produits\",\"item\":\"https:\\\/\\\/www.rochestersensors.co.uk\\\/fr\\\/produits\\\/\"},{\"@type\":\"ListItem\",\"position\":3,\"name\":\"CONTACTEUR DE NIVEAU D&rsquo;HUILE CAPACITIF S284 AVEC CONNECTEUR DEUTSCH\"}]},{\"@type\":\"WebSite\",\"@id\":\"https:\\\/\\\/www.rochestersensors.co.uk\\\/fr\\\/#website\",\"url\":\"https:\\\/\\\/www.rochestersensors.co.uk\\\/fr\\\/\",\"name\":\"Rochester Sensors\",\"description\":\"We design and manufacture a wide range of liquid level, fuel level, pressure, temperature control and monitoring equipment to customers across the world.\",\"potentialAction\":[{\"@type\":\"SearchAction\",\"target\":{\"@type\":\"EntryPoint\",\"urlTemplate\":\"https:\\\/\\\/www.rochestersensors.co.uk\\\/fr\\\/?s={search_term_string}\"},\"query-input\":{\"@type\":\"PropertyValueSpecification\",\"valueRequired\":true,\"valueName\":\"search_term_string\"}}],\"inLanguage\":\"fr-FR\"}]}<\/script>\n<!-- \/ Yoast SEO plugin. -->","yoast_head_json":{"title":"CONTACTEUR DE NIVEAU D'HUILE CAPACITIF S284 AVEC CONNECTEUR DEUTSCH - Rochester Sensors","robots":{"index":"index","follow":"follow","max-snippet":"max-snippet:-1","max-image-preview":"max-image-preview:large","max-video-preview":"max-video-preview:-1"},"canonical":"https:\/\/www.rochestersensors.co.uk\/fr\/produit\/s284-contacteur-niveau-dhuile-capacitance-avec-connecteur-deutsch\/","og_locale":"fr_FR","og_type":"article","og_title":"CONTACTEUR DE NIVEAU D'HUILE CAPACITIF S284 AVEC CONNECTEUR DEUTSCH - Rochester Sensors","og_description":"Le S284 est un dispositif actif con\u00e7u pour \u00e9mettre un signal d'alarme lorsqu\u2019un liquide tombe en dessous ou passe au dessus d\u2019un seuil pr\u00e9d\u00e9fini. L\u2019ajout d\u2019un d\u00e9lai \u00e9limine les fausses alarmes dues aux turbulences. Contenant un microprocesseur programmable en usine, le contacteur offre des sorties de courant absorb\u00e9 vers la terre ou des sorties tension de source. Le large \u00e9ventail d'options sp\u00e9cifiables par le client le rend adapt\u00e9 \u00e0 la plupart des applications. CAT\u00c9GORIES : Capteurs et contacteurs de mesure de niveau de liquide, Contacteurs \u00e9lectron","og_url":"https:\/\/www.rochestersensors.co.uk\/fr\/produit\/s284-contacteur-niveau-dhuile-capacitance-avec-connecteur-deutsch\/","og_site_name":"Rochester Sensors","article_modified_time":"2021-03-22T12:23:52+00:00","og_image":[{"width":1000,"height":1000,"url":"https:\/\/www.rochestersensors.co.uk\/wp-content\/uploads\/2020\/07\/S284_white-background_web.png","type":"image\/png"}],"schema":{"@context":"https:\/\/schema.org","@graph":[{"@type":"WebPage","@id":"https:\/\/www.rochestersensors.co.uk\/fr\/produit\/s284-contacteur-niveau-dhuile-capacitance-avec-connecteur-deutsch\/","url":"https:\/\/www.rochestersensors.co.uk\/fr\/produit\/s284-contacteur-niveau-dhuile-capacitance-avec-connecteur-deutsch\/","name":"CONTACTEUR DE NIVEAU D'HUILE CAPACITIF S284 AVEC CONNECTEUR DEUTSCH - Rochester Sensors","isPartOf":{"@id":"https:\/\/www.rochestersensors.co.uk\/fr\/#website"},"primaryImageOfPage":{"@id":"https:\/\/www.rochestersensors.co.uk\/fr\/produit\/s284-contacteur-niveau-dhuile-capacitance-avec-connecteur-deutsch\/#primaryimage"},"image":{"@id":"https:\/\/www.rochestersensors.co.uk\/fr\/produit\/s284-contacteur-niveau-dhuile-capacitance-avec-connecteur-deutsch\/#primaryimage"},"thumbnailUrl":"https:\/\/www.rochestersensors.co.uk\/wp-content\/uploads\/2020\/07\/S284_white-background_web.png","datePublished":"2020-12-01T14:08:46+00:00","dateModified":"2021-03-22T12:23:52+00:00","breadcrumb":{"@id":"https:\/\/www.rochestersensors.co.uk\/fr\/produit\/s284-contacteur-niveau-dhuile-capacitance-avec-connecteur-deutsch\/#breadcrumb"},"inLanguage":"fr-FR","potentialAction":[{"@type":"ReadAction","target":["https:\/\/www.rochestersensors.co.uk\/fr\/produit\/s284-contacteur-niveau-dhuile-capacitance-avec-connecteur-deutsch\/"]}]},{"@type":"ImageObject","inLanguage":"fr-FR","@id":"https:\/\/www.rochestersensors.co.uk\/fr\/produit\/s284-contacteur-niveau-dhuile-capacitance-avec-connecteur-deutsch\/#primaryimage","url":"https:\/\/www.rochestersensors.co.uk\/wp-content\/uploads\/2020\/07\/S284_white-background_web.png","contentUrl":"https:\/\/www.rochestersensors.co.uk\/wp-content\/uploads\/2020\/07\/S284_white-background_web.png","width":1000,"height":1000,"caption":"CONTACTEUR DE NIVEAU D'HUILE CAPACITIF S284 AVEC CONNECTEUR DEUTSCH"},{"@type":"BreadcrumbList","@id":"https:\/\/www.rochestersensors.co.uk\/fr\/produit\/s284-contacteur-niveau-dhuile-capacitance-avec-connecteur-deutsch\/#breadcrumb","itemListElement":[{"@type":"ListItem","position":1,"name":"Home","item":"https:\/\/www.rochestersensors.co.uk\/fr\/"},{"@type":"ListItem","position":2,"name":"Produits","item":"https:\/\/www.rochestersensors.co.uk\/fr\/produits\/"},{"@type":"ListItem","position":3,"name":"CONTACTEUR DE NIVEAU D&rsquo;HUILE CAPACITIF S284 AVEC CONNECTEUR DEUTSCH"}]},{"@type":"WebSite","@id":"https:\/\/www.rochestersensors.co.uk\/fr\/#website","url":"https:\/\/www.rochestersensors.co.uk\/fr\/","name":"Rochester Sensors","description":"We design and manufacture a wide range of liquid level, fuel level, pressure, temperature control and monitoring equipment to customers across the world.","potentialAction":[{"@type":"SearchAction","target":{"@type":"EntryPoint","urlTemplate":"https:\/\/www.rochestersensors.co.uk\/fr\/?s={search_term_string}"},"query-input":{"@type":"PropertyValueSpecification","valueRequired":true,"valueName":"search_term_string"}}],"inLanguage":"fr-FR"}]}},"_links":{"self":[{"href":"https:\/\/www.rochestersensors.co.uk\/fr\/wp-json\/wp\/v2\/product\/9111","targetHints":{"allow":["GET"]}}],"collection":[{"href":"https:\/\/www.rochestersensors.co.uk\/fr\/wp-json\/wp\/v2\/product"}],"about":[{"href":"https:\/\/www.rochestersensors.co.uk\/fr\/wp-json\/wp\/v2\/types\/product"}],"wp:featuredmedia":[{"embeddable":true,"href":"https:\/\/www.rochestersensors.co.uk\/fr\/wp-json\/wp\/v2\/media\/9112"}],"wp:attachment":[{"href":"https:\/\/www.rochestersensors.co.uk\/fr\/wp-json\/wp\/v2\/media?parent=9111"}],"wp:term":[{"taxonomy":"product_brand","embeddable":true,"href":"https:\/\/www.rochestersensors.co.uk\/fr\/wp-json\/wp\/v2\/product_brand?post=9111"},{"taxonomy":"product_cat","embeddable":true,"href":"https:\/\/www.rochestersensors.co.uk\/fr\/wp-json\/wp\/v2\/product_cat?post=9111"},{"taxonomy":"product_tag","embeddable":true,"href":"https:\/\/www.rochestersensors.co.uk\/fr\/wp-json\/wp\/v2\/product_tag?post=9111"}],"curies":[{"name":"wp","href":"https:\/\/api.w.org\/{rel}","templated":true}]}}