{"id":8981,"date":"2020-11-12T17:08:47","date_gmt":"2020-11-12T17:08:47","guid":{"rendered":"https:\/\/www.rochestersensors.co.uk\/company-2\/postes-a-pourvoir\/"},"modified":"2021-03-23T17:31:48","modified_gmt":"2021-03-23T17:31:48","slug":"postes-a-pourvoir","status":"publish","type":"page","link":"https:\/\/www.rochestersensors.co.uk\/fr\/company\/postes-a-pourvoir\/","title":{"rendered":"POSTES \u00c0 POURVOIR"},"content":{"rendered":"<p>[vc_row css_animation=\u00a0\u00bb\u00a0\u00bb row_type=\u00a0\u00bbrow\u00a0\u00bb use_row_as_full_screen_section=\u00a0\u00bbno\u00a0\u00bb type=\u00a0\u00bbfull_width\u00a0\u00bb angled_section=\u00a0\u00bbno\u00a0\u00bb text_align=\u00a0\u00bbleft\u00a0\u00bb background_image_as_pattern=\u00a0\u00bbwithout_pattern\u00a0\u00bb parallax=\u00a0\u00bbno\u00a0\u00bb css=\u00a0\u00bb.vc_custom_1411478362102{padding-top: -5px !important;padding-bottom: 60px !important;}\u00a0\u00bb][vc_column][vc_column_text]<\/p>\n<h3>POSTES \u00c0 POURVOIR<\/h3>\n<p>[\/vc_column_text][vc_raw_html]JTNDZGl2JTIwY2xhc3MlM0QlMjJzZXBhcmF0b3IlMjBzaG9ydCUyMiUzRSUzQ2RpdiUyMGNsYXNzJTNEJTIyc2VwYXJhdG9yX2xpbmUlMjIlM0UlM0MlMkZkaXYlM0UlM0MlMkZkaXYlM0U=[\/vc_raw_html][vc_column_text]M\u00eame si Rochester Sensors est surtout r\u00e9put\u00e9e pour la conception, le d\u00e9veloppement et la fabrication de capteurs, notre entreprise exige l&rsquo;excellence \u00e0 tous les niveaux : production, qualit\u00e9, ventes, achats et logistique.<\/p>\n<p>Les postes vacants ci-dessous sont r\u00e9guli\u00e8rement mis \u00e0 jour, mais si vous pensez poss\u00e9der les comp\u00e9tences et les qualit\u00e9s que nous recherchons, n&rsquo;h\u00e9sitez pas \u00e0 nous faire parvenir une candidature spontan\u00e9e. <a href=\"https:\/\/www.rochestersensors.co.uk\/fr\/contact-rh\/\">Veuillez soumettre votre candidature via notre formulaire.<\/a>[\/vc_column_text][vc_row_inner row_type=\u00a0\u00bbrow\u00a0\u00bb type=\u00a0\u00bbfull_width\u00a0\u00bb text_align=\u00a0\u00bbleft\u00a0\u00bb css_animation=\u00a0\u00bb\u00a0\u00bb gap=\u00a0\u00bb10&Prime; css=\u00a0\u00bb.vc_custom_1616520665878{padding-bottom: 60px !important;background-color: #f3f3f3 !important;}\u00a0\u00bb][vc_column_inner][vc_column_text]<div class=\"post hentry ivycat-post\"><span class=\"pip-not-found\">Nous n\u2019avons aucun poste vacant actuellement. Nous vous invitons \u00e0 revenir v\u00e9rifier ult\u00e9rieurement.<\/span><\/div>[\/vc_column_text][\/vc_column_inner][\/vc_row_inner][vc_empty_space]<a  itemprop=\"url\" href=\"https:\/\/www.rochestersensors.co.uk\/hr-contact\/\" target=\"_blank\"  class=\"qbutton  medium default\" style=\"\">Renseignez-vous maintenant<i class=\"qode_icon_font_awesome fa fa-arrow-circle-o-right qode_button_icon_element\" style=\"\" ><\/i><\/a>[\/vc_column][\/vc_row][vc_row css_animation=\u00a0\u00bb\u00a0\u00bb row_type=\u00a0\u00bbrow\u00a0\u00bb use_row_as_full_screen_section=\u00a0\u00bbno\u00a0\u00bb type=\u00a0\u00bbfull_width\u00a0\u00bb angled_section=\u00a0\u00bbno\u00a0\u00bb text_align=\u00a0\u00bbleft\u00a0\u00bb background_image_as_pattern=\u00a0\u00bbwithout_pattern\u00a0\u00bb parallax=\u00a0\u00bbno\u00a0\u00bb css=\u00a0\u00bb.vc_custom_1616520670359{padding-bottom: 60px !important;}\u00a0\u00bb z_index=\u00a0\u00bb\u00a0\u00bb][vc_column][vc_column_text]<\/p>\n<h3>CANDIDATURE<\/h3>\n<p>[\/vc_column_text][vc_raw_html]JTNDZGl2JTIwY2xhc3MlM0QlMjJzZXBhcmF0b3IlMjBzaG9ydCUyMiUzRSUzQ2RpdiUyMGNsYXNzJTNEJTIyc2VwYXJhdG9yX2xpbmUlMjIlM0UlM0MlMkZkaXYlM0UlM0MlMkZkaXYlM0U=[\/vc_raw_html][vc_column_text]Agences de recrutement et chasseurs de t\u00eates<br \/>\nRochester Sensors Limited n&rsquo;accepte aucun d\u00e9marchage, aucun CV ni aucune candidature non sollicit\u00e9s provenant d&rsquo;une agence de recrutement non express\u00e9ment d\u00e9sign\u00e9e comme mandataire. Les informations re\u00e7ues sur les candidats peuvent \u00eatre supprim\u00e9es ou transmises aux agences de recrutement d\u00e9sign\u00e9es par nos soins. Aucune relation contractuelle ne saurait exister sans notre accord \u00e9crit pr\u00e9alable. Ces informations peuvent \u00eatre trait\u00e9es comme une candidature directe et donc exemptes de tout frais de recrutement \/ placement.<\/p>\n<p>Politique d&rsquo;\u00e9galit\u00e9 des chances<br \/>\nRochester Sensors souhaite offrir \u00e0 tous ses collaborateurs un emploi \u00e9panouissant et gratifiant. Nous acceptons les candidatures de personnes d\u00fbment qualifi\u00e9es, sans \u00e9gard \u00e0 l\u2019\u00e2ge, au sexe, au genre ou \u00e0 l\u2019orientation sexuelle, l\u2019\u00e9tat civil, l\u2019origine ethnique, la couleur, la nationalit\u00e9, la religion ou les convictions personnelles et ind\u00e9pendamment d\u2019un \u00e9ventuel handicap, d\u2019une grossesse et de leur statut parental.<\/p>\n<p>Politique de protection<br \/>\nRochester Sensors peut utiliser et conserver des informations relatives \u00e0 vous et \u00e0 l\u2019int\u00e9r\u00eat que vous portez \u00e0 nos offres d\u2019emploi, qu\u2019elles soient fournies par vous ou des tiers tels que des r\u00e9f\u00e9rences et des agences. Ces informations seront uniquement utilis\u00e9es \u00e0 des fins de recrutement. Toute demande de renseignements ou de destruction des informations doit \u00eatre adress\u00e9e au responsable des ressources humaines.[\/vc_column_text][\/vc_column][\/vc_row]<\/p>\n","protected":false},"excerpt":{"rendered":"<p>[vc_row css_animation=\u00a0\u00bb\u00a0\u00bb row_type=\u00a0\u00bbrow\u00a0\u00bb use_row_as_full_screen_section=\u00a0\u00bbno\u00a0\u00bb type=\u00a0\u00bbfull_width\u00a0\u00bb angled_section=\u00a0\u00bbno\u00a0\u00bb text_align=\u00a0\u00bbleft\u00a0\u00bb background_image_as_pattern=\u00a0\u00bbwithout_pattern\u00a0\u00bb parallax=\u00a0\u00bbno\u00a0\u00bb css=\u00a0\u00bb.vc_custom_1411478362102{padding-top: -5px !important;padding-bottom: 60px !important;}\u00a0\u00bb][vc_column][vc_column_text] POSTES \u00c0 POURVOIR [\/vc_column_text][vc_raw_html]JTNDZGl2JTIwY2xhc3MlM0QlMjJzZXBhcmF0b3IlMjBzaG9ydCUyMiUzRSUzQ2RpdiUyMGNsYXNzJTNEJTIyc2VwYXJhdG9yX2xpbmUlMjIlM0UlM0MlMkZkaXYlM0UlM0MlMkZkaXYlM0U=[\/vc_raw_html][vc_column_text]M\u00eame si Rochester Sensors est surtout r\u00e9put\u00e9e pour la conception, le d\u00e9veloppement et la fabrication de capteurs, notre entreprise exige l&rsquo;excellence \u00e0 tous les niveaux : production, qualit\u00e9,&#8230;<\/p>\n","protected":false},"author":5,"featured_media":0,"parent":7995,"menu_order":0,"comment_status":"closed","ping_status":"closed","template":"","meta":{"_monsterinsights_skip_tracking":false,"_monsterinsights_sitenote_active":false,"_monsterinsights_sitenote_note":"","_monsterinsights_sitenote_category":0,"footnotes":""},"class_list":["post-8981","page","type-page","status-publish","hentry"],"yoast_head":"<!-- This site is optimized with the Yoast SEO plugin v27.4 - https:\/\/yoast.com\/product\/yoast-seo-wordpress\/ -->\n<title>POSTES \u00c0 POURVOIR - Rochester Sensors<\/title>\n<meta name=\"robots\" content=\"index, follow, max-snippet:-1, max-image-preview:large, max-video-preview:-1\" \/>\n<link rel=\"canonical\" href=\"https:\/\/www.rochestersensors.co.uk\/fr\/company\/postes-a-pourvoir\/\" \/>\n<meta property=\"og:locale\" content=\"fr_FR\" \/>\n<meta property=\"og:type\" content=\"article\" \/>\n<meta property=\"og:title\" content=\"POSTES \u00c0 POURVOIR - Rochester Sensors\" \/>\n<meta property=\"og:description\" content=\"[vc_row css_animation=\u00a0\u00bb\u00a0\u00bb row_type=\u00a0\u00bbrow\u00a0\u00bb use_row_as_full_screen_section=\u00a0\u00bbno\u00a0\u00bb type=\u00a0\u00bbfull_width\u00a0\u00bb angled_section=\u00a0\u00bbno\u00a0\u00bb text_align=\u00a0\u00bbleft\u00a0\u00bb background_image_as_pattern=\u00a0\u00bbwithout_pattern\u00a0\u00bb parallax=\u00a0\u00bbno\u00a0\u00bb css=\u00a0\u00bb.vc_custom_1411478362102{padding-top: -5px !important;padding-bottom: 60px !important;}\u00a0\u00bb][vc_column][vc_column_text] POSTES \u00c0 POURVOIR [\/vc_column_text][vc_raw_html]JTNDZGl2JTIwY2xhc3MlM0QlMjJzZXBhcmF0b3IlMjBzaG9ydCUyMiUzRSUzQ2RpdiUyMGNsYXNzJTNEJTIyc2VwYXJhdG9yX2xpbmUlMjIlM0UlM0MlMkZkaXYlM0UlM0MlMkZkaXYlM0U=[\/vc_raw_html][vc_column_text]M\u00eame si Rochester Sensors est surtout r\u00e9put\u00e9e pour la conception, le d\u00e9veloppement et la fabrication de capteurs, notre entreprise exige l&rsquo;excellence \u00e0 tous les niveaux : production, qualit\u00e9,...\" \/>\n<meta property=\"og:url\" content=\"https:\/\/www.rochestersensors.co.uk\/fr\/company\/postes-a-pourvoir\/\" \/>\n<meta property=\"og:site_name\" content=\"Rochester Sensors\" \/>\n<meta property=\"article:modified_time\" content=\"2021-03-23T17:31:48+00:00\" \/>\n<meta name=\"twitter:label1\" content=\"Dur\u00e9e de lecture estim\u00e9e\" \/>\n\t<meta name=\"twitter:data1\" content=\"3 minutes\" \/>\n<script type=\"application\/ld+json\" class=\"yoast-schema-graph\">{\"@context\":\"https:\\\/\\\/schema.org\",\"@graph\":[{\"@type\":\"WebPage\",\"@id\":\"https:\\\/\\\/www.rochestersensors.co.uk\\\/fr\\\/company\\\/postes-a-pourvoir\\\/\",\"url\":\"https:\\\/\\\/www.rochestersensors.co.uk\\\/fr\\\/company\\\/postes-a-pourvoir\\\/\",\"name\":\"POSTES \u00c0 POURVOIR - Rochester Sensors\",\"isPartOf\":{\"@id\":\"https:\\\/\\\/www.rochestersensors.co.uk\\\/fr\\\/#website\"},\"datePublished\":\"2020-11-12T17:08:47+00:00\",\"dateModified\":\"2021-03-23T17:31:48+00:00\",\"breadcrumb\":{\"@id\":\"https:\\\/\\\/www.rochestersensors.co.uk\\\/fr\\\/company\\\/postes-a-pourvoir\\\/#breadcrumb\"},\"inLanguage\":\"fr-FR\",\"potentialAction\":[{\"@type\":\"ReadAction\",\"target\":[\"https:\\\/\\\/www.rochestersensors.co.uk\\\/fr\\\/company\\\/postes-a-pourvoir\\\/\"]}]},{\"@type\":\"BreadcrumbList\",\"@id\":\"https:\\\/\\\/www.rochestersensors.co.uk\\\/fr\\\/company\\\/postes-a-pourvoir\\\/#breadcrumb\",\"itemListElement\":[{\"@type\":\"ListItem\",\"position\":1,\"name\":\"Home\",\"item\":\"https:\\\/\\\/www.rochestersensors.co.uk\\\/fr\\\/\"},{\"@type\":\"ListItem\",\"position\":2,\"name\":\"L\u2019entreprise\",\"item\":\"https:\\\/\\\/www.rochestersensors.co.uk\\\/fr\\\/company\\\/\"},{\"@type\":\"ListItem\",\"position\":3,\"name\":\"POSTES \u00c0 POURVOIR\"}]},{\"@type\":\"WebSite\",\"@id\":\"https:\\\/\\\/www.rochestersensors.co.uk\\\/fr\\\/#website\",\"url\":\"https:\\\/\\\/www.rochestersensors.co.uk\\\/fr\\\/\",\"name\":\"Rochester Sensors\",\"description\":\"We design and manufacture a wide range of liquid level, fuel level, pressure, temperature control and monitoring equipment to customers across the world.\",\"potentialAction\":[{\"@type\":\"SearchAction\",\"target\":{\"@type\":\"EntryPoint\",\"urlTemplate\":\"https:\\\/\\\/www.rochestersensors.co.uk\\\/fr\\\/?s={search_term_string}\"},\"query-input\":{\"@type\":\"PropertyValueSpecification\",\"valueRequired\":true,\"valueName\":\"search_term_string\"}}],\"inLanguage\":\"fr-FR\"}]}<\/script>\n<!-- \/ Yoast SEO plugin. -->","yoast_head_json":{"title":"POSTES \u00c0 POURVOIR - Rochester Sensors","robots":{"index":"index","follow":"follow","max-snippet":"max-snippet:-1","max-image-preview":"max-image-preview:large","max-video-preview":"max-video-preview:-1"},"canonical":"https:\/\/www.rochestersensors.co.uk\/fr\/company\/postes-a-pourvoir\/","og_locale":"fr_FR","og_type":"article","og_title":"POSTES \u00c0 POURVOIR - Rochester Sensors","og_description":"[vc_row css_animation=\u00a0\u00bb\u00a0\u00bb row_type=\u00a0\u00bbrow\u00a0\u00bb use_row_as_full_screen_section=\u00a0\u00bbno\u00a0\u00bb type=\u00a0\u00bbfull_width\u00a0\u00bb angled_section=\u00a0\u00bbno\u00a0\u00bb text_align=\u00a0\u00bbleft\u00a0\u00bb background_image_as_pattern=\u00a0\u00bbwithout_pattern\u00a0\u00bb parallax=\u00a0\u00bbno\u00a0\u00bb css=\u00a0\u00bb.vc_custom_1411478362102{padding-top: -5px !important;padding-bottom: 60px !important;}\u00a0\u00bb][vc_column][vc_column_text] POSTES \u00c0 POURVOIR [\/vc_column_text][vc_raw_html]JTNDZGl2JTIwY2xhc3MlM0QlMjJzZXBhcmF0b3IlMjBzaG9ydCUyMiUzRSUzQ2RpdiUyMGNsYXNzJTNEJTIyc2VwYXJhdG9yX2xpbmUlMjIlM0UlM0MlMkZkaXYlM0UlM0MlMkZkaXYlM0U=[\/vc_raw_html][vc_column_text]M\u00eame si Rochester Sensors est surtout r\u00e9put\u00e9e pour la conception, le d\u00e9veloppement et la fabrication de capteurs, notre entreprise exige l&rsquo;excellence \u00e0 tous les niveaux : production, qualit\u00e9,...","og_url":"https:\/\/www.rochestersensors.co.uk\/fr\/company\/postes-a-pourvoir\/","og_site_name":"Rochester Sensors","article_modified_time":"2021-03-23T17:31:48+00:00","twitter_misc":{"Dur\u00e9e de lecture estim\u00e9e":"3 minutes"},"schema":{"@context":"https:\/\/schema.org","@graph":[{"@type":"WebPage","@id":"https:\/\/www.rochestersensors.co.uk\/fr\/company\/postes-a-pourvoir\/","url":"https:\/\/www.rochestersensors.co.uk\/fr\/company\/postes-a-pourvoir\/","name":"POSTES \u00c0 POURVOIR - Rochester Sensors","isPartOf":{"@id":"https:\/\/www.rochestersensors.co.uk\/fr\/#website"},"datePublished":"2020-11-12T17:08:47+00:00","dateModified":"2021-03-23T17:31:48+00:00","breadcrumb":{"@id":"https:\/\/www.rochestersensors.co.uk\/fr\/company\/postes-a-pourvoir\/#breadcrumb"},"inLanguage":"fr-FR","potentialAction":[{"@type":"ReadAction","target":["https:\/\/www.rochestersensors.co.uk\/fr\/company\/postes-a-pourvoir\/"]}]},{"@type":"BreadcrumbList","@id":"https:\/\/www.rochestersensors.co.uk\/fr\/company\/postes-a-pourvoir\/#breadcrumb","itemListElement":[{"@type":"ListItem","position":1,"name":"Home","item":"https:\/\/www.rochestersensors.co.uk\/fr\/"},{"@type":"ListItem","position":2,"name":"L\u2019entreprise","item":"https:\/\/www.rochestersensors.co.uk\/fr\/company\/"},{"@type":"ListItem","position":3,"name":"POSTES \u00c0 POURVOIR"}]},{"@type":"WebSite","@id":"https:\/\/www.rochestersensors.co.uk\/fr\/#website","url":"https:\/\/www.rochestersensors.co.uk\/fr\/","name":"Rochester Sensors","description":"We design and manufacture a wide range of liquid level, fuel level, pressure, temperature control and monitoring equipment to customers across the world.","potentialAction":[{"@type":"SearchAction","target":{"@type":"EntryPoint","urlTemplate":"https:\/\/www.rochestersensors.co.uk\/fr\/?s={search_term_string}"},"query-input":{"@type":"PropertyValueSpecification","valueRequired":true,"valueName":"search_term_string"}}],"inLanguage":"fr-FR"}]}},"_links":{"self":[{"href":"https:\/\/www.rochestersensors.co.uk\/fr\/wp-json\/wp\/v2\/pages\/8981","targetHints":{"allow":["GET"]}}],"collection":[{"href":"https:\/\/www.rochestersensors.co.uk\/fr\/wp-json\/wp\/v2\/pages"}],"about":[{"href":"https:\/\/www.rochestersensors.co.uk\/fr\/wp-json\/wp\/v2\/types\/page"}],"author":[{"embeddable":true,"href":"https:\/\/www.rochestersensors.co.uk\/fr\/wp-json\/wp\/v2\/users\/5"}],"replies":[{"embeddable":true,"href":"https:\/\/www.rochestersensors.co.uk\/fr\/wp-json\/wp\/v2\/comments?post=8981"}],"version-history":[{"count":0,"href":"https:\/\/www.rochestersensors.co.uk\/fr\/wp-json\/wp\/v2\/pages\/8981\/revisions"}],"up":[{"embeddable":true,"href":"https:\/\/www.rochestersensors.co.uk\/fr\/wp-json\/wp\/v2\/pages\/7995"}],"wp:attachment":[{"href":"https:\/\/www.rochestersensors.co.uk\/fr\/wp-json\/wp\/v2\/media?parent=8981"}],"curies":[{"name":"wp","href":"https:\/\/api.w.org\/{rel}","templated":true}]}}