{"id":7995,"date":"2016-03-15T16:13:23","date_gmt":"2016-03-15T16:13:23","guid":{"rendered":"https:\/\/www.rochestersensors.co.uk\/?page_id=7995"},"modified":"2022-09-16T09:43:06","modified_gmt":"2022-09-16T09:43:06","slug":"company","status":"publish","type":"page","link":"https:\/\/www.rochestersensors.co.uk\/fr\/company\/","title":{"rendered":"L\u2019entreprise"},"content":{"rendered":"<p>[vc_row css_animation=\u00a0\u00bb\u00a0\u00bb row_type=\u00a0\u00bbrow\u00a0\u00bb use_row_as_full_screen_section=\u00a0\u00bbno\u00a0\u00bb type=\u00a0\u00bbfull_width\u00a0\u00bb angled_section=\u00a0\u00bbno\u00a0\u00bb text_align=\u00a0\u00bbleft\u00a0\u00bb background_image_as_pattern=\u00a0\u00bbwithout_pattern\u00a0\u00bb parallax=\u00a0\u00bbno\u00a0\u00bb css=\u00a0\u00bb.vc_custom_1616519391326{padding-bottom: 60px !important;}\u00a0\u00bb z_index=\u00a0\u00bb\u00a0\u00bb][vc_column width=\u00a0\u00bb1\/2&Prime;][vc_single_image image=\u00a0\u00bb7824&Prime; img_size=\u00a0\u00bb300&#215;300&Prime; qode_css_animation=\u00a0\u00bb\u00a0\u00bb][\/vc_column][vc_column width=\u00a0\u00bb1\/2&Prime;][vc_column_text]<\/p>\n<h3>DES SONDES INNOVANTES<\/h3>\n<p>[\/vc_column_text][vc_raw_html]JTNDZGl2JTIwY2xhc3MlM0QlMjJzZXBhcmF0b3IlMjBzaG9ydCUyMiUzRSUzQ2RpdiUyMGNsYXNzJTNEJTIyc2VwYXJhdG9yX2xpbmUlMjIlM0UlM0MlMkZkaXYlM0UlM0MlMkZkaXYlM0U=[\/vc_raw_html][vc_column_text]<span style=\"font-size: 16px; color: #013e7f;\">Fond\u00e9e en 1977, Rochester Sensors fait d\u00e9sormais partie du groupe HB4. Elle est sp\u00e9cialis\u00e9e dans la conception, le d\u00e9veloppement et la fabrication d&rsquo;une large gamme de sondes et de jauges \u00e9lectrom\u00e9caniques, m\u00e9caniques et \u00e9lectroniques pour les \u00e9quipements n\u00e9cessitant une mesure du niveau de liquide, de la temp\u00e9rature et de la pression.<\/span><\/p>\n<p>Situ\u00e9 sur un vaste site dans Tachbrook Park, zone industrielle haute technologie de la ville de Warwick, au Royaume-Uni, son si\u00e8ge int\u00e8gre ses laboratoires de fabrication, d\u2019essai et de d\u00e9veloppement de produits, ainsi qu&rsquo;un vaste atelier de prototypage.<\/p>\n<p>Rochester Sensors compte une client\u00e8le mondiale dans les secteurs de la production d&rsquo;\u00e9lectricit\u00e9, des v\u00e9hicules sp\u00e9cialis\u00e9s et des \u00e9quipements de construction.[\/vc_column_text][vc_empty_space][\/vc_column][\/vc_row][vc_row css_animation=\u00a0\u00bb\u00a0\u00bb row_type=\u00a0\u00bbrow\u00a0\u00bb use_row_as_full_screen_section=\u00a0\u00bbno\u00a0\u00bb type=\u00a0\u00bbfull_width\u00a0\u00bb angled_section=\u00a0\u00bbno\u00a0\u00bb text_align=\u00a0\u00bbleft\u00a0\u00bb background_image_as_pattern=\u00a0\u00bbwithout_pattern\u00a0\u00bb parallax=\u00a0\u00bbno\u00a0\u00bb css=\u00a0\u00bb.vc_custom_1616519383863{padding-bottom: 60px !important;}\u00a0\u00bb z_index=\u00a0\u00bb\u00a0\u00bb][vc_column width=\u00a0\u00bb1\/3&Prime;][vc_column_text]<\/p>\n<h3 style=\"font-weight: bold; color: #919d1c;\">\u00ab\u00a0NOUS AVONS TOUJOURS POURSUIVI UNE POLITIQUE D&rsquo;AM\u00c9LIORATION CONTINUE ET D\u2019EXCELLENCE, QUI S&rsquo;EST TRADUITE PAR UNE CROISSANCE SOUTENUE DE L&rsquo;ENTREPRISE.\u00a0\u00bb<\/h3>\n<p>[\/vc_column_text][\/vc_column][vc_column width=\u00a0\u00bb2\/3&Prime;][vc_column_text]<\/p>\n<h3>QUALIT\u00c9 ET ENVIRONNEMENT<\/h3>\n<p>[\/vc_column_text][vc_raw_html]JTNDZGl2JTIwY2xhc3MlM0QlMjJzZXBhcmF0b3IlMjBzaG9ydCUyMiUzRSUzQ2RpdiUyMGNsYXNzJTNEJTIyc2VwYXJhdG9yX2xpbmUlMjIlM0UlM0MlMkZkaXYlM0UlM0MlMkZkaXYlM0U=[\/vc_raw_html][vc_column_text]<span style=\"font-size: 16px; color: #013e7f;\">Certifi\u00e9s ISO9001 depuis 1994, nous employons des m\u00e9thodes d&rsquo;am\u00e9lioration continue pour conserver cette accr\u00e9ditation.<\/span><\/p>\n<p>Pour se d\u00e9velopper et prosp\u00e9rer, Rochester Sensors a toujours suivi une politique de d\u00e9veloppement dynamique pour proposer des produits innovants, \u00e0 l\u2019avant-garde sur tous les march\u00e9s sur lesquels nous sommes implant\u00e9s. Nous avons toujours poursuivi une politique d&rsquo;am\u00e9lioration continue et d\u2019excellence, qui s&rsquo;est traduite par une croissance soutenue de l&rsquo;entreprise. Notre accr\u00e9ditation <span style=\"text-decoration: underline;\"><a href=\"https:\/\/www.rochestersensors.co.uk\/wp-content\/uploads\/2014\/09\/ISO-9001-2015-exp-Aug-2021-NQA.pdf\" target=\"_blank\" rel=\"noopener noreferrer\">ISO9001:2015<\/a><\/span> a permis d&rsquo;int\u00e9grer davantage cette strat\u00e9gie dans notre structure, r\u00e9sum\u00e9e dans notre <span style=\"text-decoration: underline;\"><a href=\"https:\/\/www.rochestersensors.co.uk\/wp-content\/uploads\/2018\/05\/Quality-Policy-Statement-2018-Rev-4.pdf\" target=\"_blank\" rel=\"noopener noreferrer\">d\u00e9claration de politique qualit\u00e9.<\/a><\/span><\/p>\n<p>Les organisations professionnelles fournissent fr\u00e9quemment des indicateurs pr\u00e9dictifs pour les produits de leurs membres. C&rsquo;est pourquoi Rochester Sensors est membre actif de la Construction Equipment Association (CEA) et de l&rsquo;Association of Manufacturers of Power Generating Systems (AMPS). Gr\u00e2ce auxquelles elle se tient au courant de l\u2019\u00e9volution de la technologie des moteurs diesel et de son influence potentielle sur les produits Rochester Sensors connexes.<\/p>\n<p>La collaboration avec ces organisations et les contacts r\u00e9guliers avec nos fournisseurs et d\u2019autres parties prenantes nous aident \u00e0 r\u00e9duire notre impact sur l\u2019environnement, ainsi que l\u2019atteste notre accr\u00e9ditation <span style=\"text-decoration: underline;\"><a href=\"https:\/\/www.rochestersensors.co.uk\/wp-content\/uploads\/2014\/09\/ISO-14001-2015-exp-May-2020-NQA.pdf\" target=\"_blank\" rel=\"noopener noreferrer\">ISO14001:2015.<\/a><\/span> Notre<span style=\"text-decoration: underline;\"><a href=\"https:\/\/www.rochestersensors.co.uk\/wp-content\/uploads\/2018\/05\/Environmental-Policy-Statement-2018.pdf\" target=\"_blank\" rel=\"noopener noreferrer\">d\u00e9claration de politique environnementale<\/a><\/span>confirme notre engagement premier : pr\u00e9server les ressources naturelles et r\u00e9duire les d\u00e9chets.[\/vc_column_text][\/vc_column][\/vc_row]<\/p>\n","protected":false},"excerpt":{"rendered":"<p>[vc_row css_animation=\u00a0\u00bb\u00a0\u00bb row_type=\u00a0\u00bbrow\u00a0\u00bb use_row_as_full_screen_section=\u00a0\u00bbno\u00a0\u00bb type=\u00a0\u00bbfull_width\u00a0\u00bb angled_section=\u00a0\u00bbno\u00a0\u00bb text_align=\u00a0\u00bbleft\u00a0\u00bb background_image_as_pattern=\u00a0\u00bbwithout_pattern\u00a0\u00bb parallax=\u00a0\u00bbno\u00a0\u00bb css=\u00a0\u00bb.vc_custom_1616519391326{padding-bottom: 60px !important;}\u00a0\u00bb z_index=\u00a0\u00bb\u00a0\u00bb][vc_column width=\u00a0\u00bb1\/2&Prime;][vc_single_image image=\u00a0\u00bb7824&Prime; img_size=\u00a0\u00bb300&#215;300&Prime; qode_css_animation=\u00a0\u00bb\u00a0\u00bb][\/vc_column][vc_column width=\u00a0\u00bb1\/2&Prime;][vc_column_text] DES SONDES INNOVANTES [\/vc_column_text][vc_raw_html]JTNDZGl2JTIwY2xhc3MlM0QlMjJzZXBhcmF0b3IlMjBzaG9ydCUyMiUzRSUzQ2RpdiUyMGNsYXNzJTNEJTIyc2VwYXJhdG9yX2xpbmUlMjIlM0UlM0MlMkZkaXYlM0UlM0MlMkZkaXYlM0U=[\/vc_raw_html][vc_column_text]Fond\u00e9e en 1977, Rochester Sensors fait d\u00e9sormais partie du groupe HB4. Elle est sp\u00e9cialis\u00e9e dans la conception, le d\u00e9veloppement et la fabrication d&rsquo;une large&#8230;<\/p>\n","protected":false},"author":2,"featured_media":0,"parent":0,"menu_order":0,"comment_status":"closed","ping_status":"closed","template":"","meta":{"_monsterinsights_skip_tracking":false,"_monsterinsights_sitenote_active":false,"_monsterinsights_sitenote_note":"","_monsterinsights_sitenote_category":0,"footnotes":""},"class_list":["post-7995","page","type-page","status-publish","hentry"],"yoast_head":"<!-- This site is optimized with the Yoast SEO plugin v27.3 - https:\/\/yoast.com\/product\/yoast-seo-wordpress\/ -->\n<title>L\u2019entreprise - Rochester Sensors<\/title>\n<meta name=\"robots\" content=\"index, follow, max-snippet:-1, max-image-preview:large, max-video-preview:-1\" \/>\n<link rel=\"canonical\" href=\"https:\/\/www.rochestersensors.co.uk\/fr\/company\/\" \/>\n<meta property=\"og:locale\" content=\"fr_FR\" \/>\n<meta property=\"og:type\" content=\"article\" \/>\n<meta property=\"og:title\" content=\"L\u2019entreprise - Rochester Sensors\" \/>\n<meta property=\"og:description\" content=\"[vc_row css_animation=\u00a0\u00bb\u00a0\u00bb row_type=\u00a0\u00bbrow\u00a0\u00bb use_row_as_full_screen_section=\u00a0\u00bbno\u00a0\u00bb type=\u00a0\u00bbfull_width\u00a0\u00bb angled_section=\u00a0\u00bbno\u00a0\u00bb text_align=\u00a0\u00bbleft\u00a0\u00bb background_image_as_pattern=\u00a0\u00bbwithout_pattern\u00a0\u00bb parallax=\u00a0\u00bbno\u00a0\u00bb css=\u00a0\u00bb.vc_custom_1616519391326{padding-bottom: 60px !important;}\u00a0\u00bb z_index=\u00a0\u00bb\u00a0\u00bb][vc_column width=\u00a0\u00bb1\/2&Prime;][vc_single_image image=\u00a0\u00bb7824&Prime; img_size=\u00a0\u00bb300&#215;300&Prime; qode_css_animation=\u00a0\u00bb\u00a0\u00bb][\/vc_column][vc_column width=\u00a0\u00bb1\/2&Prime;][vc_column_text] DES SONDES INNOVANTES [\/vc_column_text][vc_raw_html]JTNDZGl2JTIwY2xhc3MlM0QlMjJzZXBhcmF0b3IlMjBzaG9ydCUyMiUzRSUzQ2RpdiUyMGNsYXNzJTNEJTIyc2VwYXJhdG9yX2xpbmUlMjIlM0UlM0MlMkZkaXYlM0UlM0MlMkZkaXYlM0U=[\/vc_raw_html][vc_column_text]Fond\u00e9e en 1977, Rochester Sensors fait d\u00e9sormais partie du groupe HB4. Elle est sp\u00e9cialis\u00e9e dans la conception, le d\u00e9veloppement et la fabrication d&rsquo;une large...\" \/>\n<meta property=\"og:url\" content=\"https:\/\/www.rochestersensors.co.uk\/fr\/company\/\" \/>\n<meta property=\"og:site_name\" content=\"Rochester Sensors\" \/>\n<meta property=\"article:modified_time\" content=\"2022-09-16T09:43:06+00:00\" \/>\n<meta name=\"twitter:label1\" content=\"Dur\u00e9e de lecture estim\u00e9e\" \/>\n\t<meta name=\"twitter:data1\" content=\"2 minutes\" \/>\n<script type=\"application\/ld+json\" class=\"yoast-schema-graph\">{\"@context\":\"https:\\\/\\\/schema.org\",\"@graph\":[{\"@type\":\"WebPage\",\"@id\":\"https:\\\/\\\/www.rochestersensors.co.uk\\\/fr\\\/company\\\/\",\"url\":\"https:\\\/\\\/www.rochestersensors.co.uk\\\/fr\\\/company\\\/\",\"name\":\"L\u2019entreprise - Rochester Sensors\",\"isPartOf\":{\"@id\":\"https:\\\/\\\/www.rochestersensors.co.uk\\\/fr\\\/#website\"},\"datePublished\":\"2016-03-15T16:13:23+00:00\",\"dateModified\":\"2022-09-16T09:43:06+00:00\",\"breadcrumb\":{\"@id\":\"https:\\\/\\\/www.rochestersensors.co.uk\\\/fr\\\/company\\\/#breadcrumb\"},\"inLanguage\":\"fr-FR\",\"potentialAction\":[{\"@type\":\"ReadAction\",\"target\":[\"https:\\\/\\\/www.rochestersensors.co.uk\\\/fr\\\/company\\\/\"]}]},{\"@type\":\"BreadcrumbList\",\"@id\":\"https:\\\/\\\/www.rochestersensors.co.uk\\\/fr\\\/company\\\/#breadcrumb\",\"itemListElement\":[{\"@type\":\"ListItem\",\"position\":1,\"name\":\"Home\",\"item\":\"https:\\\/\\\/www.rochestersensors.co.uk\\\/fr\\\/\"},{\"@type\":\"ListItem\",\"position\":2,\"name\":\"L\u2019entreprise\"}]},{\"@type\":\"WebSite\",\"@id\":\"https:\\\/\\\/www.rochestersensors.co.uk\\\/fr\\\/#website\",\"url\":\"https:\\\/\\\/www.rochestersensors.co.uk\\\/fr\\\/\",\"name\":\"Rochester Sensors\",\"description\":\"We design and manufacture a wide range of liquid level, fuel level, pressure, temperature control and monitoring equipment to customers across the world.\",\"potentialAction\":[{\"@type\":\"SearchAction\",\"target\":{\"@type\":\"EntryPoint\",\"urlTemplate\":\"https:\\\/\\\/www.rochestersensors.co.uk\\\/fr\\\/?s={search_term_string}\"},\"query-input\":{\"@type\":\"PropertyValueSpecification\",\"valueRequired\":true,\"valueName\":\"search_term_string\"}}],\"inLanguage\":\"fr-FR\"}]}<\/script>\n<!-- \/ Yoast SEO plugin. -->","yoast_head_json":{"title":"L\u2019entreprise - Rochester Sensors","robots":{"index":"index","follow":"follow","max-snippet":"max-snippet:-1","max-image-preview":"max-image-preview:large","max-video-preview":"max-video-preview:-1"},"canonical":"https:\/\/www.rochestersensors.co.uk\/fr\/company\/","og_locale":"fr_FR","og_type":"article","og_title":"L\u2019entreprise - Rochester Sensors","og_description":"[vc_row css_animation=\u00a0\u00bb\u00a0\u00bb row_type=\u00a0\u00bbrow\u00a0\u00bb use_row_as_full_screen_section=\u00a0\u00bbno\u00a0\u00bb type=\u00a0\u00bbfull_width\u00a0\u00bb angled_section=\u00a0\u00bbno\u00a0\u00bb text_align=\u00a0\u00bbleft\u00a0\u00bb background_image_as_pattern=\u00a0\u00bbwithout_pattern\u00a0\u00bb parallax=\u00a0\u00bbno\u00a0\u00bb css=\u00a0\u00bb.vc_custom_1616519391326{padding-bottom: 60px !important;}\u00a0\u00bb z_index=\u00a0\u00bb\u00a0\u00bb][vc_column width=\u00a0\u00bb1\/2&Prime;][vc_single_image image=\u00a0\u00bb7824&Prime; img_size=\u00a0\u00bb300&#215;300&Prime; qode_css_animation=\u00a0\u00bb\u00a0\u00bb][\/vc_column][vc_column width=\u00a0\u00bb1\/2&Prime;][vc_column_text] DES SONDES INNOVANTES [\/vc_column_text][vc_raw_html]JTNDZGl2JTIwY2xhc3MlM0QlMjJzZXBhcmF0b3IlMjBzaG9ydCUyMiUzRSUzQ2RpdiUyMGNsYXNzJTNEJTIyc2VwYXJhdG9yX2xpbmUlMjIlM0UlM0MlMkZkaXYlM0UlM0MlMkZkaXYlM0U=[\/vc_raw_html][vc_column_text]Fond\u00e9e en 1977, Rochester Sensors fait d\u00e9sormais partie du groupe HB4. Elle est sp\u00e9cialis\u00e9e dans la conception, le d\u00e9veloppement et la fabrication d&rsquo;une large...","og_url":"https:\/\/www.rochestersensors.co.uk\/fr\/company\/","og_site_name":"Rochester Sensors","article_modified_time":"2022-09-16T09:43:06+00:00","twitter_misc":{"Dur\u00e9e de lecture estim\u00e9e":"2 minutes"},"schema":{"@context":"https:\/\/schema.org","@graph":[{"@type":"WebPage","@id":"https:\/\/www.rochestersensors.co.uk\/fr\/company\/","url":"https:\/\/www.rochestersensors.co.uk\/fr\/company\/","name":"L\u2019entreprise - Rochester Sensors","isPartOf":{"@id":"https:\/\/www.rochestersensors.co.uk\/fr\/#website"},"datePublished":"2016-03-15T16:13:23+00:00","dateModified":"2022-09-16T09:43:06+00:00","breadcrumb":{"@id":"https:\/\/www.rochestersensors.co.uk\/fr\/company\/#breadcrumb"},"inLanguage":"fr-FR","potentialAction":[{"@type":"ReadAction","target":["https:\/\/www.rochestersensors.co.uk\/fr\/company\/"]}]},{"@type":"BreadcrumbList","@id":"https:\/\/www.rochestersensors.co.uk\/fr\/company\/#breadcrumb","itemListElement":[{"@type":"ListItem","position":1,"name":"Home","item":"https:\/\/www.rochestersensors.co.uk\/fr\/"},{"@type":"ListItem","position":2,"name":"L\u2019entreprise"}]},{"@type":"WebSite","@id":"https:\/\/www.rochestersensors.co.uk\/fr\/#website","url":"https:\/\/www.rochestersensors.co.uk\/fr\/","name":"Rochester Sensors","description":"We design and manufacture a wide range of liquid level, fuel level, pressure, temperature control and monitoring equipment to customers across the world.","potentialAction":[{"@type":"SearchAction","target":{"@type":"EntryPoint","urlTemplate":"https:\/\/www.rochestersensors.co.uk\/fr\/?s={search_term_string}"},"query-input":{"@type":"PropertyValueSpecification","valueRequired":true,"valueName":"search_term_string"}}],"inLanguage":"fr-FR"}]}},"_links":{"self":[{"href":"https:\/\/www.rochestersensors.co.uk\/fr\/wp-json\/wp\/v2\/pages\/7995","targetHints":{"allow":["GET"]}}],"collection":[{"href":"https:\/\/www.rochestersensors.co.uk\/fr\/wp-json\/wp\/v2\/pages"}],"about":[{"href":"https:\/\/www.rochestersensors.co.uk\/fr\/wp-json\/wp\/v2\/types\/page"}],"author":[{"embeddable":true,"href":"https:\/\/www.rochestersensors.co.uk\/fr\/wp-json\/wp\/v2\/users\/2"}],"replies":[{"embeddable":true,"href":"https:\/\/www.rochestersensors.co.uk\/fr\/wp-json\/wp\/v2\/comments?post=7995"}],"version-history":[{"count":0,"href":"https:\/\/www.rochestersensors.co.uk\/fr\/wp-json\/wp\/v2\/pages\/7995\/revisions"}],"wp:attachment":[{"href":"https:\/\/www.rochestersensors.co.uk\/fr\/wp-json\/wp\/v2\/media?parent=7995"}],"curies":[{"name":"wp","href":"https:\/\/api.w.org\/{rel}","templated":true}]}}