{"id":9295,"date":"2014-09-18T10:54:28","date_gmt":"2020-12-02T15:47:08","guid":{"rendered":"https:\/\/www.rochestersensors.co.uk\/product\/tankueberfuellschutzsonde-op-02\/"},"modified":"2020-12-08T15:30:16","modified_gmt":"2020-12-08T15:30:16","slug":"tank-uberfullschutz-sonde-op02","status":"publish","type":"product","link":"https:\/\/www.rochestersensors.co.uk\/de\/produkt\/tank-uberfullschutz-sonde-op02\/","title":{"rendered":"Tank\u00fcberf\u00fcllschutzsonde &#8211; OP \/ 02"},"content":{"rendered":"<p>Die Sonde zum Schutz vor Tank\u00fcberf\u00fcllung Modell OP\/02 wurde f\u00fcr die Verwendung in Massenspeichertanks f\u00fcr Kraftstoffe konstruiert und funktioniert, indem ein Signal an das Kraftstoffzuleitungssystem zur\u00fcck gesendet wird, wenn der Kraftstoff den maximalen F\u00fcllstand erreicht hat.<\/p>\n","protected":false},"excerpt":{"rendered":"<p>Die Sonde zum Schutz vor Tank\u00fcberf\u00fcllung Modell OP\/02 wurde f\u00fcr die Verwendung in Massenspeichertanks f\u00fcr Kraftstoffe konstruiert und funktioniert, indem ein Signal an das Kraftstoffzuleitungssystem zur\u00fcck gesendet wird, wenn der Kraftstoff den maximalen F\u00fcllstand erreicht hat.<\/p>\n","protected":false},"featured_media":7753,"template":"","meta":{"_monsterinsights_skip_tracking":false,"_monsterinsights_sitenote_active":false,"_monsterinsights_sitenote_note":"","_monsterinsights_sitenote_category":0},"product_brand":[],"product_cat":[175],"product_tag":[],"class_list":{"0":"post-9295","1":"product","2":"type-product","3":"status-publish","4":"has-post-thumbnail","6":"product_cat-temperatursensoren-schalter","8":"first","9":"instock","10":"shipping-taxable","11":"product-type-simple"},"yoast_head":"<!-- This site is optimized with the Yoast SEO plugin v27.4 - https:\/\/yoast.com\/product\/yoast-seo-wordpress\/ -->\n<title>Tank\u00fcberf\u00fcllschutzsonde - OP \/ 02 - Rochester Sensors<\/title>\n<meta name=\"robots\" content=\"index, follow, max-snippet:-1, max-image-preview:large, max-video-preview:-1\" \/>\n<link rel=\"canonical\" href=\"https:\/\/www.rochestersensors.co.uk\/de\/produkt\/tank-uberfullschutz-sonde-op02\/\" \/>\n<meta property=\"og:locale\" content=\"de_DE\" \/>\n<meta property=\"og:type\" content=\"article\" \/>\n<meta property=\"og:title\" content=\"Tank\u00fcberf\u00fcllschutzsonde - OP \/ 02 - Rochester Sensors\" \/>\n<meta property=\"og:description\" content=\"Die Sonde zum Schutz vor Tank\u00fcberf\u00fcllung Modell OP\/02 wurde f\u00fcr die Verwendung in Massenspeichertanks f\u00fcr Kraftstoffe konstruiert und funktioniert, indem ein Signal an das Kraftstoffzuleitungssystem zur\u00fcck gesendet wird, wenn der Kraftstoff den maximalen F\u00fcllstand erreicht hat.\" \/>\n<meta property=\"og:url\" content=\"https:\/\/www.rochestersensors.co.uk\/de\/produkt\/tank-uberfullschutz-sonde-op02\/\" \/>\n<meta property=\"og:site_name\" content=\"Rochester Sensors\" \/>\n<meta property=\"article:modified_time\" content=\"2020-12-08T15:30:16+00:00\" \/>\n<meta property=\"og:image\" content=\"https:\/\/www.rochestersensors.co.uk\/wp-content\/uploads\/2016\/01\/OP_01ClearSQ.jpg\" \/>\n\t<meta property=\"og:image:width\" content=\"875\" \/>\n\t<meta property=\"og:image:height\" content=\"875\" \/>\n\t<meta property=\"og:image:type\" content=\"image\/jpeg\" \/>\n<script type=\"application\/ld+json\" class=\"yoast-schema-graph\">{\"@context\":\"https:\\\/\\\/schema.org\",\"@graph\":[{\"@type\":\"WebPage\",\"@id\":\"https:\\\/\\\/www.rochestersensors.co.uk\\\/de\\\/produkt\\\/tank-uberfullschutz-sonde-op02\\\/\",\"url\":\"https:\\\/\\\/www.rochestersensors.co.uk\\\/de\\\/produkt\\\/tank-uberfullschutz-sonde-op02\\\/\",\"name\":\"Tank\u00fcberf\u00fcllschutzsonde - OP \\\/ 02 - Rochester Sensors\",\"isPartOf\":{\"@id\":\"https:\\\/\\\/www.rochestersensors.co.uk\\\/fr\\\/#website\"},\"primaryImageOfPage\":{\"@id\":\"https:\\\/\\\/www.rochestersensors.co.uk\\\/de\\\/produkt\\\/tank-uberfullschutz-sonde-op02\\\/#primaryimage\"},\"image\":{\"@id\":\"https:\\\/\\\/www.rochestersensors.co.uk\\\/de\\\/produkt\\\/tank-uberfullschutz-sonde-op02\\\/#primaryimage\"},\"thumbnailUrl\":\"https:\\\/\\\/www.rochestersensors.co.uk\\\/wp-content\\\/uploads\\\/2016\\\/01\\\/OP_01ClearSQ.jpg\",\"datePublished\":\"2020-12-02T15:47:08+00:00\",\"dateModified\":\"2020-12-08T15:30:16+00:00\",\"breadcrumb\":{\"@id\":\"https:\\\/\\\/www.rochestersensors.co.uk\\\/de\\\/produkt\\\/tank-uberfullschutz-sonde-op02\\\/#breadcrumb\"},\"inLanguage\":\"de-DE\",\"potentialAction\":[{\"@type\":\"ReadAction\",\"target\":[\"https:\\\/\\\/www.rochestersensors.co.uk\\\/de\\\/produkt\\\/tank-uberfullschutz-sonde-op02\\\/\"]}]},{\"@type\":\"ImageObject\",\"inLanguage\":\"de-DE\",\"@id\":\"https:\\\/\\\/www.rochestersensors.co.uk\\\/de\\\/produkt\\\/tank-uberfullschutz-sonde-op02\\\/#primaryimage\",\"url\":\"https:\\\/\\\/www.rochestersensors.co.uk\\\/wp-content\\\/uploads\\\/2016\\\/01\\\/OP_01ClearSQ.jpg\",\"contentUrl\":\"https:\\\/\\\/www.rochestersensors.co.uk\\\/wp-content\\\/uploads\\\/2016\\\/01\\\/OP_01ClearSQ.jpg\",\"width\":875,\"height\":875,\"caption\":\"Tank\u00fcberf\u00fcllschutzsonde - OP \\\/ 02\"},{\"@type\":\"BreadcrumbList\",\"@id\":\"https:\\\/\\\/www.rochestersensors.co.uk\\\/de\\\/produkt\\\/tank-uberfullschutz-sonde-op02\\\/#breadcrumb\",\"itemListElement\":[{\"@type\":\"ListItem\",\"position\":1,\"name\":\"Home\",\"item\":\"https:\\\/\\\/www.rochestersensors.co.uk\\\/de\\\/\"},{\"@type\":\"ListItem\",\"position\":2,\"name\":\"Produkte\",\"item\":\"https:\\\/\\\/www.rochestersensors.co.uk\\\/de\\\/produkte\\\/\"},{\"@type\":\"ListItem\",\"position\":3,\"name\":\"Tank\u00fcberf\u00fcllschutzsonde &#8211; OP \\\/ 02\"}]},{\"@type\":\"WebSite\",\"@id\":\"https:\\\/\\\/www.rochestersensors.co.uk\\\/fr\\\/#website\",\"url\":\"https:\\\/\\\/www.rochestersensors.co.uk\\\/fr\\\/\",\"name\":\"Rochester Sensors\",\"description\":\"We design and manufacture a wide range of liquid level, fuel level, pressure, temperature control and monitoring equipment to customers across the world.\",\"potentialAction\":[{\"@type\":\"SearchAction\",\"target\":{\"@type\":\"EntryPoint\",\"urlTemplate\":\"https:\\\/\\\/www.rochestersensors.co.uk\\\/fr\\\/?s={search_term_string}\"},\"query-input\":{\"@type\":\"PropertyValueSpecification\",\"valueRequired\":true,\"valueName\":\"search_term_string\"}}],\"inLanguage\":\"de-DE\"}]}<\/script>\n<!-- \/ Yoast SEO plugin. -->","yoast_head_json":{"title":"Tank\u00fcberf\u00fcllschutzsonde - OP \/ 02 - Rochester Sensors","robots":{"index":"index","follow":"follow","max-snippet":"max-snippet:-1","max-image-preview":"max-image-preview:large","max-video-preview":"max-video-preview:-1"},"canonical":"https:\/\/www.rochestersensors.co.uk\/de\/produkt\/tank-uberfullschutz-sonde-op02\/","og_locale":"de_DE","og_type":"article","og_title":"Tank\u00fcberf\u00fcllschutzsonde - OP \/ 02 - Rochester Sensors","og_description":"Die Sonde zum Schutz vor Tank\u00fcberf\u00fcllung Modell OP\/02 wurde f\u00fcr die Verwendung in Massenspeichertanks f\u00fcr Kraftstoffe konstruiert und funktioniert, indem ein Signal an das Kraftstoffzuleitungssystem zur\u00fcck gesendet wird, wenn der Kraftstoff den maximalen F\u00fcllstand erreicht hat.","og_url":"https:\/\/www.rochestersensors.co.uk\/de\/produkt\/tank-uberfullschutz-sonde-op02\/","og_site_name":"Rochester Sensors","article_modified_time":"2020-12-08T15:30:16+00:00","og_image":[{"width":875,"height":875,"url":"https:\/\/www.rochestersensors.co.uk\/wp-content\/uploads\/2016\/01\/OP_01ClearSQ.jpg","type":"image\/jpeg"}],"schema":{"@context":"https:\/\/schema.org","@graph":[{"@type":"WebPage","@id":"https:\/\/www.rochestersensors.co.uk\/de\/produkt\/tank-uberfullschutz-sonde-op02\/","url":"https:\/\/www.rochestersensors.co.uk\/de\/produkt\/tank-uberfullschutz-sonde-op02\/","name":"Tank\u00fcberf\u00fcllschutzsonde - OP \/ 02 - Rochester Sensors","isPartOf":{"@id":"https:\/\/www.rochestersensors.co.uk\/fr\/#website"},"primaryImageOfPage":{"@id":"https:\/\/www.rochestersensors.co.uk\/de\/produkt\/tank-uberfullschutz-sonde-op02\/#primaryimage"},"image":{"@id":"https:\/\/www.rochestersensors.co.uk\/de\/produkt\/tank-uberfullschutz-sonde-op02\/#primaryimage"},"thumbnailUrl":"https:\/\/www.rochestersensors.co.uk\/wp-content\/uploads\/2016\/01\/OP_01ClearSQ.jpg","datePublished":"2020-12-02T15:47:08+00:00","dateModified":"2020-12-08T15:30:16+00:00","breadcrumb":{"@id":"https:\/\/www.rochestersensors.co.uk\/de\/produkt\/tank-uberfullschutz-sonde-op02\/#breadcrumb"},"inLanguage":"de-DE","potentialAction":[{"@type":"ReadAction","target":["https:\/\/www.rochestersensors.co.uk\/de\/produkt\/tank-uberfullschutz-sonde-op02\/"]}]},{"@type":"ImageObject","inLanguage":"de-DE","@id":"https:\/\/www.rochestersensors.co.uk\/de\/produkt\/tank-uberfullschutz-sonde-op02\/#primaryimage","url":"https:\/\/www.rochestersensors.co.uk\/wp-content\/uploads\/2016\/01\/OP_01ClearSQ.jpg","contentUrl":"https:\/\/www.rochestersensors.co.uk\/wp-content\/uploads\/2016\/01\/OP_01ClearSQ.jpg","width":875,"height":875,"caption":"Tank\u00fcberf\u00fcllschutzsonde - OP \/ 02"},{"@type":"BreadcrumbList","@id":"https:\/\/www.rochestersensors.co.uk\/de\/produkt\/tank-uberfullschutz-sonde-op02\/#breadcrumb","itemListElement":[{"@type":"ListItem","position":1,"name":"Home","item":"https:\/\/www.rochestersensors.co.uk\/de\/"},{"@type":"ListItem","position":2,"name":"Produkte","item":"https:\/\/www.rochestersensors.co.uk\/de\/produkte\/"},{"@type":"ListItem","position":3,"name":"Tank\u00fcberf\u00fcllschutzsonde &#8211; OP \/ 02"}]},{"@type":"WebSite","@id":"https:\/\/www.rochestersensors.co.uk\/fr\/#website","url":"https:\/\/www.rochestersensors.co.uk\/fr\/","name":"Rochester Sensors","description":"We design and manufacture a wide range of liquid level, fuel level, pressure, temperature control and monitoring equipment to customers across the world.","potentialAction":[{"@type":"SearchAction","target":{"@type":"EntryPoint","urlTemplate":"https:\/\/www.rochestersensors.co.uk\/fr\/?s={search_term_string}"},"query-input":{"@type":"PropertyValueSpecification","valueRequired":true,"valueName":"search_term_string"}}],"inLanguage":"de-DE"}]}},"_links":{"self":[{"href":"https:\/\/www.rochestersensors.co.uk\/de\/wp-json\/wp\/v2\/product\/9295","targetHints":{"allow":["GET"]}}],"collection":[{"href":"https:\/\/www.rochestersensors.co.uk\/de\/wp-json\/wp\/v2\/product"}],"about":[{"href":"https:\/\/www.rochestersensors.co.uk\/de\/wp-json\/wp\/v2\/types\/product"}],"wp:featuredmedia":[{"embeddable":true,"href":"https:\/\/www.rochestersensors.co.uk\/de\/wp-json\/wp\/v2\/media\/7753"}],"wp:attachment":[{"href":"https:\/\/www.rochestersensors.co.uk\/de\/wp-json\/wp\/v2\/media?parent=9295"}],"wp:term":[{"taxonomy":"product_brand","embeddable":true,"href":"https:\/\/www.rochestersensors.co.uk\/de\/wp-json\/wp\/v2\/product_brand?post=9295"},{"taxonomy":"product_cat","embeddable":true,"href":"https:\/\/www.rochestersensors.co.uk\/de\/wp-json\/wp\/v2\/product_cat?post=9295"},{"taxonomy":"product_tag","embeddable":true,"href":"https:\/\/www.rochestersensors.co.uk\/de\/wp-json\/wp\/v2\/product_tag?post=9295"}],"curies":[{"name":"wp","href":"https:\/\/api.w.org\/{rel}","templated":true}]}}