{"id":9278,"date":"2014-09-18T11:44:34","date_gmt":"2020-12-02T13:20:00","guid":{"rendered":"https:\/\/www.rochestersensors.co.uk\/product\/kraftstofftankdeckel-und-messgeraete\/"},"modified":"2020-12-09T11:29:29","modified_gmt":"2020-12-09T11:29:29","slug":"kraftstofftankanzeigen-und-deckel","status":"publish","type":"product","link":"https:\/\/www.rochestersensors.co.uk\/de\/produkt\/kraftstofftankanzeigen-und-deckel\/","title":{"rendered":"Kraftstofftankdeckel Und &#8211; Messger\u00e4te"},"content":{"rendered":"<p><span style=\"color: #000000;\">Ein gro\u00dfes Sortiment an Tankmessger\u00e4ten, Tankdeckeln und Messst\u00e4ben, die in der Farbe, der Skalenmarkierung und alternativen Materialien kundenspezifisch angepasst werden k\u00f6nnen.<\/span><\/p>\n","protected":false},"excerpt":{"rendered":"<p>Ein gro\u00dfes Sortiment an Tankmessger\u00e4ten, Tankdeckeln und Messst\u00e4ben, die in der Farbe, der Skalenmarkierung und alternativen Materialien kundenspezifisch angepasst werden k\u00f6nnen.<\/p>\n","protected":false},"featured_media":7585,"template":"","meta":{"_monsterinsights_skip_tracking":false,"_monsterinsights_sitenote_active":false,"_monsterinsights_sitenote_note":"","_monsterinsights_sitenote_category":0},"product_brand":[],"product_cat":[176],"product_tag":[],"class_list":{"0":"post-9278","1":"product","2":"type-product","3":"status-publish","4":"has-post-thumbnail","6":"product_cat-inhaltsmesser","8":"first","9":"instock","10":"shipping-taxable","11":"product-type-simple"},"yoast_head":"<!-- This site is optimized with the Yoast SEO plugin v27.4 - https:\/\/yoast.com\/product\/yoast-seo-wordpress\/ -->\n<title>Kraftstofftankdeckel Und - Messger\u00e4te - Rochester Sensors<\/title>\n<meta name=\"description\" content=\"Kaufen Sie in Rochester Sensorss breitem Sortiment an anpassbaren Kraftstoffstandsanzeigen, Kraftstoffstandmessern, \u00d6lmessst\u00e4ben und Einf\u00fclldeckeln.\" \/>\n<meta name=\"robots\" content=\"index, follow, max-snippet:-1, max-image-preview:large, max-video-preview:-1\" \/>\n<link rel=\"canonical\" href=\"https:\/\/www.rochestersensors.co.uk\/de\/produkt\/kraftstofftankanzeigen-und-deckel\/\" \/>\n<meta property=\"og:locale\" content=\"de_DE\" \/>\n<meta property=\"og:type\" content=\"article\" \/>\n<meta property=\"og:title\" content=\"Kraftstofftankdeckel Und - Messger\u00e4te - Rochester Sensors\" \/>\n<meta property=\"og:description\" content=\"Kaufen Sie in Rochester Sensorss breitem Sortiment an anpassbaren Kraftstoffstandsanzeigen, Kraftstoffstandmessern, \u00d6lmessst\u00e4ben und Einf\u00fclldeckeln.\" \/>\n<meta property=\"og:url\" content=\"https:\/\/www.rochestersensors.co.uk\/de\/produkt\/kraftstofftankanzeigen-und-deckel\/\" \/>\n<meta property=\"og:site_name\" content=\"Rochester Sensors\" \/>\n<meta property=\"article:modified_time\" content=\"2020-12-09T11:29:29+00:00\" \/>\n<meta property=\"og:image\" content=\"https:\/\/www.rochestersensors.co.uk\/wp-content\/uploads\/2016\/01\/KelchCapsAndGaugesClearSQ.jpg\" \/>\n\t<meta property=\"og:image:width\" content=\"808\" \/>\n\t<meta property=\"og:image:height\" content=\"808\" \/>\n\t<meta property=\"og:image:type\" content=\"image\/jpeg\" \/>\n<script type=\"application\/ld+json\" class=\"yoast-schema-graph\">{\"@context\":\"https:\\\/\\\/schema.org\",\"@graph\":[{\"@type\":\"WebPage\",\"@id\":\"https:\\\/\\\/www.rochestersensors.co.uk\\\/de\\\/produkt\\\/kraftstofftankanzeigen-und-deckel\\\/\",\"url\":\"https:\\\/\\\/www.rochestersensors.co.uk\\\/de\\\/produkt\\\/kraftstofftankanzeigen-und-deckel\\\/\",\"name\":\"Kraftstofftankdeckel Und - Messger\u00e4te - Rochester Sensors\",\"isPartOf\":{\"@id\":\"https:\\\/\\\/www.rochestersensors.co.uk\\\/fr\\\/#website\"},\"primaryImageOfPage\":{\"@id\":\"https:\\\/\\\/www.rochestersensors.co.uk\\\/de\\\/produkt\\\/kraftstofftankanzeigen-und-deckel\\\/#primaryimage\"},\"image\":{\"@id\":\"https:\\\/\\\/www.rochestersensors.co.uk\\\/de\\\/produkt\\\/kraftstofftankanzeigen-und-deckel\\\/#primaryimage\"},\"thumbnailUrl\":\"https:\\\/\\\/www.rochestersensors.co.uk\\\/wp-content\\\/uploads\\\/2016\\\/01\\\/KelchCapsAndGaugesClearSQ.jpg\",\"datePublished\":\"2020-12-02T13:20:00+00:00\",\"dateModified\":\"2020-12-09T11:29:29+00:00\",\"description\":\"Kaufen Sie in Rochester Sensorss breitem Sortiment an anpassbaren Kraftstoffstandsanzeigen, Kraftstoffstandmessern, \u00d6lmessst\u00e4ben und Einf\u00fclldeckeln.\",\"breadcrumb\":{\"@id\":\"https:\\\/\\\/www.rochestersensors.co.uk\\\/de\\\/produkt\\\/kraftstofftankanzeigen-und-deckel\\\/#breadcrumb\"},\"inLanguage\":\"de-DE\",\"potentialAction\":[{\"@type\":\"ReadAction\",\"target\":[\"https:\\\/\\\/www.rochestersensors.co.uk\\\/de\\\/produkt\\\/kraftstofftankanzeigen-und-deckel\\\/\"]}]},{\"@type\":\"ImageObject\",\"inLanguage\":\"de-DE\",\"@id\":\"https:\\\/\\\/www.rochestersensors.co.uk\\\/de\\\/produkt\\\/kraftstofftankanzeigen-und-deckel\\\/#primaryimage\",\"url\":\"https:\\\/\\\/www.rochestersensors.co.uk\\\/wp-content\\\/uploads\\\/2016\\\/01\\\/KelchCapsAndGaugesClearSQ.jpg\",\"contentUrl\":\"https:\\\/\\\/www.rochestersensors.co.uk\\\/wp-content\\\/uploads\\\/2016\\\/01\\\/KelchCapsAndGaugesClearSQ.jpg\",\"width\":808,\"height\":808,\"caption\":\"Eine Sammlung von Tankanzeigern und -deckeln\"},{\"@type\":\"BreadcrumbList\",\"@id\":\"https:\\\/\\\/www.rochestersensors.co.uk\\\/de\\\/produkt\\\/kraftstofftankanzeigen-und-deckel\\\/#breadcrumb\",\"itemListElement\":[{\"@type\":\"ListItem\",\"position\":1,\"name\":\"Home\",\"item\":\"https:\\\/\\\/www.rochestersensors.co.uk\\\/de\\\/\"},{\"@type\":\"ListItem\",\"position\":2,\"name\":\"Produkte\",\"item\":\"https:\\\/\\\/www.rochestersensors.co.uk\\\/de\\\/produkte\\\/\"},{\"@type\":\"ListItem\",\"position\":3,\"name\":\"Kraftstofftankdeckel Und &#8211; Messger\u00e4te\"}]},{\"@type\":\"WebSite\",\"@id\":\"https:\\\/\\\/www.rochestersensors.co.uk\\\/fr\\\/#website\",\"url\":\"https:\\\/\\\/www.rochestersensors.co.uk\\\/fr\\\/\",\"name\":\"Rochester Sensors\",\"description\":\"We design and manufacture a wide range of liquid level, fuel level, pressure, temperature control and monitoring equipment to customers across the world.\",\"potentialAction\":[{\"@type\":\"SearchAction\",\"target\":{\"@type\":\"EntryPoint\",\"urlTemplate\":\"https:\\\/\\\/www.rochestersensors.co.uk\\\/fr\\\/?s={search_term_string}\"},\"query-input\":{\"@type\":\"PropertyValueSpecification\",\"valueRequired\":true,\"valueName\":\"search_term_string\"}}],\"inLanguage\":\"de-DE\"}]}<\/script>\n<!-- \/ Yoast SEO plugin. -->","yoast_head_json":{"title":"Kraftstofftankdeckel Und - Messger\u00e4te - Rochester Sensors","description":"Kaufen Sie in Rochester Sensorss breitem Sortiment an anpassbaren Kraftstoffstandsanzeigen, Kraftstoffstandmessern, \u00d6lmessst\u00e4ben und Einf\u00fclldeckeln.","robots":{"index":"index","follow":"follow","max-snippet":"max-snippet:-1","max-image-preview":"max-image-preview:large","max-video-preview":"max-video-preview:-1"},"canonical":"https:\/\/www.rochestersensors.co.uk\/de\/produkt\/kraftstofftankanzeigen-und-deckel\/","og_locale":"de_DE","og_type":"article","og_title":"Kraftstofftankdeckel Und - Messger\u00e4te - Rochester Sensors","og_description":"Kaufen Sie in Rochester Sensorss breitem Sortiment an anpassbaren Kraftstoffstandsanzeigen, Kraftstoffstandmessern, \u00d6lmessst\u00e4ben und Einf\u00fclldeckeln.","og_url":"https:\/\/www.rochestersensors.co.uk\/de\/produkt\/kraftstofftankanzeigen-und-deckel\/","og_site_name":"Rochester Sensors","article_modified_time":"2020-12-09T11:29:29+00:00","og_image":[{"width":808,"height":808,"url":"https:\/\/www.rochestersensors.co.uk\/wp-content\/uploads\/2016\/01\/KelchCapsAndGaugesClearSQ.jpg","type":"image\/jpeg"}],"schema":{"@context":"https:\/\/schema.org","@graph":[{"@type":"WebPage","@id":"https:\/\/www.rochestersensors.co.uk\/de\/produkt\/kraftstofftankanzeigen-und-deckel\/","url":"https:\/\/www.rochestersensors.co.uk\/de\/produkt\/kraftstofftankanzeigen-und-deckel\/","name":"Kraftstofftankdeckel Und - Messger\u00e4te - Rochester Sensors","isPartOf":{"@id":"https:\/\/www.rochestersensors.co.uk\/fr\/#website"},"primaryImageOfPage":{"@id":"https:\/\/www.rochestersensors.co.uk\/de\/produkt\/kraftstofftankanzeigen-und-deckel\/#primaryimage"},"image":{"@id":"https:\/\/www.rochestersensors.co.uk\/de\/produkt\/kraftstofftankanzeigen-und-deckel\/#primaryimage"},"thumbnailUrl":"https:\/\/www.rochestersensors.co.uk\/wp-content\/uploads\/2016\/01\/KelchCapsAndGaugesClearSQ.jpg","datePublished":"2020-12-02T13:20:00+00:00","dateModified":"2020-12-09T11:29:29+00:00","description":"Kaufen Sie in Rochester Sensorss breitem Sortiment an anpassbaren Kraftstoffstandsanzeigen, Kraftstoffstandmessern, \u00d6lmessst\u00e4ben und Einf\u00fclldeckeln.","breadcrumb":{"@id":"https:\/\/www.rochestersensors.co.uk\/de\/produkt\/kraftstofftankanzeigen-und-deckel\/#breadcrumb"},"inLanguage":"de-DE","potentialAction":[{"@type":"ReadAction","target":["https:\/\/www.rochestersensors.co.uk\/de\/produkt\/kraftstofftankanzeigen-und-deckel\/"]}]},{"@type":"ImageObject","inLanguage":"de-DE","@id":"https:\/\/www.rochestersensors.co.uk\/de\/produkt\/kraftstofftankanzeigen-und-deckel\/#primaryimage","url":"https:\/\/www.rochestersensors.co.uk\/wp-content\/uploads\/2016\/01\/KelchCapsAndGaugesClearSQ.jpg","contentUrl":"https:\/\/www.rochestersensors.co.uk\/wp-content\/uploads\/2016\/01\/KelchCapsAndGaugesClearSQ.jpg","width":808,"height":808,"caption":"Eine Sammlung von Tankanzeigern und -deckeln"},{"@type":"BreadcrumbList","@id":"https:\/\/www.rochestersensors.co.uk\/de\/produkt\/kraftstofftankanzeigen-und-deckel\/#breadcrumb","itemListElement":[{"@type":"ListItem","position":1,"name":"Home","item":"https:\/\/www.rochestersensors.co.uk\/de\/"},{"@type":"ListItem","position":2,"name":"Produkte","item":"https:\/\/www.rochestersensors.co.uk\/de\/produkte\/"},{"@type":"ListItem","position":3,"name":"Kraftstofftankdeckel Und &#8211; Messger\u00e4te"}]},{"@type":"WebSite","@id":"https:\/\/www.rochestersensors.co.uk\/fr\/#website","url":"https:\/\/www.rochestersensors.co.uk\/fr\/","name":"Rochester Sensors","description":"We design and manufacture a wide range of liquid level, fuel level, pressure, temperature control and monitoring equipment to customers across the world.","potentialAction":[{"@type":"SearchAction","target":{"@type":"EntryPoint","urlTemplate":"https:\/\/www.rochestersensors.co.uk\/fr\/?s={search_term_string}"},"query-input":{"@type":"PropertyValueSpecification","valueRequired":true,"valueName":"search_term_string"}}],"inLanguage":"de-DE"}]}},"_links":{"self":[{"href":"https:\/\/www.rochestersensors.co.uk\/de\/wp-json\/wp\/v2\/product\/9278","targetHints":{"allow":["GET"]}}],"collection":[{"href":"https:\/\/www.rochestersensors.co.uk\/de\/wp-json\/wp\/v2\/product"}],"about":[{"href":"https:\/\/www.rochestersensors.co.uk\/de\/wp-json\/wp\/v2\/types\/product"}],"wp:featuredmedia":[{"embeddable":true,"href":"https:\/\/www.rochestersensors.co.uk\/de\/wp-json\/wp\/v2\/media\/7585"}],"wp:attachment":[{"href":"https:\/\/www.rochestersensors.co.uk\/de\/wp-json\/wp\/v2\/media?parent=9278"}],"wp:term":[{"taxonomy":"product_brand","embeddable":true,"href":"https:\/\/www.rochestersensors.co.uk\/de\/wp-json\/wp\/v2\/product_brand?post=9278"},{"taxonomy":"product_cat","embeddable":true,"href":"https:\/\/www.rochestersensors.co.uk\/de\/wp-json\/wp\/v2\/product_cat?post=9278"},{"taxonomy":"product_tag","embeddable":true,"href":"https:\/\/www.rochestersensors.co.uk\/de\/wp-json\/wp\/v2\/product_tag?post=9278"}],"curies":[{"name":"wp","href":"https:\/\/api.w.org\/{rel}","templated":true}]}}