{"id":9274,"date":"2014-09-18T13:13:59","date_gmt":"2014-09-18T13:13:59","guid":{"rendered":"https:\/\/www.rochestersensors.co.uk\/product\/kapazitaets-fluessigkeitsstandsensor-t-ll130\/"},"modified":"2020-12-08T16:00:07","modified_gmt":"2020-12-08T16:00:07","slug":"kapazitats-flussigkeitsstand-sensor-tll130","status":"publish","type":"product","link":"https:\/\/www.rochestersensors.co.uk\/de\/produkt\/kapazitats-flussigkeitsstand-sensor-tll130\/","title":{"rendered":"KAPAZITIVER F\u00dcLLSTANDSSENSOR \u2013 T\/LL130"},"content":{"rendered":"<p>Ein F\u00fcllstandssensor, der eine kontinuierliche Ausgabe des Tankinhalts entweder im Widerstands- oder Spannungsformat liefert. Er ist erh\u00e4ltlich f\u00fcr Tanktiefen zwischen 200 mm und 2000 mm und kann mit allen Fl\u00fcssigkeiten verwendet werden, die f\u00fcr die fluidber\u00fchrenden Teile vertr\u00e4glich sind.<\/p>\n","protected":false},"excerpt":{"rendered":"<p>Die T\/LL130 Serie ist zum Einsatz in Wasser-, K\u00fchlfl\u00fcssigkeits- oder Kraftstoff-\/\u00d6ltanks bestimmt und verf\u00fcgt \u00fcber einen werkseitig eingestellten variablen ohmschen oder Spannungsausgang, der f\u00fcr standardm\u00e4\u00dfige Kraftstoffmesser der Fahrzeugindustrie oder zum Anschluss an eine SPS geeignet ist.<\/p>\n<p>Das Ger\u00e4t kommt ohne bewegliche Teile aus, die sich verklemmen oder abnutzen k\u00f6nnen, und kann in jedem beliebigen Horizontalwinkel montiert werden, solange die gesamte Tiefe des Tanks abgedeckt wird (Einheit kann nicht invertiert werden). Eine manuelle Kalibrierfunktion ist optional erh\u00e4ltlich.<\/p>\n","protected":false},"featured_media":7702,"template":"","meta":{"_monsterinsights_skip_tracking":false,"_monsterinsights_sitenote_active":false,"_monsterinsights_sitenote_note":"","_monsterinsights_sitenote_category":0},"product_brand":[],"product_cat":[164,165],"product_tag":[],"class_list":{"0":"post-9274","1":"product","2":"type-product","3":"status-publish","4":"has-post-thumbnail","6":"product_cat-elektronische-fullstandssensoren","7":"product_cat-tankfullstandssensoren","9":"first","10":"instock","11":"shipping-taxable","12":"product-type-simple"},"yoast_head":"<!-- This site is optimized with the Yoast SEO plugin v27.3 - https:\/\/yoast.com\/product\/yoast-seo-wordpress\/ -->\n<title>KAPAZITIVER F\u00dcLLSTANDSSENSOR \u2013 T\/LL130 - Rochester Sensors<\/title>\n<meta name=\"robots\" content=\"index, follow, max-snippet:-1, max-image-preview:large, max-video-preview:-1\" \/>\n<link rel=\"canonical\" href=\"https:\/\/www.rochestersensors.co.uk\/de\/produkt\/kapazitats-flussigkeitsstand-sensor-tll130\/\" \/>\n<meta property=\"og:locale\" content=\"de_DE\" \/>\n<meta property=\"og:type\" content=\"article\" \/>\n<meta property=\"og:title\" content=\"KAPAZITIVER F\u00dcLLSTANDSSENSOR \u2013 T\/LL130 - Rochester Sensors\" \/>\n<meta property=\"og:description\" content=\"Die T\/LL130 Serie ist zum Einsatz in Wasser-, K\u00fchlfl\u00fcssigkeits- oder Kraftstoff-\/\u00d6ltanks bestimmt und verf\u00fcgt \u00fcber einen werkseitig eingestellten variablen ohmschen oder Spannungsausgang, der f\u00fcr standardm\u00e4\u00dfige Kraftstoffmesser der Fahrzeugindustrie oder zum Anschluss an eine SPS geeignet ist.  Das Ger\u00e4t kommt ohne bewegliche Teile aus, die sich verklemmen oder abnutzen k\u00f6nnen, und kann in jedem beliebigen Horizontalwinkel montiert werden, solange die gesamte Tiefe des Tanks abgedeckt wird (Einheit kann nicht invertiert werden). Eine manuelle Kalibrierfunktion ist optional erh\u00e4ltlich.\" \/>\n<meta property=\"og:url\" content=\"https:\/\/www.rochestersensors.co.uk\/de\/produkt\/kapazitats-flussigkeitsstand-sensor-tll130\/\" \/>\n<meta property=\"og:site_name\" content=\"Rochester Sensors\" \/>\n<meta property=\"article:modified_time\" content=\"2020-12-08T16:00:07+00:00\" \/>\n<meta property=\"og:image\" content=\"https:\/\/www.rochestersensors.co.uk\/wp-content\/uploads\/2016\/01\/TLL130-in-liquid.jpg\" \/>\n\t<meta property=\"og:image:width\" content=\"875\" \/>\n\t<meta property=\"og:image:height\" content=\"875\" \/>\n\t<meta property=\"og:image:type\" content=\"image\/jpeg\" \/>\n<script type=\"application\/ld+json\" class=\"yoast-schema-graph\">{\"@context\":\"https:\\\/\\\/schema.org\",\"@graph\":[{\"@type\":\"WebPage\",\"@id\":\"https:\\\/\\\/www.rochestersensors.co.uk\\\/de\\\/produkt\\\/kapazitats-flussigkeitsstand-sensor-tll130\\\/\",\"url\":\"https:\\\/\\\/www.rochestersensors.co.uk\\\/de\\\/produkt\\\/kapazitats-flussigkeitsstand-sensor-tll130\\\/\",\"name\":\"KAPAZITIVER F\u00dcLLSTANDSSENSOR \u2013 T\\\/LL130 - Rochester Sensors\",\"isPartOf\":{\"@id\":\"https:\\\/\\\/www.rochestersensors.co.uk\\\/fr\\\/#website\"},\"primaryImageOfPage\":{\"@id\":\"https:\\\/\\\/www.rochestersensors.co.uk\\\/de\\\/produkt\\\/kapazitats-flussigkeitsstand-sensor-tll130\\\/#primaryimage\"},\"image\":{\"@id\":\"https:\\\/\\\/www.rochestersensors.co.uk\\\/de\\\/produkt\\\/kapazitats-flussigkeitsstand-sensor-tll130\\\/#primaryimage\"},\"thumbnailUrl\":\"https:\\\/\\\/www.rochestersensors.co.uk\\\/wp-content\\\/uploads\\\/2016\\\/01\\\/TLL130-in-liquid.jpg\",\"datePublished\":\"2014-09-18T13:13:59+00:00\",\"dateModified\":\"2020-12-08T16:00:07+00:00\",\"breadcrumb\":{\"@id\":\"https:\\\/\\\/www.rochestersensors.co.uk\\\/de\\\/produkt\\\/kapazitats-flussigkeitsstand-sensor-tll130\\\/#breadcrumb\"},\"inLanguage\":\"de-DE\",\"potentialAction\":[{\"@type\":\"ReadAction\",\"target\":[\"https:\\\/\\\/www.rochestersensors.co.uk\\\/de\\\/produkt\\\/kapazitats-flussigkeitsstand-sensor-tll130\\\/\"]}]},{\"@type\":\"ImageObject\",\"inLanguage\":\"de-DE\",\"@id\":\"https:\\\/\\\/www.rochestersensors.co.uk\\\/de\\\/produkt\\\/kapazitats-flussigkeitsstand-sensor-tll130\\\/#primaryimage\",\"url\":\"https:\\\/\\\/www.rochestersensors.co.uk\\\/wp-content\\\/uploads\\\/2016\\\/01\\\/TLL130-in-liquid.jpg\",\"contentUrl\":\"https:\\\/\\\/www.rochestersensors.co.uk\\\/wp-content\\\/uploads\\\/2016\\\/01\\\/TLL130-in-liquid.jpg\",\"width\":875,\"height\":875,\"caption\":\"Fl\u00fcssigkeitsstandsensor T \\\/ LL130 in Fl\u00fcssigkeit\"},{\"@type\":\"BreadcrumbList\",\"@id\":\"https:\\\/\\\/www.rochestersensors.co.uk\\\/de\\\/produkt\\\/kapazitats-flussigkeitsstand-sensor-tll130\\\/#breadcrumb\",\"itemListElement\":[{\"@type\":\"ListItem\",\"position\":1,\"name\":\"Home\",\"item\":\"https:\\\/\\\/www.rochestersensors.co.uk\\\/de\\\/\"},{\"@type\":\"ListItem\",\"position\":2,\"name\":\"Produkte\",\"item\":\"https:\\\/\\\/www.rochestersensors.co.uk\\\/de\\\/produkte\\\/\"},{\"@type\":\"ListItem\",\"position\":3,\"name\":\"KAPAZITIVER F\u00dcLLSTANDSSENSOR \u2013 T\\\/LL130\"}]},{\"@type\":\"WebSite\",\"@id\":\"https:\\\/\\\/www.rochestersensors.co.uk\\\/fr\\\/#website\",\"url\":\"https:\\\/\\\/www.rochestersensors.co.uk\\\/fr\\\/\",\"name\":\"Rochester Sensors\",\"description\":\"We design and manufacture a wide range of liquid level, fuel level, pressure, temperature control and monitoring equipment to customers across the world.\",\"potentialAction\":[{\"@type\":\"SearchAction\",\"target\":{\"@type\":\"EntryPoint\",\"urlTemplate\":\"https:\\\/\\\/www.rochestersensors.co.uk\\\/fr\\\/?s={search_term_string}\"},\"query-input\":{\"@type\":\"PropertyValueSpecification\",\"valueRequired\":true,\"valueName\":\"search_term_string\"}}],\"inLanguage\":\"de-DE\"}]}<\/script>\n<!-- \/ Yoast SEO plugin. -->","yoast_head_json":{"title":"KAPAZITIVER F\u00dcLLSTANDSSENSOR \u2013 T\/LL130 - Rochester Sensors","robots":{"index":"index","follow":"follow","max-snippet":"max-snippet:-1","max-image-preview":"max-image-preview:large","max-video-preview":"max-video-preview:-1"},"canonical":"https:\/\/www.rochestersensors.co.uk\/de\/produkt\/kapazitats-flussigkeitsstand-sensor-tll130\/","og_locale":"de_DE","og_type":"article","og_title":"KAPAZITIVER F\u00dcLLSTANDSSENSOR \u2013 T\/LL130 - Rochester Sensors","og_description":"Die T\/LL130 Serie ist zum Einsatz in Wasser-, K\u00fchlfl\u00fcssigkeits- oder Kraftstoff-\/\u00d6ltanks bestimmt und verf\u00fcgt \u00fcber einen werkseitig eingestellten variablen ohmschen oder Spannungsausgang, der f\u00fcr standardm\u00e4\u00dfige Kraftstoffmesser der Fahrzeugindustrie oder zum Anschluss an eine SPS geeignet ist.  Das Ger\u00e4t kommt ohne bewegliche Teile aus, die sich verklemmen oder abnutzen k\u00f6nnen, und kann in jedem beliebigen Horizontalwinkel montiert werden, solange die gesamte Tiefe des Tanks abgedeckt wird (Einheit kann nicht invertiert werden). Eine manuelle Kalibrierfunktion ist optional erh\u00e4ltlich.","og_url":"https:\/\/www.rochestersensors.co.uk\/de\/produkt\/kapazitats-flussigkeitsstand-sensor-tll130\/","og_site_name":"Rochester Sensors","article_modified_time":"2020-12-08T16:00:07+00:00","og_image":[{"width":875,"height":875,"url":"https:\/\/www.rochestersensors.co.uk\/wp-content\/uploads\/2016\/01\/TLL130-in-liquid.jpg","type":"image\/jpeg"}],"schema":{"@context":"https:\/\/schema.org","@graph":[{"@type":"WebPage","@id":"https:\/\/www.rochestersensors.co.uk\/de\/produkt\/kapazitats-flussigkeitsstand-sensor-tll130\/","url":"https:\/\/www.rochestersensors.co.uk\/de\/produkt\/kapazitats-flussigkeitsstand-sensor-tll130\/","name":"KAPAZITIVER F\u00dcLLSTANDSSENSOR \u2013 T\/LL130 - Rochester Sensors","isPartOf":{"@id":"https:\/\/www.rochestersensors.co.uk\/fr\/#website"},"primaryImageOfPage":{"@id":"https:\/\/www.rochestersensors.co.uk\/de\/produkt\/kapazitats-flussigkeitsstand-sensor-tll130\/#primaryimage"},"image":{"@id":"https:\/\/www.rochestersensors.co.uk\/de\/produkt\/kapazitats-flussigkeitsstand-sensor-tll130\/#primaryimage"},"thumbnailUrl":"https:\/\/www.rochestersensors.co.uk\/wp-content\/uploads\/2016\/01\/TLL130-in-liquid.jpg","datePublished":"2014-09-18T13:13:59+00:00","dateModified":"2020-12-08T16:00:07+00:00","breadcrumb":{"@id":"https:\/\/www.rochestersensors.co.uk\/de\/produkt\/kapazitats-flussigkeitsstand-sensor-tll130\/#breadcrumb"},"inLanguage":"de-DE","potentialAction":[{"@type":"ReadAction","target":["https:\/\/www.rochestersensors.co.uk\/de\/produkt\/kapazitats-flussigkeitsstand-sensor-tll130\/"]}]},{"@type":"ImageObject","inLanguage":"de-DE","@id":"https:\/\/www.rochestersensors.co.uk\/de\/produkt\/kapazitats-flussigkeitsstand-sensor-tll130\/#primaryimage","url":"https:\/\/www.rochestersensors.co.uk\/wp-content\/uploads\/2016\/01\/TLL130-in-liquid.jpg","contentUrl":"https:\/\/www.rochestersensors.co.uk\/wp-content\/uploads\/2016\/01\/TLL130-in-liquid.jpg","width":875,"height":875,"caption":"Fl\u00fcssigkeitsstandsensor T \/ LL130 in Fl\u00fcssigkeit"},{"@type":"BreadcrumbList","@id":"https:\/\/www.rochestersensors.co.uk\/de\/produkt\/kapazitats-flussigkeitsstand-sensor-tll130\/#breadcrumb","itemListElement":[{"@type":"ListItem","position":1,"name":"Home","item":"https:\/\/www.rochestersensors.co.uk\/de\/"},{"@type":"ListItem","position":2,"name":"Produkte","item":"https:\/\/www.rochestersensors.co.uk\/de\/produkte\/"},{"@type":"ListItem","position":3,"name":"KAPAZITIVER F\u00dcLLSTANDSSENSOR \u2013 T\/LL130"}]},{"@type":"WebSite","@id":"https:\/\/www.rochestersensors.co.uk\/fr\/#website","url":"https:\/\/www.rochestersensors.co.uk\/fr\/","name":"Rochester Sensors","description":"We design and manufacture a wide range of liquid level, fuel level, pressure, temperature control and monitoring equipment to customers across the world.","potentialAction":[{"@type":"SearchAction","target":{"@type":"EntryPoint","urlTemplate":"https:\/\/www.rochestersensors.co.uk\/fr\/?s={search_term_string}"},"query-input":{"@type":"PropertyValueSpecification","valueRequired":true,"valueName":"search_term_string"}}],"inLanguage":"de-DE"}]}},"_links":{"self":[{"href":"https:\/\/www.rochestersensors.co.uk\/de\/wp-json\/wp\/v2\/product\/9274","targetHints":{"allow":["GET"]}}],"collection":[{"href":"https:\/\/www.rochestersensors.co.uk\/de\/wp-json\/wp\/v2\/product"}],"about":[{"href":"https:\/\/www.rochestersensors.co.uk\/de\/wp-json\/wp\/v2\/types\/product"}],"wp:featuredmedia":[{"embeddable":true,"href":"https:\/\/www.rochestersensors.co.uk\/de\/wp-json\/wp\/v2\/media\/7702"}],"wp:attachment":[{"href":"https:\/\/www.rochestersensors.co.uk\/de\/wp-json\/wp\/v2\/media?parent=9274"}],"wp:term":[{"taxonomy":"product_brand","embeddable":true,"href":"https:\/\/www.rochestersensors.co.uk\/de\/wp-json\/wp\/v2\/product_brand?post=9274"},{"taxonomy":"product_cat","embeddable":true,"href":"https:\/\/www.rochestersensors.co.uk\/de\/wp-json\/wp\/v2\/product_cat?post=9274"},{"taxonomy":"product_tag","embeddable":true,"href":"https:\/\/www.rochestersensors.co.uk\/de\/wp-json\/wp\/v2\/product_tag?post=9274"}],"curies":[{"name":"wp","href":"https:\/\/api.w.org\/{rel}","templated":true}]}}