{"id":9264,"date":"2014-09-18T14:49:17","date_gmt":"2020-12-02T11:53:53","guid":{"rendered":"https:\/\/www.rochestersensors.co.uk\/product\/einpunkt-schwimmschalter-fuer-seitlichen-einbau\/"},"modified":"2020-12-08T15:14:31","modified_gmt":"2020-12-08T15:14:31","slug":"side-entry-single-point-float-schalter","status":"publish","type":"product","link":"https:\/\/www.rochestersensors.co.uk\/de\/produkt\/side-entry-single-point-float-schalter\/","title":{"rendered":"EINPUNKT-SCHWIMMSCHALTER F\u00dcR SEITLICHEN EINBAU"},"content":{"rendered":"<p><span style=\"color: #000000;\">Sortiment von Einpunkt-Schwimmschaltern f\u00fcr den seitlichen Einbau zur Verwendung f\u00fcr F\u00fcllstandsalarme, die h\u00e4ufig in K\u00fchlungs- oder Hydraulik\u00f6l-Anwendungen verwendet werden.<\/span><\/p>\n","protected":false},"excerpt":{"rendered":"<p>Sortiment von Einpunkt-Schwimmschaltern f\u00fcr den seitlichen Einbau zur Verwendung f\u00fcr F\u00fcllstandsalarme, die h\u00e4ufig in K\u00fchlungs- oder Hydraulik\u00f6l-Anwendungen verwendet werden.<\/p>\n","protected":false},"featured_media":7642,"template":"","meta":{"_monsterinsights_skip_tracking":false,"_monsterinsights_sitenote_active":false,"_monsterinsights_sitenote_note":"","_monsterinsights_sitenote_category":0},"product_brand":[],"product_cat":[173],"product_tag":[],"class_list":{"0":"post-9264","1":"product","2":"type-product","3":"status-publish","4":"has-post-thumbnail","6":"product_cat-elektromechanische-fullstandsschalter-und-sensoren","8":"first","9":"instock","10":"shipping-taxable","11":"product-type-simple"},"yoast_head":"<!-- This site is optimized with the Yoast SEO plugin v27.4 - https:\/\/yoast.com\/product\/yoast-seo-wordpress\/ -->\n<title>EINPUNKT-SCHWIMMSCHALTER F\u00dcR SEITLICHEN EINBAU - Rochester Sensors<\/title>\n<meta name=\"robots\" content=\"index, follow, max-snippet:-1, max-image-preview:large, max-video-preview:-1\" \/>\n<link rel=\"canonical\" href=\"https:\/\/www.rochestersensors.co.uk\/de\/produkt\/side-entry-single-point-float-schalter\/\" \/>\n<meta property=\"og:locale\" content=\"de_DE\" \/>\n<meta property=\"og:type\" content=\"article\" \/>\n<meta property=\"og:title\" content=\"EINPUNKT-SCHWIMMSCHALTER F\u00dcR SEITLICHEN EINBAU - Rochester Sensors\" \/>\n<meta property=\"og:description\" content=\"Sortiment von Einpunkt-Schwimmschaltern f\u00fcr den seitlichen Einbau zur Verwendung f\u00fcr F\u00fcllstandsalarme, die h\u00e4ufig in K\u00fchlungs- oder Hydraulik\u00f6l-Anwendungen verwendet werden.\" \/>\n<meta property=\"og:url\" content=\"https:\/\/www.rochestersensors.co.uk\/de\/produkt\/side-entry-single-point-float-schalter\/\" \/>\n<meta property=\"og:site_name\" content=\"Rochester Sensors\" \/>\n<meta property=\"article:modified_time\" content=\"2020-12-08T15:14:31+00:00\" \/>\n<meta property=\"og:image\" content=\"https:\/\/www.rochestersensors.co.uk\/wp-content\/uploads\/2016\/01\/SideEntryClearSQ.jpg\" \/>\n\t<meta property=\"og:image:width\" content=\"875\" \/>\n\t<meta property=\"og:image:height\" content=\"875\" \/>\n\t<meta property=\"og:image:type\" content=\"image\/jpeg\" \/>\n<script type=\"application\/ld+json\" class=\"yoast-schema-graph\">{\"@context\":\"https:\\\/\\\/schema.org\",\"@graph\":[{\"@type\":\"WebPage\",\"@id\":\"https:\\\/\\\/www.rochestersensors.co.uk\\\/de\\\/produkt\\\/side-entry-single-point-float-schalter\\\/\",\"url\":\"https:\\\/\\\/www.rochestersensors.co.uk\\\/de\\\/produkt\\\/side-entry-single-point-float-schalter\\\/\",\"name\":\"EINPUNKT-SCHWIMMSCHALTER F\u00dcR SEITLICHEN EINBAU - Rochester Sensors\",\"isPartOf\":{\"@id\":\"https:\\\/\\\/www.rochestersensors.co.uk\\\/fr\\\/#website\"},\"primaryImageOfPage\":{\"@id\":\"https:\\\/\\\/www.rochestersensors.co.uk\\\/de\\\/produkt\\\/side-entry-single-point-float-schalter\\\/#primaryimage\"},\"image\":{\"@id\":\"https:\\\/\\\/www.rochestersensors.co.uk\\\/de\\\/produkt\\\/side-entry-single-point-float-schalter\\\/#primaryimage\"},\"thumbnailUrl\":\"https:\\\/\\\/www.rochestersensors.co.uk\\\/wp-content\\\/uploads\\\/2016\\\/01\\\/SideEntryClearSQ.jpg\",\"datePublished\":\"2020-12-02T11:53:53+00:00\",\"dateModified\":\"2020-12-08T15:14:31+00:00\",\"breadcrumb\":{\"@id\":\"https:\\\/\\\/www.rochestersensors.co.uk\\\/de\\\/produkt\\\/side-entry-single-point-float-schalter\\\/#breadcrumb\"},\"inLanguage\":\"de-DE\",\"potentialAction\":[{\"@type\":\"ReadAction\",\"target\":[\"https:\\\/\\\/www.rochestersensors.co.uk\\\/de\\\/produkt\\\/side-entry-single-point-float-schalter\\\/\"]}]},{\"@type\":\"ImageObject\",\"inLanguage\":\"de-DE\",\"@id\":\"https:\\\/\\\/www.rochestersensors.co.uk\\\/de\\\/produkt\\\/side-entry-single-point-float-schalter\\\/#primaryimage\",\"url\":\"https:\\\/\\\/www.rochestersensors.co.uk\\\/wp-content\\\/uploads\\\/2016\\\/01\\\/SideEntryClearSQ.jpg\",\"contentUrl\":\"https:\\\/\\\/www.rochestersensors.co.uk\\\/wp-content\\\/uploads\\\/2016\\\/01\\\/SideEntryClearSQ.jpg\",\"width\":875,\"height\":875,\"caption\":\"Seiteneingangs-Schwimmerschalter\"},{\"@type\":\"BreadcrumbList\",\"@id\":\"https:\\\/\\\/www.rochestersensors.co.uk\\\/de\\\/produkt\\\/side-entry-single-point-float-schalter\\\/#breadcrumb\",\"itemListElement\":[{\"@type\":\"ListItem\",\"position\":1,\"name\":\"Home\",\"item\":\"https:\\\/\\\/www.rochestersensors.co.uk\\\/de\\\/\"},{\"@type\":\"ListItem\",\"position\":2,\"name\":\"Produkte\",\"item\":\"https:\\\/\\\/www.rochestersensors.co.uk\\\/de\\\/produkte\\\/\"},{\"@type\":\"ListItem\",\"position\":3,\"name\":\"EINPUNKT-SCHWIMMSCHALTER F\u00dcR SEITLICHEN EINBAU\"}]},{\"@type\":\"WebSite\",\"@id\":\"https:\\\/\\\/www.rochestersensors.co.uk\\\/fr\\\/#website\",\"url\":\"https:\\\/\\\/www.rochestersensors.co.uk\\\/fr\\\/\",\"name\":\"Rochester Sensors\",\"description\":\"We design and manufacture a wide range of liquid level, fuel level, pressure, temperature control and monitoring equipment to customers across the world.\",\"potentialAction\":[{\"@type\":\"SearchAction\",\"target\":{\"@type\":\"EntryPoint\",\"urlTemplate\":\"https:\\\/\\\/www.rochestersensors.co.uk\\\/fr\\\/?s={search_term_string}\"},\"query-input\":{\"@type\":\"PropertyValueSpecification\",\"valueRequired\":true,\"valueName\":\"search_term_string\"}}],\"inLanguage\":\"de-DE\"}]}<\/script>\n<!-- \/ Yoast SEO plugin. -->","yoast_head_json":{"title":"EINPUNKT-SCHWIMMSCHALTER F\u00dcR SEITLICHEN EINBAU - Rochester Sensors","robots":{"index":"index","follow":"follow","max-snippet":"max-snippet:-1","max-image-preview":"max-image-preview:large","max-video-preview":"max-video-preview:-1"},"canonical":"https:\/\/www.rochestersensors.co.uk\/de\/produkt\/side-entry-single-point-float-schalter\/","og_locale":"de_DE","og_type":"article","og_title":"EINPUNKT-SCHWIMMSCHALTER F\u00dcR SEITLICHEN EINBAU - Rochester Sensors","og_description":"Sortiment von Einpunkt-Schwimmschaltern f\u00fcr den seitlichen Einbau zur Verwendung f\u00fcr F\u00fcllstandsalarme, die h\u00e4ufig in K\u00fchlungs- oder Hydraulik\u00f6l-Anwendungen verwendet werden.","og_url":"https:\/\/www.rochestersensors.co.uk\/de\/produkt\/side-entry-single-point-float-schalter\/","og_site_name":"Rochester Sensors","article_modified_time":"2020-12-08T15:14:31+00:00","og_image":[{"width":875,"height":875,"url":"https:\/\/www.rochestersensors.co.uk\/wp-content\/uploads\/2016\/01\/SideEntryClearSQ.jpg","type":"image\/jpeg"}],"schema":{"@context":"https:\/\/schema.org","@graph":[{"@type":"WebPage","@id":"https:\/\/www.rochestersensors.co.uk\/de\/produkt\/side-entry-single-point-float-schalter\/","url":"https:\/\/www.rochestersensors.co.uk\/de\/produkt\/side-entry-single-point-float-schalter\/","name":"EINPUNKT-SCHWIMMSCHALTER F\u00dcR SEITLICHEN EINBAU - Rochester Sensors","isPartOf":{"@id":"https:\/\/www.rochestersensors.co.uk\/fr\/#website"},"primaryImageOfPage":{"@id":"https:\/\/www.rochestersensors.co.uk\/de\/produkt\/side-entry-single-point-float-schalter\/#primaryimage"},"image":{"@id":"https:\/\/www.rochestersensors.co.uk\/de\/produkt\/side-entry-single-point-float-schalter\/#primaryimage"},"thumbnailUrl":"https:\/\/www.rochestersensors.co.uk\/wp-content\/uploads\/2016\/01\/SideEntryClearSQ.jpg","datePublished":"2020-12-02T11:53:53+00:00","dateModified":"2020-12-08T15:14:31+00:00","breadcrumb":{"@id":"https:\/\/www.rochestersensors.co.uk\/de\/produkt\/side-entry-single-point-float-schalter\/#breadcrumb"},"inLanguage":"de-DE","potentialAction":[{"@type":"ReadAction","target":["https:\/\/www.rochestersensors.co.uk\/de\/produkt\/side-entry-single-point-float-schalter\/"]}]},{"@type":"ImageObject","inLanguage":"de-DE","@id":"https:\/\/www.rochestersensors.co.uk\/de\/produkt\/side-entry-single-point-float-schalter\/#primaryimage","url":"https:\/\/www.rochestersensors.co.uk\/wp-content\/uploads\/2016\/01\/SideEntryClearSQ.jpg","contentUrl":"https:\/\/www.rochestersensors.co.uk\/wp-content\/uploads\/2016\/01\/SideEntryClearSQ.jpg","width":875,"height":875,"caption":"Seiteneingangs-Schwimmerschalter"},{"@type":"BreadcrumbList","@id":"https:\/\/www.rochestersensors.co.uk\/de\/produkt\/side-entry-single-point-float-schalter\/#breadcrumb","itemListElement":[{"@type":"ListItem","position":1,"name":"Home","item":"https:\/\/www.rochestersensors.co.uk\/de\/"},{"@type":"ListItem","position":2,"name":"Produkte","item":"https:\/\/www.rochestersensors.co.uk\/de\/produkte\/"},{"@type":"ListItem","position":3,"name":"EINPUNKT-SCHWIMMSCHALTER F\u00dcR SEITLICHEN EINBAU"}]},{"@type":"WebSite","@id":"https:\/\/www.rochestersensors.co.uk\/fr\/#website","url":"https:\/\/www.rochestersensors.co.uk\/fr\/","name":"Rochester Sensors","description":"We design and manufacture a wide range of liquid level, fuel level, pressure, temperature control and monitoring equipment to customers across the world.","potentialAction":[{"@type":"SearchAction","target":{"@type":"EntryPoint","urlTemplate":"https:\/\/www.rochestersensors.co.uk\/fr\/?s={search_term_string}"},"query-input":{"@type":"PropertyValueSpecification","valueRequired":true,"valueName":"search_term_string"}}],"inLanguage":"de-DE"}]}},"_links":{"self":[{"href":"https:\/\/www.rochestersensors.co.uk\/de\/wp-json\/wp\/v2\/product\/9264","targetHints":{"allow":["GET"]}}],"collection":[{"href":"https:\/\/www.rochestersensors.co.uk\/de\/wp-json\/wp\/v2\/product"}],"about":[{"href":"https:\/\/www.rochestersensors.co.uk\/de\/wp-json\/wp\/v2\/types\/product"}],"wp:featuredmedia":[{"embeddable":true,"href":"https:\/\/www.rochestersensors.co.uk\/de\/wp-json\/wp\/v2\/media\/7642"}],"wp:attachment":[{"href":"https:\/\/www.rochestersensors.co.uk\/de\/wp-json\/wp\/v2\/media?parent=9264"}],"wp:term":[{"taxonomy":"product_brand","embeddable":true,"href":"https:\/\/www.rochestersensors.co.uk\/de\/wp-json\/wp\/v2\/product_brand?post=9264"},{"taxonomy":"product_cat","embeddable":true,"href":"https:\/\/www.rochestersensors.co.uk\/de\/wp-json\/wp\/v2\/product_cat?post=9264"},{"taxonomy":"product_tag","embeddable":true,"href":"https:\/\/www.rochestersensors.co.uk\/de\/wp-json\/wp\/v2\/product_tag?post=9264"}],"curies":[{"name":"wp","href":"https:\/\/api.w.org\/{rel}","templated":true}]}}