{"id":9228,"date":"2018-05-14T09:21:56","date_gmt":"2020-12-02T10:07:05","guid":{"rendered":"https:\/\/www.rochestersensors.co.uk\/product\/kapazitaetspegelsensor-t-ll150-ablaengen\/"},"modified":"2020-12-08T16:09:05","modified_gmt":"2020-12-08T16:09:05","slug":"tll150-kapazitatspegelsensor-schnittlange","status":"publish","type":"product","link":"https:\/\/www.rochestersensors.co.uk\/de\/produkt\/tll150-kapazitatspegelsensor-schnittlange\/","title":{"rendered":"T\/LL150 KAPAZITIVER F\u00dcLLSTANDSSENSOR \u2013 ABL\u00c4NGBAR"},"content":{"rendered":"<p>Ein vertikal montierter kapazitiver Fl\u00fcssigkeitsstandsensor, der eine kontinuierliche \u00dcberwachung des Fl\u00fcssigkeitsstands erm\u00f6glicht. Diese Variante des beliebten Sensors der T\/LL130 Serie kann von den Technikern des Kunden abgel\u00e4ngt und kalibriert werden. Diese Serie ist in Standardl\u00e4ngen und -ausf\u00fchrungen erh\u00e4ltlich und eignet sich deshalb ideal f\u00fcr die Lagerhaltung bei H\u00e4ndlern und Installateuren. Zu den Anwendungen geh\u00f6ren ma\u00dfgeschneiderte Installationen und Nachr\u00fcstungen von Generatoren und Industrieanlagen.<\/p>\n","protected":false},"excerpt":{"rendered":"<p>Ein kapazitiver F\u00fcllstandssensor, der von Ihren Technikern individuell gek\u00fcrzt und kalibriert werden kann.<\/p>\n","protected":false},"featured_media":9229,"template":"","meta":{"_monsterinsights_skip_tracking":false,"_monsterinsights_sitenote_active":false,"_monsterinsights_sitenote_note":"","_monsterinsights_sitenote_category":0},"product_brand":[],"product_cat":[160,164,165],"product_tag":[166,167,168,169,170,171,172],"class_list":{"0":"post-9228","1":"product","2":"type-product","3":"status-publish","4":"has-post-thumbnail","6":"product_cat-fluessigkeitsstandsensoren","7":"product_cat-elektronische-fullstandssensoren","8":"product_cat-tankfullstandssensoren","9":"product_tag-flussigkeitsstand-sensor","10":"product_tag-niveau-de","11":"product_tag-treibstoff","12":"product_tag-kuhlmittel","13":"product_tag-ol","14":"product_tag-ablangbar","15":"product_tag-vom-benutzer-einstellbar","17":"first","18":"instock","19":"downloadable","20":"shipping-taxable","21":"product-type-simple"},"yoast_head":"<!-- This site is optimized with the Yoast SEO plugin v27.4 - https:\/\/yoast.com\/product\/yoast-seo-wordpress\/ -->\n<title>T\/LL150 KAPAZITIVER F\u00dcLLSTANDSSENSOR \u2013 ABL\u00c4NGBAR - Rochester Sensors<\/title>\n<meta name=\"robots\" content=\"index, follow, max-snippet:-1, max-image-preview:large, max-video-preview:-1\" \/>\n<link rel=\"canonical\" href=\"https:\/\/www.rochestersensors.co.uk\/de\/produkt\/tll150-kapazitatspegelsensor-schnittlange\/\" \/>\n<meta property=\"og:locale\" content=\"de_DE\" \/>\n<meta property=\"og:type\" content=\"article\" \/>\n<meta property=\"og:title\" content=\"T\/LL150 KAPAZITIVER F\u00dcLLSTANDSSENSOR \u2013 ABL\u00c4NGBAR - Rochester Sensors\" \/>\n<meta property=\"og:description\" content=\"Ein kapazitiver F\u00fcllstandssensor, der von Ihren Technikern individuell gek\u00fcrzt und kalibriert werden kann.\" \/>\n<meta property=\"og:url\" content=\"https:\/\/www.rochestersensors.co.uk\/de\/produkt\/tll150-kapazitatspegelsensor-schnittlange\/\" \/>\n<meta property=\"og:site_name\" content=\"Rochester Sensors\" \/>\n<meta property=\"article:modified_time\" content=\"2020-12-08T16:09:05+00:00\" \/>\n<meta property=\"og:image\" content=\"https:\/\/www.rochestersensors.co.uk\/wp-content\/uploads\/2018\/05\/TLL150-3qtr-500x500.jpg\" \/>\n\t<meta property=\"og:image:width\" content=\"500\" \/>\n\t<meta property=\"og:image:height\" content=\"500\" \/>\n\t<meta property=\"og:image:type\" content=\"image\/jpeg\" \/>\n<script type=\"application\/ld+json\" class=\"yoast-schema-graph\">{\"@context\":\"https:\\\/\\\/schema.org\",\"@graph\":[{\"@type\":\"WebPage\",\"@id\":\"https:\\\/\\\/www.rochestersensors.co.uk\\\/de\\\/produkt\\\/tll150-kapazitatspegelsensor-schnittlange\\\/\",\"url\":\"https:\\\/\\\/www.rochestersensors.co.uk\\\/de\\\/produkt\\\/tll150-kapazitatspegelsensor-schnittlange\\\/\",\"name\":\"T\\\/LL150 KAPAZITIVER F\u00dcLLSTANDSSENSOR \u2013 ABL\u00c4NGBAR - Rochester Sensors\",\"isPartOf\":{\"@id\":\"https:\\\/\\\/www.rochestersensors.co.uk\\\/fr\\\/#website\"},\"primaryImageOfPage\":{\"@id\":\"https:\\\/\\\/www.rochestersensors.co.uk\\\/de\\\/produkt\\\/tll150-kapazitatspegelsensor-schnittlange\\\/#primaryimage\"},\"image\":{\"@id\":\"https:\\\/\\\/www.rochestersensors.co.uk\\\/de\\\/produkt\\\/tll150-kapazitatspegelsensor-schnittlange\\\/#primaryimage\"},\"thumbnailUrl\":\"https:\\\/\\\/www.rochestersensors.co.uk\\\/wp-content\\\/uploads\\\/2018\\\/05\\\/TLL150-3qtr-500x500.jpg\",\"datePublished\":\"2020-12-02T10:07:05+00:00\",\"dateModified\":\"2020-12-08T16:09:05+00:00\",\"breadcrumb\":{\"@id\":\"https:\\\/\\\/www.rochestersensors.co.uk\\\/de\\\/produkt\\\/tll150-kapazitatspegelsensor-schnittlange\\\/#breadcrumb\"},\"inLanguage\":\"de-DE\",\"potentialAction\":[{\"@type\":\"ReadAction\",\"target\":[\"https:\\\/\\\/www.rochestersensors.co.uk\\\/de\\\/produkt\\\/tll150-kapazitatspegelsensor-schnittlange\\\/\"]}]},{\"@type\":\"ImageObject\",\"inLanguage\":\"de-DE\",\"@id\":\"https:\\\/\\\/www.rochestersensors.co.uk\\\/de\\\/produkt\\\/tll150-kapazitatspegelsensor-schnittlange\\\/#primaryimage\",\"url\":\"https:\\\/\\\/www.rochestersensors.co.uk\\\/wp-content\\\/uploads\\\/2018\\\/05\\\/TLL150-3qtr-500x500.jpg\",\"contentUrl\":\"https:\\\/\\\/www.rochestersensors.co.uk\\\/wp-content\\\/uploads\\\/2018\\\/05\\\/TLL150-3qtr-500x500.jpg\",\"width\":500,\"height\":500,\"caption\":\"TLL150 liquid level sensor - cut-to-length\"},{\"@type\":\"BreadcrumbList\",\"@id\":\"https:\\\/\\\/www.rochestersensors.co.uk\\\/de\\\/produkt\\\/tll150-kapazitatspegelsensor-schnittlange\\\/#breadcrumb\",\"itemListElement\":[{\"@type\":\"ListItem\",\"position\":1,\"name\":\"Home\",\"item\":\"https:\\\/\\\/www.rochestersensors.co.uk\\\/de\\\/\"},{\"@type\":\"ListItem\",\"position\":2,\"name\":\"Produkte\",\"item\":\"https:\\\/\\\/www.rochestersensors.co.uk\\\/de\\\/produkte\\\/\"},{\"@type\":\"ListItem\",\"position\":3,\"name\":\"T\\\/LL150 KAPAZITIVER F\u00dcLLSTANDSSENSOR \u2013 ABL\u00c4NGBAR\"}]},{\"@type\":\"WebSite\",\"@id\":\"https:\\\/\\\/www.rochestersensors.co.uk\\\/fr\\\/#website\",\"url\":\"https:\\\/\\\/www.rochestersensors.co.uk\\\/fr\\\/\",\"name\":\"Rochester Sensors\",\"description\":\"We design and manufacture a wide range of liquid level, fuel level, pressure, temperature control and monitoring equipment to customers across the world.\",\"potentialAction\":[{\"@type\":\"SearchAction\",\"target\":{\"@type\":\"EntryPoint\",\"urlTemplate\":\"https:\\\/\\\/www.rochestersensors.co.uk\\\/fr\\\/?s={search_term_string}\"},\"query-input\":{\"@type\":\"PropertyValueSpecification\",\"valueRequired\":true,\"valueName\":\"search_term_string\"}}],\"inLanguage\":\"de-DE\"}]}<\/script>\n<!-- \/ Yoast SEO plugin. -->","yoast_head_json":{"title":"T\/LL150 KAPAZITIVER F\u00dcLLSTANDSSENSOR \u2013 ABL\u00c4NGBAR - Rochester Sensors","robots":{"index":"index","follow":"follow","max-snippet":"max-snippet:-1","max-image-preview":"max-image-preview:large","max-video-preview":"max-video-preview:-1"},"canonical":"https:\/\/www.rochestersensors.co.uk\/de\/produkt\/tll150-kapazitatspegelsensor-schnittlange\/","og_locale":"de_DE","og_type":"article","og_title":"T\/LL150 KAPAZITIVER F\u00dcLLSTANDSSENSOR \u2013 ABL\u00c4NGBAR - Rochester Sensors","og_description":"Ein kapazitiver F\u00fcllstandssensor, der von Ihren Technikern individuell gek\u00fcrzt und kalibriert werden kann.","og_url":"https:\/\/www.rochestersensors.co.uk\/de\/produkt\/tll150-kapazitatspegelsensor-schnittlange\/","og_site_name":"Rochester Sensors","article_modified_time":"2020-12-08T16:09:05+00:00","og_image":[{"width":500,"height":500,"url":"https:\/\/www.rochestersensors.co.uk\/wp-content\/uploads\/2018\/05\/TLL150-3qtr-500x500.jpg","type":"image\/jpeg"}],"schema":{"@context":"https:\/\/schema.org","@graph":[{"@type":"WebPage","@id":"https:\/\/www.rochestersensors.co.uk\/de\/produkt\/tll150-kapazitatspegelsensor-schnittlange\/","url":"https:\/\/www.rochestersensors.co.uk\/de\/produkt\/tll150-kapazitatspegelsensor-schnittlange\/","name":"T\/LL150 KAPAZITIVER F\u00dcLLSTANDSSENSOR \u2013 ABL\u00c4NGBAR - Rochester Sensors","isPartOf":{"@id":"https:\/\/www.rochestersensors.co.uk\/fr\/#website"},"primaryImageOfPage":{"@id":"https:\/\/www.rochestersensors.co.uk\/de\/produkt\/tll150-kapazitatspegelsensor-schnittlange\/#primaryimage"},"image":{"@id":"https:\/\/www.rochestersensors.co.uk\/de\/produkt\/tll150-kapazitatspegelsensor-schnittlange\/#primaryimage"},"thumbnailUrl":"https:\/\/www.rochestersensors.co.uk\/wp-content\/uploads\/2018\/05\/TLL150-3qtr-500x500.jpg","datePublished":"2020-12-02T10:07:05+00:00","dateModified":"2020-12-08T16:09:05+00:00","breadcrumb":{"@id":"https:\/\/www.rochestersensors.co.uk\/de\/produkt\/tll150-kapazitatspegelsensor-schnittlange\/#breadcrumb"},"inLanguage":"de-DE","potentialAction":[{"@type":"ReadAction","target":["https:\/\/www.rochestersensors.co.uk\/de\/produkt\/tll150-kapazitatspegelsensor-schnittlange\/"]}]},{"@type":"ImageObject","inLanguage":"de-DE","@id":"https:\/\/www.rochestersensors.co.uk\/de\/produkt\/tll150-kapazitatspegelsensor-schnittlange\/#primaryimage","url":"https:\/\/www.rochestersensors.co.uk\/wp-content\/uploads\/2018\/05\/TLL150-3qtr-500x500.jpg","contentUrl":"https:\/\/www.rochestersensors.co.uk\/wp-content\/uploads\/2018\/05\/TLL150-3qtr-500x500.jpg","width":500,"height":500,"caption":"TLL150 liquid level sensor - cut-to-length"},{"@type":"BreadcrumbList","@id":"https:\/\/www.rochestersensors.co.uk\/de\/produkt\/tll150-kapazitatspegelsensor-schnittlange\/#breadcrumb","itemListElement":[{"@type":"ListItem","position":1,"name":"Home","item":"https:\/\/www.rochestersensors.co.uk\/de\/"},{"@type":"ListItem","position":2,"name":"Produkte","item":"https:\/\/www.rochestersensors.co.uk\/de\/produkte\/"},{"@type":"ListItem","position":3,"name":"T\/LL150 KAPAZITIVER F\u00dcLLSTANDSSENSOR \u2013 ABL\u00c4NGBAR"}]},{"@type":"WebSite","@id":"https:\/\/www.rochestersensors.co.uk\/fr\/#website","url":"https:\/\/www.rochestersensors.co.uk\/fr\/","name":"Rochester Sensors","description":"We design and manufacture a wide range of liquid level, fuel level, pressure, temperature control and monitoring equipment to customers across the world.","potentialAction":[{"@type":"SearchAction","target":{"@type":"EntryPoint","urlTemplate":"https:\/\/www.rochestersensors.co.uk\/fr\/?s={search_term_string}"},"query-input":{"@type":"PropertyValueSpecification","valueRequired":true,"valueName":"search_term_string"}}],"inLanguage":"de-DE"}]}},"_links":{"self":[{"href":"https:\/\/www.rochestersensors.co.uk\/de\/wp-json\/wp\/v2\/product\/9228","targetHints":{"allow":["GET"]}}],"collection":[{"href":"https:\/\/www.rochestersensors.co.uk\/de\/wp-json\/wp\/v2\/product"}],"about":[{"href":"https:\/\/www.rochestersensors.co.uk\/de\/wp-json\/wp\/v2\/types\/product"}],"wp:featuredmedia":[{"embeddable":true,"href":"https:\/\/www.rochestersensors.co.uk\/de\/wp-json\/wp\/v2\/media\/9229"}],"wp:attachment":[{"href":"https:\/\/www.rochestersensors.co.uk\/de\/wp-json\/wp\/v2\/media?parent=9228"}],"wp:term":[{"taxonomy":"product_brand","embeddable":true,"href":"https:\/\/www.rochestersensors.co.uk\/de\/wp-json\/wp\/v2\/product_brand?post=9228"},{"taxonomy":"product_cat","embeddable":true,"href":"https:\/\/www.rochestersensors.co.uk\/de\/wp-json\/wp\/v2\/product_cat?post=9228"},{"taxonomy":"product_tag","embeddable":true,"href":"https:\/\/www.rochestersensors.co.uk\/de\/wp-json\/wp\/v2\/product_tag?post=9228"}],"curies":[{"name":"wp","href":"https:\/\/api.w.org\/{rel}","templated":true}]}}