{"id":9206,"date":"2020-07-28T23:56:42","date_gmt":"2020-12-02T09:20:11","guid":{"rendered":"https:\/\/www.rochestersensors.co.uk\/product\/s283-kapazitiver-kuehlmittelfuellstandsschalter-mit-deutsch-steckverbinder\/"},"modified":"2021-03-22T12:13:29","modified_gmt":"2021-03-22T12:13:29","slug":"s283-kapazitats-typ-kuhlmittel-niveauschalter-mit-deutsch-stecker","status":"publish","type":"product","link":"https:\/\/www.rochestersensors.co.uk\/de\/produkt\/s283-kapazitats-typ-kuhlmittel-niveauschalter-mit-deutsch-stecker\/","title":{"rendered":"S283 KAPAZITIVER K\u00dcHLMITTELF\u00dcLLSTANDSSCHALTER MIT DEUTSCH-STECKVERBINDER"},"content":{"rendered":"<p>Der S283 ist ein horizontal montierter kapazitiver Schalter zur Messung von Wasser-\/K\u00fchlmittelf\u00fcllst\u00e4nden. Er ist mit einem 4-Wege-Deutsch-Steckverbinder montiert und alle Modelle verf\u00fcgen \u00fcber eine werkseitig programmierbare Zeitverz\u00f6gerung, um das Risiko von intermittierenden Umschaltungen durch Fl\u00fcssigkeitsturbulenzen zu verringern, sowie \u00fcber eine gro\u00dfe Auswahl an Schaltausg\u00e4ngen.<\/p>\n","protected":false},"excerpt":{"rendered":"<p>Das Modell S283 ist ein aktives Ger\u00e4t, das auf die Ausgabe eines Alarmsignals ausgelegt ist, wenn der F\u00fcllstand unter einen voreingestellten Wert f\u00e4llt oder dar\u00fcber steigt. Es kann mit einer Verz\u00f6gerung angegeben werden, um Fehlalarme aufgrund von Turbulenzen auszuschlie\u00dfen.<br \/>\nEs kann mit einer Verz\u00f6gerung angegeben werden, um Fehlalarme aufgrund von Turbulenzen auszuschlie\u00dfen. Seine kleine Einbaufl\u00e4che mit begrenztem Eingriff in den Tank bedeutet ein verringertes Besch\u00e4digungsrisiko. Durch eine breite Palette von kundenspezifischen Optionen ist er f\u00fcr die meisten Anwendungen geeignet.<\/p>\n","protected":false},"featured_media":9058,"template":"","meta":{"_monsterinsights_skip_tracking":false,"_monsterinsights_sitenote_active":false,"_monsterinsights_sitenote_note":"","_monsterinsights_sitenote_category":0},"product_brand":[],"product_cat":[162,163],"product_tag":[],"class_list":{"0":"post-9206","1":"product","2":"type-product","3":"status-publish","4":"has-post-thumbnail","6":"product_cat-elektronische-fullstandsschalter","7":"product_cat-kuhlmittelfullstandsschalter","9":"first","10":"instock","11":"shipping-taxable","12":"product-type-simple"},"yoast_head":"<!-- This site is optimized with the Yoast SEO plugin v27.4 - https:\/\/yoast.com\/product\/yoast-seo-wordpress\/ -->\n<title>S283 KAPAZITIVER K\u00dcHLMITTELF\u00dcLLSTANDSSCHALTER MIT DEUTSCH-STECKVERBINDER - Rochester Sensors<\/title>\n<meta name=\"robots\" content=\"index, follow, max-snippet:-1, max-image-preview:large, max-video-preview:-1\" \/>\n<link rel=\"canonical\" href=\"https:\/\/www.rochestersensors.co.uk\/de\/produkt\/s283-kapazitats-typ-kuhlmittel-niveauschalter-mit-deutsch-stecker\/\" \/>\n<meta property=\"og:locale\" content=\"de_DE\" \/>\n<meta property=\"og:type\" content=\"article\" \/>\n<meta property=\"og:title\" content=\"S283 KAPAZITIVER K\u00dcHLMITTELF\u00dcLLSTANDSSCHALTER MIT DEUTSCH-STECKVERBINDER - Rochester Sensors\" \/>\n<meta property=\"og:description\" content=\"Das Modell S283 ist ein aktives Ger\u00e4t, das auf die Ausgabe eines Alarmsignals ausgelegt ist, wenn der F\u00fcllstand unter einen voreingestellten Wert f\u00e4llt oder dar\u00fcber steigt. Es kann mit einer Verz\u00f6gerung angegeben werden, um Fehlalarme aufgrund von Turbulenzen auszuschlie\u00dfen. Es kann mit einer Verz\u00f6gerung angegeben werden, um Fehlalarme aufgrund von Turbulenzen auszuschlie\u00dfen. Seine kleine Einbaufl\u00e4che mit begrenztem Eingriff in den Tank bedeutet ein verringertes Besch\u00e4digungsrisiko. Durch eine breite Palette von kundenspezifischen Optionen ist er f\u00fcr die meisten Anwendungen geeignet.\" \/>\n<meta property=\"og:url\" content=\"https:\/\/www.rochestersensors.co.uk\/de\/produkt\/s283-kapazitats-typ-kuhlmittel-niveauschalter-mit-deutsch-stecker\/\" \/>\n<meta property=\"og:site_name\" content=\"Rochester Sensors\" \/>\n<meta property=\"article:modified_time\" content=\"2021-03-22T12:13:29+00:00\" \/>\n<meta property=\"og:image\" content=\"https:\/\/www.rochestersensors.co.uk\/wp-content\/uploads\/2020\/07\/S283_white-background.png\" \/>\n\t<meta property=\"og:image:width\" content=\"1000\" \/>\n\t<meta property=\"og:image:height\" content=\"1000\" \/>\n\t<meta property=\"og:image:type\" content=\"image\/png\" \/>\n<script type=\"application\/ld+json\" class=\"yoast-schema-graph\">{\"@context\":\"https:\\\/\\\/schema.org\",\"@graph\":[{\"@type\":\"WebPage\",\"@id\":\"https:\\\/\\\/www.rochestersensors.co.uk\\\/de\\\/produkt\\\/s283-kapazitats-typ-kuhlmittel-niveauschalter-mit-deutsch-stecker\\\/\",\"url\":\"https:\\\/\\\/www.rochestersensors.co.uk\\\/de\\\/produkt\\\/s283-kapazitats-typ-kuhlmittel-niveauschalter-mit-deutsch-stecker\\\/\",\"name\":\"S283 KAPAZITIVER K\u00dcHLMITTELF\u00dcLLSTANDSSCHALTER MIT DEUTSCH-STECKVERBINDER - Rochester Sensors\",\"isPartOf\":{\"@id\":\"https:\\\/\\\/www.rochestersensors.co.uk\\\/fr\\\/#website\"},\"primaryImageOfPage\":{\"@id\":\"https:\\\/\\\/www.rochestersensors.co.uk\\\/de\\\/produkt\\\/s283-kapazitats-typ-kuhlmittel-niveauschalter-mit-deutsch-stecker\\\/#primaryimage\"},\"image\":{\"@id\":\"https:\\\/\\\/www.rochestersensors.co.uk\\\/de\\\/produkt\\\/s283-kapazitats-typ-kuhlmittel-niveauschalter-mit-deutsch-stecker\\\/#primaryimage\"},\"thumbnailUrl\":\"https:\\\/\\\/www.rochestersensors.co.uk\\\/wp-content\\\/uploads\\\/2020\\\/07\\\/S283_white-background.png\",\"datePublished\":\"2020-12-02T09:20:11+00:00\",\"dateModified\":\"2021-03-22T12:13:29+00:00\",\"breadcrumb\":{\"@id\":\"https:\\\/\\\/www.rochestersensors.co.uk\\\/de\\\/produkt\\\/s283-kapazitats-typ-kuhlmittel-niveauschalter-mit-deutsch-stecker\\\/#breadcrumb\"},\"inLanguage\":\"de-DE\",\"potentialAction\":[{\"@type\":\"ReadAction\",\"target\":[\"https:\\\/\\\/www.rochestersensors.co.uk\\\/de\\\/produkt\\\/s283-kapazitats-typ-kuhlmittel-niveauschalter-mit-deutsch-stecker\\\/\"]}]},{\"@type\":\"ImageObject\",\"inLanguage\":\"de-DE\",\"@id\":\"https:\\\/\\\/www.rochestersensors.co.uk\\\/de\\\/produkt\\\/s283-kapazitats-typ-kuhlmittel-niveauschalter-mit-deutsch-stecker\\\/#primaryimage\",\"url\":\"https:\\\/\\\/www.rochestersensors.co.uk\\\/wp-content\\\/uploads\\\/2020\\\/07\\\/S283_white-background.png\",\"contentUrl\":\"https:\\\/\\\/www.rochestersensors.co.uk\\\/wp-content\\\/uploads\\\/2020\\\/07\\\/S283_white-background.png\",\"width\":1000,\"height\":1000,\"caption\":\"S283 Kapazit\u00e4tstyp K\u00fchlmittelstandsschalter mit Deutsch-Anschluss auf wei\u00dfem Hintergrund\"},{\"@type\":\"BreadcrumbList\",\"@id\":\"https:\\\/\\\/www.rochestersensors.co.uk\\\/de\\\/produkt\\\/s283-kapazitats-typ-kuhlmittel-niveauschalter-mit-deutsch-stecker\\\/#breadcrumb\",\"itemListElement\":[{\"@type\":\"ListItem\",\"position\":1,\"name\":\"Home\",\"item\":\"https:\\\/\\\/www.rochestersensors.co.uk\\\/de\\\/\"},{\"@type\":\"ListItem\",\"position\":2,\"name\":\"Produkte\",\"item\":\"https:\\\/\\\/www.rochestersensors.co.uk\\\/de\\\/produkte\\\/\"},{\"@type\":\"ListItem\",\"position\":3,\"name\":\"S283 KAPAZITIVER K\u00dcHLMITTELF\u00dcLLSTANDSSCHALTER MIT DEUTSCH-STECKVERBINDER\"}]},{\"@type\":\"WebSite\",\"@id\":\"https:\\\/\\\/www.rochestersensors.co.uk\\\/fr\\\/#website\",\"url\":\"https:\\\/\\\/www.rochestersensors.co.uk\\\/fr\\\/\",\"name\":\"Rochester Sensors\",\"description\":\"We design and manufacture a wide range of liquid level, fuel level, pressure, temperature control and monitoring equipment to customers across the world.\",\"potentialAction\":[{\"@type\":\"SearchAction\",\"target\":{\"@type\":\"EntryPoint\",\"urlTemplate\":\"https:\\\/\\\/www.rochestersensors.co.uk\\\/fr\\\/?s={search_term_string}\"},\"query-input\":{\"@type\":\"PropertyValueSpecification\",\"valueRequired\":true,\"valueName\":\"search_term_string\"}}],\"inLanguage\":\"de-DE\"}]}<\/script>\n<!-- \/ Yoast SEO plugin. -->","yoast_head_json":{"title":"S283 KAPAZITIVER K\u00dcHLMITTELF\u00dcLLSTANDSSCHALTER MIT DEUTSCH-STECKVERBINDER - Rochester Sensors","robots":{"index":"index","follow":"follow","max-snippet":"max-snippet:-1","max-image-preview":"max-image-preview:large","max-video-preview":"max-video-preview:-1"},"canonical":"https:\/\/www.rochestersensors.co.uk\/de\/produkt\/s283-kapazitats-typ-kuhlmittel-niveauschalter-mit-deutsch-stecker\/","og_locale":"de_DE","og_type":"article","og_title":"S283 KAPAZITIVER K\u00dcHLMITTELF\u00dcLLSTANDSSCHALTER MIT DEUTSCH-STECKVERBINDER - Rochester Sensors","og_description":"Das Modell S283 ist ein aktives Ger\u00e4t, das auf die Ausgabe eines Alarmsignals ausgelegt ist, wenn der F\u00fcllstand unter einen voreingestellten Wert f\u00e4llt oder dar\u00fcber steigt. Es kann mit einer Verz\u00f6gerung angegeben werden, um Fehlalarme aufgrund von Turbulenzen auszuschlie\u00dfen. Es kann mit einer Verz\u00f6gerung angegeben werden, um Fehlalarme aufgrund von Turbulenzen auszuschlie\u00dfen. Seine kleine Einbaufl\u00e4che mit begrenztem Eingriff in den Tank bedeutet ein verringertes Besch\u00e4digungsrisiko. Durch eine breite Palette von kundenspezifischen Optionen ist er f\u00fcr die meisten Anwendungen geeignet.","og_url":"https:\/\/www.rochestersensors.co.uk\/de\/produkt\/s283-kapazitats-typ-kuhlmittel-niveauschalter-mit-deutsch-stecker\/","og_site_name":"Rochester Sensors","article_modified_time":"2021-03-22T12:13:29+00:00","og_image":[{"width":1000,"height":1000,"url":"https:\/\/www.rochestersensors.co.uk\/wp-content\/uploads\/2020\/07\/S283_white-background.png","type":"image\/png"}],"schema":{"@context":"https:\/\/schema.org","@graph":[{"@type":"WebPage","@id":"https:\/\/www.rochestersensors.co.uk\/de\/produkt\/s283-kapazitats-typ-kuhlmittel-niveauschalter-mit-deutsch-stecker\/","url":"https:\/\/www.rochestersensors.co.uk\/de\/produkt\/s283-kapazitats-typ-kuhlmittel-niveauschalter-mit-deutsch-stecker\/","name":"S283 KAPAZITIVER K\u00dcHLMITTELF\u00dcLLSTANDSSCHALTER MIT DEUTSCH-STECKVERBINDER - Rochester Sensors","isPartOf":{"@id":"https:\/\/www.rochestersensors.co.uk\/fr\/#website"},"primaryImageOfPage":{"@id":"https:\/\/www.rochestersensors.co.uk\/de\/produkt\/s283-kapazitats-typ-kuhlmittel-niveauschalter-mit-deutsch-stecker\/#primaryimage"},"image":{"@id":"https:\/\/www.rochestersensors.co.uk\/de\/produkt\/s283-kapazitats-typ-kuhlmittel-niveauschalter-mit-deutsch-stecker\/#primaryimage"},"thumbnailUrl":"https:\/\/www.rochestersensors.co.uk\/wp-content\/uploads\/2020\/07\/S283_white-background.png","datePublished":"2020-12-02T09:20:11+00:00","dateModified":"2021-03-22T12:13:29+00:00","breadcrumb":{"@id":"https:\/\/www.rochestersensors.co.uk\/de\/produkt\/s283-kapazitats-typ-kuhlmittel-niveauschalter-mit-deutsch-stecker\/#breadcrumb"},"inLanguage":"de-DE","potentialAction":[{"@type":"ReadAction","target":["https:\/\/www.rochestersensors.co.uk\/de\/produkt\/s283-kapazitats-typ-kuhlmittel-niveauschalter-mit-deutsch-stecker\/"]}]},{"@type":"ImageObject","inLanguage":"de-DE","@id":"https:\/\/www.rochestersensors.co.uk\/de\/produkt\/s283-kapazitats-typ-kuhlmittel-niveauschalter-mit-deutsch-stecker\/#primaryimage","url":"https:\/\/www.rochestersensors.co.uk\/wp-content\/uploads\/2020\/07\/S283_white-background.png","contentUrl":"https:\/\/www.rochestersensors.co.uk\/wp-content\/uploads\/2020\/07\/S283_white-background.png","width":1000,"height":1000,"caption":"S283 Kapazit\u00e4tstyp K\u00fchlmittelstandsschalter mit Deutsch-Anschluss auf wei\u00dfem Hintergrund"},{"@type":"BreadcrumbList","@id":"https:\/\/www.rochestersensors.co.uk\/de\/produkt\/s283-kapazitats-typ-kuhlmittel-niveauschalter-mit-deutsch-stecker\/#breadcrumb","itemListElement":[{"@type":"ListItem","position":1,"name":"Home","item":"https:\/\/www.rochestersensors.co.uk\/de\/"},{"@type":"ListItem","position":2,"name":"Produkte","item":"https:\/\/www.rochestersensors.co.uk\/de\/produkte\/"},{"@type":"ListItem","position":3,"name":"S283 KAPAZITIVER K\u00dcHLMITTELF\u00dcLLSTANDSSCHALTER MIT DEUTSCH-STECKVERBINDER"}]},{"@type":"WebSite","@id":"https:\/\/www.rochestersensors.co.uk\/fr\/#website","url":"https:\/\/www.rochestersensors.co.uk\/fr\/","name":"Rochester Sensors","description":"We design and manufacture a wide range of liquid level, fuel level, pressure, temperature control and monitoring equipment to customers across the world.","potentialAction":[{"@type":"SearchAction","target":{"@type":"EntryPoint","urlTemplate":"https:\/\/www.rochestersensors.co.uk\/fr\/?s={search_term_string}"},"query-input":{"@type":"PropertyValueSpecification","valueRequired":true,"valueName":"search_term_string"}}],"inLanguage":"de-DE"}]}},"_links":{"self":[{"href":"https:\/\/www.rochestersensors.co.uk\/de\/wp-json\/wp\/v2\/product\/9206","targetHints":{"allow":["GET"]}}],"collection":[{"href":"https:\/\/www.rochestersensors.co.uk\/de\/wp-json\/wp\/v2\/product"}],"about":[{"href":"https:\/\/www.rochestersensors.co.uk\/de\/wp-json\/wp\/v2\/types\/product"}],"wp:featuredmedia":[{"embeddable":true,"href":"https:\/\/www.rochestersensors.co.uk\/de\/wp-json\/wp\/v2\/media\/9058"}],"wp:attachment":[{"href":"https:\/\/www.rochestersensors.co.uk\/de\/wp-json\/wp\/v2\/media?parent=9206"}],"wp:term":[{"taxonomy":"product_brand","embeddable":true,"href":"https:\/\/www.rochestersensors.co.uk\/de\/wp-json\/wp\/v2\/product_brand?post=9206"},{"taxonomy":"product_cat","embeddable":true,"href":"https:\/\/www.rochestersensors.co.uk\/de\/wp-json\/wp\/v2\/product_cat?post=9206"},{"taxonomy":"product_tag","embeddable":true,"href":"https:\/\/www.rochestersensors.co.uk\/de\/wp-json\/wp\/v2\/product_tag?post=9206"}],"curies":[{"name":"wp","href":"https:\/\/api.w.org\/{rel}","templated":true}]}}