{"id":9402,"date":"2013-01-07T10:51:17","date_gmt":"2013-01-07T10:51:17","guid":{"rendered":"https:\/\/www.rochestersensors.co.uk\/company\/"},"modified":"2021-03-23T17:16:25","modified_gmt":"2021-03-23T17:16:25","slug":"unternehmen","status":"publish","type":"page","link":"https:\/\/www.rochestersensors.co.uk\/de\/unternehmen\/","title":{"rendered":"Unternehmen"},"content":{"rendered":"<p>[vc_row css_animation=&#8220;&#8220; row_type=&#8220;row&#8220; use_row_as_full_screen_section=&#8220;no&#8220; type=&#8220;full_width&#8220; angled_section=&#8220;no&#8220; text_align=&#8220;left&#8220; background_image_as_pattern=&#8220;without_pattern&#8220; parallax=&#8220;no&#8220; css=&#8220;.vc_custom_1616519751073{padding-bottom: 60px !important;}&#8220; z_index=&#8220;&#8220;][vc_column width=&#8220;1\/2&#8243;][vc_single_image image=&#8220;7824&#8243; img_size=&#8220;300&#215;300&#8243; qode_css_animation=&#8220;&#8220;][\/vc_column][vc_column width=&#8220;1\/2&#8243;][vc_column_text]<\/p>\n<h3>Die Sensorinnovation<\/h3>\n<p>[\/vc_column_text][vc_raw_html]JTNDZGl2JTIwY2xhc3MlM0QlMjJzZXBhcmF0b3IlMjBzaG9ydCUyMiUzRSUzQ2RpdiUyMGNsYXNzJTNEJTIyc2VwYXJhdG9yX2xpbmUlMjIlM0UlM0MlMkZkaXYlM0UlM0MlMkZkaXYlM0U=[\/vc_raw_html][vc_column_text]<span style=\"font-size: 16px; color: #013e7f;\">Rochester Sensors, das 1977 gegr\u00fcndet wurde und inzwischen Teil der HB4-Unternehmensgruppe ist, hat sich auf die Entwicklung, Herstellung und Vermarktung eines umfangreiches Sortiments an elektromechanischen, mechanischen und elektronischen Sensoren und Messger\u00e4ten f\u00fcr Ausr\u00fcstungsgegenst\u00e4nde, bei denen die Messung von F\u00fcllst\u00e4nden, Temperaturen und Druckwerten erforderlich ist, spezialisiert.<\/span><\/p>\n<p>Unser Hauptsitz im Vereinigten K\u00f6nigreich befindet sich auf einem gro\u00dfen Gel\u00e4nde in prominenter Lage im Tachbrook Park, einem Industriegebiet mit Hightech-Unternehmen in Warwick, und umfasst neben einer gro\u00dfen Prototypenwerkstatt auch unsere Fertigungs-, Produkttest- und Entwicklungslabors.<\/p>\n<p>Rochester Sensors hat einen weltweiten Kundenstamm aus den Bereichen Energieerzeugung, Spezialfahrzeuge und Baumaschinen. Download[\/vc_column_text][\/vc_column][\/vc_row][vc_row css_animation=&#8220;&#8220; row_type=&#8220;row&#8220; use_row_as_full_screen_section=&#8220;no&#8220; type=&#8220;full_width&#8220; angled_section=&#8220;no&#8220; text_align=&#8220;left&#8220; background_image_as_pattern=&#8220;without_pattern&#8220; parallax=&#8220;no&#8220; css=&#8220;.vc_custom_1616519744554{padding-bottom: 60px !important;}&#8220; z_index=&#8220;&#8220;][vc_column width=&#8220;1\/3&#8243;][vc_column_text]<\/p>\n<h3 style=\"font-weight: bold; color: #919d1c;\">\u201cUnsere Politik Bestand Schon Immer In Kontinuierlicher Verbesserung Und Hervorragender Leistung Und Dies Hat Sich In Einem Nachhaltigen Wachstum Des Unternehmens Manifestiert.\u201c<\/h3>\n<p>[\/vc_column_text][\/vc_column][vc_column width=&#8220;2\/3&#8243;][vc_column_text]<\/p>\n<h3>Qualit\u00e4t Und Umwelt<\/h3>\n<p>[\/vc_column_text][vc_raw_html]JTNDZGl2JTIwY2xhc3MlM0QlMjJzZXBhcmF0b3IlMjBzaG9ydCUyMiUzRSUzQ2RpdiUyMGNsYXNzJTNEJTIyc2VwYXJhdG9yX2xpbmUlMjIlM0UlM0MlMkZkaXYlM0UlM0MlMkZkaXYlM0U=[\/vc_raw_html][vc_column_text]<span style=\"font-size: 16px; color: #013e7f;\">Wir sind seit 1994 nach ISO 9001 zertifiziert und wenden Methoden zur kontinuierlichen Verbesserung an, um diese Akkreditierung aufrechtzuerhalten.<\/span><\/p>\n<p>Dank unseres lebendigen, innovativen Produktentwicklungsprogramms konnte Rochester Sensors wachsen und gedeihen und seine Produkte auf den verschiedenen M\u00e4rkten, die wir bedienen, an vorderster Stelle platzieren. Unsere Politik bestand schon immer in kontinuierlicher Verbesserung und hervorragender Leistung, und dies hat sich in einem nachhaltigen Wachstum des Unternehmens manifestiert. <span style=\"font-weight: 400;\">Unsere ISO9001:2015-Zertifizierung hat diese Strategie tiefer in unserer Unternehmensstruktur verankert, was in unserer Erkl\u00e4rung zur Qualit\u00e4tspolitik zusammengefasst ist. <\/span><\/p>\n<p>Handelsorganisationen geben regelm\u00e4\u00dfig Hinweise auf die Richtung, in die sich die Produkte ihrer Mitglieder in Zukunft entwickeln k\u00f6nnten. Aus diesem Grund ist Rochester Sensors aktives Mitglied der Construction Equipment Association (CEA) und der Association of Manufacturers of Power Generating Systems (AMPS). So bleiben wir auf dem neuesten Stand der Dieselmotortechnologie und erfahren, wie diese die Entwicklung der verwandten Produkte von Rochester Sensors beeinflussen k\u00f6nnte.<\/p>\n<p><span style=\"font-weight: 400;\">\u00a0Bei der Zusammenarbeit mit diesen Organisationen, unseren Lieferanten und anderen Interessengruppen ist Rochester Sensors entschlossen, Gesch\u00e4fte mit minimaler Umweltbelastung zu t\u00e4tigen, was sich auch in unserer Akkreditierung nach ISO14001:2015 widerspiegelt. Unsere Verpflichtung zum Umweltschutz best\u00e4tigt unser Engagement f\u00fcr den Erhalt der nat\u00fcrlichen Ressourcen und die Reduzierung von Abfall.<\/span>[\/vc_column_text][\/vc_column][\/vc_row]<\/p>\n","protected":false},"excerpt":{"rendered":"<p>[vc_row css_animation=&#8220;&#8220; row_type=&#8220;row&#8220; use_row_as_full_screen_section=&#8220;no&#8220; type=&#8220;full_width&#8220; angled_section=&#8220;no&#8220; text_align=&#8220;left&#8220; background_image_as_pattern=&#8220;without_pattern&#8220; parallax=&#8220;no&#8220; css=&#8220;.vc_custom_1616519751073{padding-bottom: 60px !important;}&#8220; z_index=&#8220;&#8220;][vc_column width=&#8220;1\/2&#8243;][vc_single_image image=&#8220;7824&#8243; img_size=&#8220;300&#215;300&#8243; qode_css_animation=&#8220;&#8220;][\/vc_column][vc_column width=&#8220;1\/2&#8243;][vc_column_text] Die Sensorinnovation [\/vc_column_text][vc_raw_html]JTNDZGl2JTIwY2xhc3MlM0QlMjJzZXBhcmF0b3IlMjBzaG9ydCUyMiUzRSUzQ2RpdiUyMGNsYXNzJTNEJTIyc2VwYXJhdG9yX2xpbmUlMjIlM0UlM0MlMkZkaXYlM0UlM0MlMkZkaXYlM0U=[\/vc_raw_html][vc_column_text]Rochester Sensors, das 1977 gegr\u00fcndet wurde und inzwischen Teil der HB4-Unternehmensgruppe ist, hat sich auf die Entwicklung, Herstellung und Vermarktung eines umfangreiches Sortiments an elektromechanischen,&#8230;<\/p>\n","protected":false},"author":2,"featured_media":0,"parent":0,"menu_order":0,"comment_status":"closed","ping_status":"closed","template":"","meta":{"_monsterinsights_skip_tracking":false,"_monsterinsights_sitenote_active":false,"_monsterinsights_sitenote_note":"","_monsterinsights_sitenote_category":0,"footnotes":""},"class_list":["post-9402","page","type-page","status-publish","hentry"],"yoast_head":"<!-- This site is optimized with the Yoast SEO plugin v27.4 - https:\/\/yoast.com\/product\/yoast-seo-wordpress\/ -->\n<title>Unternehmen - Rochester Sensors<\/title>\n<meta name=\"robots\" content=\"index, follow, max-snippet:-1, max-image-preview:large, max-video-preview:-1\" \/>\n<link rel=\"canonical\" href=\"https:\/\/www.rochestersensors.co.uk\/de\/unternehmen\/\" \/>\n<meta property=\"og:locale\" content=\"de_DE\" \/>\n<meta property=\"og:type\" content=\"article\" \/>\n<meta property=\"og:title\" content=\"Unternehmen - Rochester Sensors\" \/>\n<meta property=\"og:description\" content=\"[vc_row css_animation=&#8220;&#8220; row_type=&#8220;row&#8220; use_row_as_full_screen_section=&#8220;no&#8220; type=&#8220;full_width&#8220; angled_section=&#8220;no&#8220; text_align=&#8220;left&#8220; background_image_as_pattern=&#8220;without_pattern&#8220; parallax=&#8220;no&#8220; css=&#8220;.vc_custom_1616519751073{padding-bottom: 60px !important;}&#8220; z_index=&#8220;&#8220;][vc_column width=&#8220;1\/2&#8243;][vc_single_image image=&#8220;7824&#8243; img_size=&#8220;300&#215;300&#8243; qode_css_animation=&#8220;&#8220;][\/vc_column][vc_column width=&#8220;1\/2&#8243;][vc_column_text] Die Sensorinnovation [\/vc_column_text][vc_raw_html]JTNDZGl2JTIwY2xhc3MlM0QlMjJzZXBhcmF0b3IlMjBzaG9ydCUyMiUzRSUzQ2RpdiUyMGNsYXNzJTNEJTIyc2VwYXJhdG9yX2xpbmUlMjIlM0UlM0MlMkZkaXYlM0UlM0MlMkZkaXYlM0U=[\/vc_raw_html][vc_column_text]Rochester Sensors, das 1977 gegr\u00fcndet wurde und inzwischen Teil der HB4-Unternehmensgruppe ist, hat sich auf die Entwicklung, Herstellung und Vermarktung eines umfangreiches Sortiments an elektromechanischen,...\" \/>\n<meta property=\"og:url\" content=\"https:\/\/www.rochestersensors.co.uk\/de\/unternehmen\/\" \/>\n<meta property=\"og:site_name\" content=\"Rochester Sensors\" \/>\n<meta property=\"article:modified_time\" content=\"2021-03-23T17:16:25+00:00\" \/>\n<meta name=\"twitter:label1\" content=\"Gesch\u00e4tzte Lesezeit\" \/>\n\t<meta name=\"twitter:data1\" content=\"3 Minuten\" \/>\n<script type=\"application\/ld+json\" class=\"yoast-schema-graph\">{\"@context\":\"https:\\\/\\\/schema.org\",\"@graph\":[{\"@type\":\"WebPage\",\"@id\":\"https:\\\/\\\/www.rochestersensors.co.uk\\\/de\\\/unternehmen\\\/\",\"url\":\"https:\\\/\\\/www.rochestersensors.co.uk\\\/de\\\/unternehmen\\\/\",\"name\":\"Unternehmen - Rochester Sensors\",\"isPartOf\":{\"@id\":\"https:\\\/\\\/www.rochestersensors.co.uk\\\/fr\\\/#website\"},\"datePublished\":\"2013-01-07T10:51:17+00:00\",\"dateModified\":\"2021-03-23T17:16:25+00:00\",\"breadcrumb\":{\"@id\":\"https:\\\/\\\/www.rochestersensors.co.uk\\\/de\\\/unternehmen\\\/#breadcrumb\"},\"inLanguage\":\"de-DE\",\"potentialAction\":[{\"@type\":\"ReadAction\",\"target\":[\"https:\\\/\\\/www.rochestersensors.co.uk\\\/de\\\/unternehmen\\\/\"]}]},{\"@type\":\"BreadcrumbList\",\"@id\":\"https:\\\/\\\/www.rochestersensors.co.uk\\\/de\\\/unternehmen\\\/#breadcrumb\",\"itemListElement\":[{\"@type\":\"ListItem\",\"position\":1,\"name\":\"Home\",\"item\":\"https:\\\/\\\/www.rochestersensors.co.uk\\\/de\\\/\"},{\"@type\":\"ListItem\",\"position\":2,\"name\":\"Unternehmen\"}]},{\"@type\":\"WebSite\",\"@id\":\"https:\\\/\\\/www.rochestersensors.co.uk\\\/fr\\\/#website\",\"url\":\"https:\\\/\\\/www.rochestersensors.co.uk\\\/fr\\\/\",\"name\":\"Rochester Sensors\",\"description\":\"We design and manufacture a wide range of liquid level, fuel level, pressure, temperature control and monitoring equipment to customers across the world.\",\"potentialAction\":[{\"@type\":\"SearchAction\",\"target\":{\"@type\":\"EntryPoint\",\"urlTemplate\":\"https:\\\/\\\/www.rochestersensors.co.uk\\\/fr\\\/?s={search_term_string}\"},\"query-input\":{\"@type\":\"PropertyValueSpecification\",\"valueRequired\":true,\"valueName\":\"search_term_string\"}}],\"inLanguage\":\"de-DE\"}]}<\/script>\n<!-- \/ Yoast SEO plugin. -->","yoast_head_json":{"title":"Unternehmen - Rochester Sensors","robots":{"index":"index","follow":"follow","max-snippet":"max-snippet:-1","max-image-preview":"max-image-preview:large","max-video-preview":"max-video-preview:-1"},"canonical":"https:\/\/www.rochestersensors.co.uk\/de\/unternehmen\/","og_locale":"de_DE","og_type":"article","og_title":"Unternehmen - Rochester Sensors","og_description":"[vc_row css_animation=&#8220;&#8220; row_type=&#8220;row&#8220; use_row_as_full_screen_section=&#8220;no&#8220; type=&#8220;full_width&#8220; angled_section=&#8220;no&#8220; text_align=&#8220;left&#8220; background_image_as_pattern=&#8220;without_pattern&#8220; parallax=&#8220;no&#8220; css=&#8220;.vc_custom_1616519751073{padding-bottom: 60px !important;}&#8220; z_index=&#8220;&#8220;][vc_column width=&#8220;1\/2&#8243;][vc_single_image image=&#8220;7824&#8243; img_size=&#8220;300&#215;300&#8243; qode_css_animation=&#8220;&#8220;][\/vc_column][vc_column width=&#8220;1\/2&#8243;][vc_column_text] Die Sensorinnovation [\/vc_column_text][vc_raw_html]JTNDZGl2JTIwY2xhc3MlM0QlMjJzZXBhcmF0b3IlMjBzaG9ydCUyMiUzRSUzQ2RpdiUyMGNsYXNzJTNEJTIyc2VwYXJhdG9yX2xpbmUlMjIlM0UlM0MlMkZkaXYlM0UlM0MlMkZkaXYlM0U=[\/vc_raw_html][vc_column_text]Rochester Sensors, das 1977 gegr\u00fcndet wurde und inzwischen Teil der HB4-Unternehmensgruppe ist, hat sich auf die Entwicklung, Herstellung und Vermarktung eines umfangreiches Sortiments an elektromechanischen,...","og_url":"https:\/\/www.rochestersensors.co.uk\/de\/unternehmen\/","og_site_name":"Rochester Sensors","article_modified_time":"2021-03-23T17:16:25+00:00","twitter_misc":{"Gesch\u00e4tzte Lesezeit":"3 Minuten"},"schema":{"@context":"https:\/\/schema.org","@graph":[{"@type":"WebPage","@id":"https:\/\/www.rochestersensors.co.uk\/de\/unternehmen\/","url":"https:\/\/www.rochestersensors.co.uk\/de\/unternehmen\/","name":"Unternehmen - Rochester Sensors","isPartOf":{"@id":"https:\/\/www.rochestersensors.co.uk\/fr\/#website"},"datePublished":"2013-01-07T10:51:17+00:00","dateModified":"2021-03-23T17:16:25+00:00","breadcrumb":{"@id":"https:\/\/www.rochestersensors.co.uk\/de\/unternehmen\/#breadcrumb"},"inLanguage":"de-DE","potentialAction":[{"@type":"ReadAction","target":["https:\/\/www.rochestersensors.co.uk\/de\/unternehmen\/"]}]},{"@type":"BreadcrumbList","@id":"https:\/\/www.rochestersensors.co.uk\/de\/unternehmen\/#breadcrumb","itemListElement":[{"@type":"ListItem","position":1,"name":"Home","item":"https:\/\/www.rochestersensors.co.uk\/de\/"},{"@type":"ListItem","position":2,"name":"Unternehmen"}]},{"@type":"WebSite","@id":"https:\/\/www.rochestersensors.co.uk\/fr\/#website","url":"https:\/\/www.rochestersensors.co.uk\/fr\/","name":"Rochester Sensors","description":"We design and manufacture a wide range of liquid level, fuel level, pressure, temperature control and monitoring equipment to customers across the world.","potentialAction":[{"@type":"SearchAction","target":{"@type":"EntryPoint","urlTemplate":"https:\/\/www.rochestersensors.co.uk\/fr\/?s={search_term_string}"},"query-input":{"@type":"PropertyValueSpecification","valueRequired":true,"valueName":"search_term_string"}}],"inLanguage":"de-DE"}]}},"_links":{"self":[{"href":"https:\/\/www.rochestersensors.co.uk\/de\/wp-json\/wp\/v2\/pages\/9402","targetHints":{"allow":["GET"]}}],"collection":[{"href":"https:\/\/www.rochestersensors.co.uk\/de\/wp-json\/wp\/v2\/pages"}],"about":[{"href":"https:\/\/www.rochestersensors.co.uk\/de\/wp-json\/wp\/v2\/types\/page"}],"author":[{"embeddable":true,"href":"https:\/\/www.rochestersensors.co.uk\/de\/wp-json\/wp\/v2\/users\/2"}],"replies":[{"embeddable":true,"href":"https:\/\/www.rochestersensors.co.uk\/de\/wp-json\/wp\/v2\/comments?post=9402"}],"version-history":[{"count":0,"href":"https:\/\/www.rochestersensors.co.uk\/de\/wp-json\/wp\/v2\/pages\/9402\/revisions"}],"wp:attachment":[{"href":"https:\/\/www.rochestersensors.co.uk\/de\/wp-json\/wp\/v2\/media?parent=9402"}],"curies":[{"name":"wp","href":"https:\/\/api.w.org\/{rel}","templated":true}]}}