{"id":9037,"date":"2020-11-13T15:53:56","date_gmt":"2020-11-13T15:53:56","guid":{"rendered":"https:\/\/www.rochestersensors.co.uk\/industrie\/spezialfahrzeuge\/"},"modified":"2021-03-23T18:04:00","modified_gmt":"2021-03-23T18:04:00","slug":"spezialfahrzeuge","status":"publish","type":"page","link":"https:\/\/www.rochestersensors.co.uk\/de\/industrie\/spezialfahrzeuge\/","title":{"rendered":"Spezialfahrzeuge"},"content":{"rendered":"<p>[vc_row css_animation=&#8220;&#8220; row_type=&#8220;row&#8220; use_row_as_full_screen_section=&#8220;no&#8220; type=&#8220;full_width&#8220; angled_section=&#8220;no&#8220; text_align=&#8220;left&#8220; background_image_as_pattern=&#8220;without_pattern&#8220; css=&#8220;.vc_custom_1616522624849{padding-bottom: 60px !important;}&#8220; z_index=&#8220;&#8220;][vc_column width=&#8220;1\/3&#8243;][vc_single_image image=&#8220;5618&#8243; img_size=&#8220;260&#215;173&#8243; qode_css_animation=&#8220;&#8220;][\/vc_column][vc_column width=&#8220;2\/3&#8243;][vc_column_text]<\/p>\n<h3>REISEBUSSE UND BUSSE<\/h3>\n<p>[\/vc_column_text][vc_raw_html]JTNDZGl2JTIwY2xhc3MlM0QlMjJzZXBhcmF0b3IlMjBzaG9ydCUyMiUzRSUzQ2RpdiUyMGNsYXNzJTNEJTIyc2VwYXJhdG9yX2xpbmUlMjIlM0UlM0MlMkZkaXYlM0UlM0MlMkZkaXYlM0U=[\/vc_raw_html][vc_column_text]Die S85 &amp; S86-Serien an kapazitiven Schaltern sind im Nutzfahrzeugsektor sowohl f\u00fcr die Warnung bei niedrigem K\u00fchlmittelf\u00fcllstand als auch f\u00fcr die Warnung bei niedrigem \u00d6lf\u00fcllstand sehr weit verbreitet. Durch das Kontrollsystem zur Aufrechterhaltung L70, das zur \u00dcberpr\u00fcfung des K\u00fchlmittelf\u00fcllstandes eingesetzt wird, bevor das Fahrzeug den t\u00e4glichen Betrieb aufnimmt, wird die umfangreiche \u00dcberwachung des F\u00fcllstands erreicht.<\/p>\n<p>Der T\/LL130 ist zum Industriestandard in der Busbranche zur Fernmessung des Kraftstofftankinhalts geworden. Einzel- oder Chargenmengen k\u00f6nnen Tanktiefen zwischen 200 und 2000 mm umfassen.<\/p>\n<p>Rochester Sensors hat zudem ein kombiniertes F\u00fcllstands- und Temperaturmessger\u00e4t f\u00fcr AdBlue-Messungen entwickelt.<\/p>\n<h5 style=\"color: #091d5a;\"><img loading=\"lazy\" decoding=\"async\" class=\"pdfpic\" src=\"https:\/\/www.rochestersensors.co.uk\/images\/icon\/pdf.jpg\" alt=\"PDF\" width=\"15\" height=\"19\" border=\"0\" \/><a style=\"color: #131656;\" href=\"https:\/\/www.rochestersensors.co.uk\/wp-content\/uploads\/2019\/06\/Bus_Coolant.pdf\" target=\"_blank\" rel=\"noopener noreferrer\">Fallstudie<\/a><\/h5>\n<h4><\/h4>\n<p>[\/vc_column_text][\/vc_column][\/vc_row][vc_row css_animation=&#8220;&#8220; row_type=&#8220;row&#8220; use_row_as_full_screen_section=&#8220;no&#8220; type=&#8220;full_width&#8220; angled_section=&#8220;no&#8220; text_align=&#8220;left&#8220; background_image_as_pattern=&#8220;without_pattern&#8220; css=&#8220;.vc_custom_1616522628864{padding-bottom: 60px !important;}&#8220; z_index=&#8220;&#8220;][vc_column width=&#8220;1\/3&#8243;][vc_single_image image=&#8220;5809&#8243; img_size=&#8220;260&#215;173&#8243; qode_css_animation=&#8220;&#8220;][\/vc_column][vc_column width=&#8220;2\/3&#8243;][vc_column_text]<\/p>\n<h3>NUTZ- UND GEBRAUCHSFAHRZEUGE<\/h3>\n<p>[\/vc_column_text][vc_raw_html]JTNDZGl2JTIwY2xhc3MlM0QlMjJzZXBhcmF0b3IlMjBzaG9ydCUyMiUzRSUzQ2RpdiUyMGNsYXNzJTNEJTIyc2VwYXJhdG9yX2xpbmUlMjIlM0UlM0MlMkZkaXYlM0UlM0MlMkZkaXYlM0U=[\/vc_raw_html][vc_column_text]F\u00fcr Stra\u00dfenkehrmaschinen bis hin zu M\u00fcllfahrzeugen kann Rochester Sensors Instrumente zur Messung und Anzeige von F\u00fcllst\u00e4nden, Temperaturen und Druck liefern. Weitere Informationen finden Sie unter T\/LL130, S100 und S85\/6. Unser T\/LL37x Sortiment mit kombinierten Einspeisungs- und R\u00fccklaufoptionen ist f\u00fcr die \u00dcberwachung der Kraftstofftanks von Nutzfahrzeugen gut geeignet.<\/p>\n<p>Wie bei unseren oben genannten Produkten f\u00fcr (Reise-)Busse bieten wir auch einen AdBlue-F\u00fcllstandsmesser mit optionaler Kraftstoffheizung an.<\/p>\n<h5 style=\"color: #091d5a;\"><img loading=\"lazy\" decoding=\"async\" class=\"pdfpic\" src=\"https:\/\/www.rochestersensors.co.uk\/images\/icon\/pdf.jpg\" alt=\"PDF\" width=\"15\" height=\"19\" border=\"0\" \/><a style=\"color: #131656;\" href=\"https:\/\/www.rochestersensors.co.uk\/wp-content\/uploads\/2019\/06\/Trucks.pdf\" target=\"_blank\" rel=\"noopener noreferrer\">Fallstudie<\/a><\/h5>\n<h4><\/h4>\n<p>[\/vc_column_text][\/vc_column][\/vc_row][vc_row css_animation=&#8220;&#8220; row_type=&#8220;row&#8220; use_row_as_full_screen_section=&#8220;no&#8220; type=&#8220;full_width&#8220; angled_section=&#8220;no&#8220; text_align=&#8220;left&#8220; background_image_as_pattern=&#8220;without_pattern&#8220; css=&#8220;.vc_custom_1616522633511{padding-bottom: 60px !important;}&#8220; z_index=&#8220;&#8220;][vc_column width=&#8220;1\/3&#8243;][vc_single_image image=&#8220;5804&#8243; img_size=&#8220;260&#215;173&#8243; qode_css_animation=&#8220;&#8220;][\/vc_column][vc_column width=&#8220;2\/3&#8243;][vc_column_text]<\/p>\n<h3>Motorsport<\/h3>\n<p>[\/vc_column_text][vc_raw_html]JTNDZGl2JTIwY2xhc3MlM0QlMjJzZXBhcmF0b3IlMjBzaG9ydCUyMiUzRSUzQ2RpdiUyMGNsYXNzJTNEJTIyc2VwYXJhdG9yX2xpbmUlMjIlM0UlM0MlMkZkaXYlM0UlM0MlMkZkaXYlM0U=[\/vc_raw_html][vc_column_text]Unter Ber\u00fccksichtigung der Bed\u00fcrfnisse der Motorsportindustrie wurden in Bezug auf die Leistung in besonderen Kraftstoffarten spezielle Weiterentwicklungen der Krafstoffsensoren T\/LL\/140 und T\/LL130. Die Produkte sind mit vielen verschiedenen mechanischen Schnittstellen und Signalausg\u00e4ngen erh\u00e4ltlich.<\/p>\n<p>F\u00fcr motorbasierte Messungen sowie f\u00fcr Zuluft und sonstige zus\u00e4tzliche pneumatische Anwendungen wie Bremsen werden in der gesamten Branche die S100-Temperatursensoren und die Drucksensoren der PTF-Serie verwendet.<\/p>\n<h5 style=\"color: #091d5a;\"><img loading=\"lazy\" decoding=\"async\" class=\"pdfpic\" src=\"https:\/\/www.rochestersensors.co.uk\/images\/icon\/pdf.jpg\" alt=\"PDF\" width=\"15\" height=\"19\" border=\"0\" \/><a style=\"color: #131656;\" href=\"https:\/\/www.rochestersensors.co.uk\/wp-content\/uploads\/2019\/06\/Motorsport.pdf\" target=\"_blank\" rel=\"noopener noreferrer\">Fallstudie<\/a><\/h5>\n<p>[\/vc_column_text][\/vc_column][\/vc_row]<\/p>\n","protected":false},"excerpt":{"rendered":"<p>[vc_row css_animation=&#8220;&#8220; row_type=&#8220;row&#8220; use_row_as_full_screen_section=&#8220;no&#8220; type=&#8220;full_width&#8220; angled_section=&#8220;no&#8220; text_align=&#8220;left&#8220; background_image_as_pattern=&#8220;without_pattern&#8220; css=&#8220;.vc_custom_1616522624849{padding-bottom: 60px !important;}&#8220; z_index=&#8220;&#8220;][vc_column width=&#8220;1\/3&#8243;][vc_single_image image=&#8220;5618&#8243; img_size=&#8220;260&#215;173&#8243; qode_css_animation=&#8220;&#8220;][\/vc_column][vc_column width=&#8220;2\/3&#8243;][vc_column_text] REISEBUSSE UND BUSSE [\/vc_column_text][vc_raw_html]JTNDZGl2JTIwY2xhc3MlM0QlMjJzZXBhcmF0b3IlMjBzaG9ydCUyMiUzRSUzQ2RpdiUyMGNsYXNzJTNEJTIyc2VwYXJhdG9yX2xpbmUlMjIlM0UlM0MlMkZkaXYlM0UlM0MlMkZkaXYlM0U=[\/vc_raw_html][vc_column_text]Die S85 &amp; S86-Serien an kapazitiven Schaltern sind im Nutzfahrzeugsektor sowohl f\u00fcr die Warnung bei niedrigem K\u00fchlmittelf\u00fcllstand als auch f\u00fcr die Warnung bei niedrigem \u00d6lf\u00fcllstand&#8230;<\/p>\n","protected":false},"author":2,"featured_media":0,"parent":9031,"menu_order":0,"comment_status":"closed","ping_status":"closed","template":"","meta":{"_monsterinsights_skip_tracking":false,"_monsterinsights_sitenote_active":false,"_monsterinsights_sitenote_note":"","_monsterinsights_sitenote_category":0,"footnotes":""},"class_list":["post-9037","page","type-page","status-publish","hentry"],"yoast_head":"<!-- This site is optimized with the Yoast SEO plugin v27.4 - https:\/\/yoast.com\/product\/yoast-seo-wordpress\/ -->\n<title>Spezialfahrzeuge - Rochester Sensors<\/title>\n<meta name=\"robots\" content=\"index, follow, max-snippet:-1, max-image-preview:large, max-video-preview:-1\" \/>\n<link rel=\"canonical\" href=\"https:\/\/www.rochestersensors.co.uk\/de\/industrie\/spezialfahrzeuge\/\" \/>\n<meta property=\"og:locale\" content=\"de_DE\" \/>\n<meta property=\"og:type\" content=\"article\" \/>\n<meta property=\"og:title\" content=\"Spezialfahrzeuge - Rochester Sensors\" \/>\n<meta property=\"og:description\" content=\"[vc_row css_animation=&#8220;&#8220; row_type=&#8220;row&#8220; use_row_as_full_screen_section=&#8220;no&#8220; type=&#8220;full_width&#8220; angled_section=&#8220;no&#8220; text_align=&#8220;left&#8220; background_image_as_pattern=&#8220;without_pattern&#8220; css=&#8220;.vc_custom_1616522624849{padding-bottom: 60px !important;}&#8220; z_index=&#8220;&#8220;][vc_column width=&#8220;1\/3&#8243;][vc_single_image image=&#8220;5618&#8243; img_size=&#8220;260&#215;173&#8243; qode_css_animation=&#8220;&#8220;][\/vc_column][vc_column width=&#8220;2\/3&#8243;][vc_column_text] REISEBUSSE UND BUSSE [\/vc_column_text][vc_raw_html]JTNDZGl2JTIwY2xhc3MlM0QlMjJzZXBhcmF0b3IlMjBzaG9ydCUyMiUzRSUzQ2RpdiUyMGNsYXNzJTNEJTIyc2VwYXJhdG9yX2xpbmUlMjIlM0UlM0MlMkZkaXYlM0UlM0MlMkZkaXYlM0U=[\/vc_raw_html][vc_column_text]Die S85 &amp; S86-Serien an kapazitiven Schaltern sind im Nutzfahrzeugsektor sowohl f\u00fcr die Warnung bei niedrigem K\u00fchlmittelf\u00fcllstand als auch f\u00fcr die Warnung bei niedrigem \u00d6lf\u00fcllstand...\" \/>\n<meta property=\"og:url\" content=\"https:\/\/www.rochestersensors.co.uk\/de\/industrie\/spezialfahrzeuge\/\" \/>\n<meta property=\"og:site_name\" content=\"Rochester Sensors\" \/>\n<meta property=\"article:modified_time\" content=\"2021-03-23T18:04:00+00:00\" \/>\n<meta property=\"og:image\" content=\"https:\/\/www.rochestersensors.co.uk\/images\/icon\/pdf.jpg\" \/>\n<meta name=\"twitter:label1\" content=\"Gesch\u00e4tzte Lesezeit\" \/>\n\t<meta name=\"twitter:data1\" content=\"3 Minuten\" \/>\n<script type=\"application\/ld+json\" class=\"yoast-schema-graph\">{\"@context\":\"https:\\\/\\\/schema.org\",\"@graph\":[{\"@type\":\"WebPage\",\"@id\":\"https:\\\/\\\/www.rochestersensors.co.uk\\\/de\\\/industrie\\\/spezialfahrzeuge\\\/\",\"url\":\"https:\\\/\\\/www.rochestersensors.co.uk\\\/de\\\/industrie\\\/spezialfahrzeuge\\\/\",\"name\":\"Spezialfahrzeuge - Rochester Sensors\",\"isPartOf\":{\"@id\":\"https:\\\/\\\/www.rochestersensors.co.uk\\\/fr\\\/#website\"},\"primaryImageOfPage\":{\"@id\":\"https:\\\/\\\/www.rochestersensors.co.uk\\\/de\\\/industrie\\\/spezialfahrzeuge\\\/#primaryimage\"},\"image\":{\"@id\":\"https:\\\/\\\/www.rochestersensors.co.uk\\\/de\\\/industrie\\\/spezialfahrzeuge\\\/#primaryimage\"},\"thumbnailUrl\":\"https:\\\/\\\/www.rochestersensors.co.uk\\\/images\\\/icon\\\/pdf.jpg\",\"datePublished\":\"2020-11-13T15:53:56+00:00\",\"dateModified\":\"2021-03-23T18:04:00+00:00\",\"breadcrumb\":{\"@id\":\"https:\\\/\\\/www.rochestersensors.co.uk\\\/de\\\/industrie\\\/spezialfahrzeuge\\\/#breadcrumb\"},\"inLanguage\":\"de-DE\",\"potentialAction\":[{\"@type\":\"ReadAction\",\"target\":[\"https:\\\/\\\/www.rochestersensors.co.uk\\\/de\\\/industrie\\\/spezialfahrzeuge\\\/\"]}]},{\"@type\":\"ImageObject\",\"inLanguage\":\"de-DE\",\"@id\":\"https:\\\/\\\/www.rochestersensors.co.uk\\\/de\\\/industrie\\\/spezialfahrzeuge\\\/#primaryimage\",\"url\":\"https:\\\/\\\/www.rochestersensors.co.uk\\\/images\\\/icon\\\/pdf.jpg\",\"contentUrl\":\"https:\\\/\\\/www.rochestersensors.co.uk\\\/images\\\/icon\\\/pdf.jpg\"},{\"@type\":\"BreadcrumbList\",\"@id\":\"https:\\\/\\\/www.rochestersensors.co.uk\\\/de\\\/industrie\\\/spezialfahrzeuge\\\/#breadcrumb\",\"itemListElement\":[{\"@type\":\"ListItem\",\"position\":1,\"name\":\"Home\",\"item\":\"https:\\\/\\\/www.rochestersensors.co.uk\\\/de\\\/\"},{\"@type\":\"ListItem\",\"position\":2,\"name\":\"Industrie\",\"item\":\"https:\\\/\\\/www.rochestersensors.co.uk\\\/de\\\/industrie\\\/\"},{\"@type\":\"ListItem\",\"position\":3,\"name\":\"Spezialfahrzeuge\"}]},{\"@type\":\"WebSite\",\"@id\":\"https:\\\/\\\/www.rochestersensors.co.uk\\\/fr\\\/#website\",\"url\":\"https:\\\/\\\/www.rochestersensors.co.uk\\\/fr\\\/\",\"name\":\"Rochester Sensors\",\"description\":\"We design and manufacture a wide range of liquid level, fuel level, pressure, temperature control and monitoring equipment to customers across the world.\",\"potentialAction\":[{\"@type\":\"SearchAction\",\"target\":{\"@type\":\"EntryPoint\",\"urlTemplate\":\"https:\\\/\\\/www.rochestersensors.co.uk\\\/fr\\\/?s={search_term_string}\"},\"query-input\":{\"@type\":\"PropertyValueSpecification\",\"valueRequired\":true,\"valueName\":\"search_term_string\"}}],\"inLanguage\":\"de-DE\"}]}<\/script>\n<!-- \/ Yoast SEO plugin. -->","yoast_head_json":{"title":"Spezialfahrzeuge - Rochester Sensors","robots":{"index":"index","follow":"follow","max-snippet":"max-snippet:-1","max-image-preview":"max-image-preview:large","max-video-preview":"max-video-preview:-1"},"canonical":"https:\/\/www.rochestersensors.co.uk\/de\/industrie\/spezialfahrzeuge\/","og_locale":"de_DE","og_type":"article","og_title":"Spezialfahrzeuge - Rochester Sensors","og_description":"[vc_row css_animation=&#8220;&#8220; row_type=&#8220;row&#8220; use_row_as_full_screen_section=&#8220;no&#8220; type=&#8220;full_width&#8220; angled_section=&#8220;no&#8220; text_align=&#8220;left&#8220; background_image_as_pattern=&#8220;without_pattern&#8220; css=&#8220;.vc_custom_1616522624849{padding-bottom: 60px !important;}&#8220; z_index=&#8220;&#8220;][vc_column width=&#8220;1\/3&#8243;][vc_single_image image=&#8220;5618&#8243; img_size=&#8220;260&#215;173&#8243; qode_css_animation=&#8220;&#8220;][\/vc_column][vc_column width=&#8220;2\/3&#8243;][vc_column_text] REISEBUSSE UND BUSSE [\/vc_column_text][vc_raw_html]JTNDZGl2JTIwY2xhc3MlM0QlMjJzZXBhcmF0b3IlMjBzaG9ydCUyMiUzRSUzQ2RpdiUyMGNsYXNzJTNEJTIyc2VwYXJhdG9yX2xpbmUlMjIlM0UlM0MlMkZkaXYlM0UlM0MlMkZkaXYlM0U=[\/vc_raw_html][vc_column_text]Die S85 &amp; S86-Serien an kapazitiven Schaltern sind im Nutzfahrzeugsektor sowohl f\u00fcr die Warnung bei niedrigem K\u00fchlmittelf\u00fcllstand als auch f\u00fcr die Warnung bei niedrigem \u00d6lf\u00fcllstand...","og_url":"https:\/\/www.rochestersensors.co.uk\/de\/industrie\/spezialfahrzeuge\/","og_site_name":"Rochester Sensors","article_modified_time":"2021-03-23T18:04:00+00:00","og_image":[{"url":"https:\/\/www.rochestersensors.co.uk\/images\/icon\/pdf.jpg","type":"","width":"","height":""}],"twitter_misc":{"Gesch\u00e4tzte Lesezeit":"3 Minuten"},"schema":{"@context":"https:\/\/schema.org","@graph":[{"@type":"WebPage","@id":"https:\/\/www.rochestersensors.co.uk\/de\/industrie\/spezialfahrzeuge\/","url":"https:\/\/www.rochestersensors.co.uk\/de\/industrie\/spezialfahrzeuge\/","name":"Spezialfahrzeuge - Rochester Sensors","isPartOf":{"@id":"https:\/\/www.rochestersensors.co.uk\/fr\/#website"},"primaryImageOfPage":{"@id":"https:\/\/www.rochestersensors.co.uk\/de\/industrie\/spezialfahrzeuge\/#primaryimage"},"image":{"@id":"https:\/\/www.rochestersensors.co.uk\/de\/industrie\/spezialfahrzeuge\/#primaryimage"},"thumbnailUrl":"https:\/\/www.rochestersensors.co.uk\/images\/icon\/pdf.jpg","datePublished":"2020-11-13T15:53:56+00:00","dateModified":"2021-03-23T18:04:00+00:00","breadcrumb":{"@id":"https:\/\/www.rochestersensors.co.uk\/de\/industrie\/spezialfahrzeuge\/#breadcrumb"},"inLanguage":"de-DE","potentialAction":[{"@type":"ReadAction","target":["https:\/\/www.rochestersensors.co.uk\/de\/industrie\/spezialfahrzeuge\/"]}]},{"@type":"ImageObject","inLanguage":"de-DE","@id":"https:\/\/www.rochestersensors.co.uk\/de\/industrie\/spezialfahrzeuge\/#primaryimage","url":"https:\/\/www.rochestersensors.co.uk\/images\/icon\/pdf.jpg","contentUrl":"https:\/\/www.rochestersensors.co.uk\/images\/icon\/pdf.jpg"},{"@type":"BreadcrumbList","@id":"https:\/\/www.rochestersensors.co.uk\/de\/industrie\/spezialfahrzeuge\/#breadcrumb","itemListElement":[{"@type":"ListItem","position":1,"name":"Home","item":"https:\/\/www.rochestersensors.co.uk\/de\/"},{"@type":"ListItem","position":2,"name":"Industrie","item":"https:\/\/www.rochestersensors.co.uk\/de\/industrie\/"},{"@type":"ListItem","position":3,"name":"Spezialfahrzeuge"}]},{"@type":"WebSite","@id":"https:\/\/www.rochestersensors.co.uk\/fr\/#website","url":"https:\/\/www.rochestersensors.co.uk\/fr\/","name":"Rochester Sensors","description":"We design and manufacture a wide range of liquid level, fuel level, pressure, temperature control and monitoring equipment to customers across the world.","potentialAction":[{"@type":"SearchAction","target":{"@type":"EntryPoint","urlTemplate":"https:\/\/www.rochestersensors.co.uk\/fr\/?s={search_term_string}"},"query-input":{"@type":"PropertyValueSpecification","valueRequired":true,"valueName":"search_term_string"}}],"inLanguage":"de-DE"}]}},"_links":{"self":[{"href":"https:\/\/www.rochestersensors.co.uk\/de\/wp-json\/wp\/v2\/pages\/9037","targetHints":{"allow":["GET"]}}],"collection":[{"href":"https:\/\/www.rochestersensors.co.uk\/de\/wp-json\/wp\/v2\/pages"}],"about":[{"href":"https:\/\/www.rochestersensors.co.uk\/de\/wp-json\/wp\/v2\/types\/page"}],"author":[{"embeddable":true,"href":"https:\/\/www.rochestersensors.co.uk\/de\/wp-json\/wp\/v2\/users\/2"}],"replies":[{"embeddable":true,"href":"https:\/\/www.rochestersensors.co.uk\/de\/wp-json\/wp\/v2\/comments?post=9037"}],"version-history":[{"count":0,"href":"https:\/\/www.rochestersensors.co.uk\/de\/wp-json\/wp\/v2\/pages\/9037\/revisions"}],"up":[{"embeddable":true,"href":"https:\/\/www.rochestersensors.co.uk\/de\/wp-json\/wp\/v2\/pages\/9031"}],"wp:attachment":[{"href":"https:\/\/www.rochestersensors.co.uk\/de\/wp-json\/wp\/v2\/media?parent=9037"}],"curies":[{"name":"wp","href":"https:\/\/api.w.org\/{rel}","templated":true}]}}