{"id":9036,"date":"2020-11-13T15:48:50","date_gmt":"2020-11-13T15:48:50","guid":{"rendered":"https:\/\/www.rochestersensors.co.uk\/industrie\/stromerzeugung\/"},"modified":"2021-03-24T16:51:04","modified_gmt":"2021-03-24T16:51:04","slug":"stromerzeugung","status":"publish","type":"page","link":"https:\/\/www.rochestersensors.co.uk\/de\/industrie\/stromerzeugung\/","title":{"rendered":"Stromerzeugung"},"content":{"rendered":"<p>[vc_row css_animation=&#8220;&#8220; row_type=&#8220;row&#8220; use_row_as_full_screen_section=&#8220;no&#8220; type=&#8220;full_width&#8220; angled_section=&#8220;no&#8220; text_align=&#8220;left&#8220; background_image_as_pattern=&#8220;without_pattern&#8220; css=&#8220;.vc_custom_1616604660176{padding-bottom: 60px !important;}&#8220; z_index=&#8220;&#8220;][vc_column width=&#8220;1\/3&#8243;][vc_single_image image=&#8220;5734&#8243; img_size=&#8220;260&#215;184&#8243; qode_css_animation=&#8220;&#8220;][\/vc_column][vc_column width=&#8220;2\/3&#8243;][vc_column_text]<\/p>\n<h3>GENERATORS\u00c4TZE<\/h3>\n<p>[\/vc_column_text][vc_raw_html]JTNDZGl2JTIwY2xhc3MlM0QlMjJzZXBhcmF0b3IlMjBzaG9ydCUyMiUzRSUzQ2RpdiUyMGNsYXNzJTNEJTIyc2VwYXJhdG9yX2xpbmUlMjIlM0UlM0MlMkZkaXYlM0UlM0MlMkZkaXYlM0U=[\/vc_raw_html][vc_column_text]Die meisten Produktserien von Rochester Sensors haben Anwendungen innerhalb der Generatorsatzumgebung:-<\/p>\n<p>T\/LL70 \u2013 Pumpensteuerung AN\/AUS oder Alarm bei zu hohem\/zu niedrigem F\u00fcllstand, wenn der Kraftstoff von Massenspeichertanks in die Tagesspeichertanks geleitet wird.<\/p>\n<p>S85 &amp; 6 kapazitive F\u00fcllstandsschalter f\u00fcr K\u00fchlmittel, Kraftstoffe und \u00d6le. Das S85 wird in gro\u00dfem Umfang als Warnger\u00e4t bei niedrigem K\u00fchlmittelf\u00fcllstand eingesetzt.<\/p>\n<p>Die \u201aV\u2018-Instrumente von Rochester Sensors \u00fcberwachen alle Motorparameter wie K\u00fchlmittel, \u00d6l und F\u00fcllst\u00e4nde mit dem zugeh\u00f6rigen Sortiment an Sendern und Schaltern in verschiedenen Gewindegr\u00f6\u00dfen und Schaltoptionen.<\/p>\n<p>Der G\/LL43 ist ein mechanisches Hochleistungsmessger\u00e4t, w\u00e4hrend das Kelch-Produkt verschiedene Arten von Kopf-, Schraub- oder Bajonettverschl\u00fcssen bietet und kosteng\u00fcnstiger ist. Beide sind f\u00fcr die Anzeige von Inhalten des Grundtanks weit verbreitet.<\/p>\n<p>S100 f\u00fcr alle Unterbrechungen und Warnungen bei zu hoher\/niedriger Temperatur des Motors.[\/vc_column_text][\/vc_column][\/vc_row]<\/p>\n","protected":false},"excerpt":{"rendered":"<p>[vc_row css_animation=&#8220;&#8220; row_type=&#8220;row&#8220; use_row_as_full_screen_section=&#8220;no&#8220; type=&#8220;full_width&#8220; angled_section=&#8220;no&#8220; text_align=&#8220;left&#8220; background_image_as_pattern=&#8220;without_pattern&#8220; css=&#8220;.vc_custom_1616604660176{padding-bottom: 60px !important;}&#8220; z_index=&#8220;&#8220;][vc_column width=&#8220;1\/3&#8243;][vc_single_image image=&#8220;5734&#8243; img_size=&#8220;260&#215;184&#8243; qode_css_animation=&#8220;&#8220;][\/vc_column][vc_column width=&#8220;2\/3&#8243;][vc_column_text] GENERATORS\u00c4TZE [\/vc_column_text][vc_raw_html]JTNDZGl2JTIwY2xhc3MlM0QlMjJzZXBhcmF0b3IlMjBzaG9ydCUyMiUzRSUzQ2RpdiUyMGNsYXNzJTNEJTIyc2VwYXJhdG9yX2xpbmUlMjIlM0UlM0MlMkZkaXYlM0UlM0MlMkZkaXYlM0U=[\/vc_raw_html][vc_column_text]Die meisten Produktserien von Rochester Sensors haben Anwendungen innerhalb der Generatorsatzumgebung:- T\/LL70 \u2013 Pumpensteuerung AN\/AUS oder Alarm bei zu hohem\/zu niedrigem F\u00fcllstand, wenn der Kraftstoff von Massenspeichertanks&#8230;<\/p>\n","protected":false},"author":2,"featured_media":0,"parent":9031,"menu_order":0,"comment_status":"closed","ping_status":"closed","template":"","meta":{"_monsterinsights_skip_tracking":false,"_monsterinsights_sitenote_active":false,"_monsterinsights_sitenote_note":"","_monsterinsights_sitenote_category":0,"footnotes":""},"class_list":["post-9036","page","type-page","status-publish","hentry"],"yoast_head":"<!-- This site is optimized with the Yoast SEO plugin v27.4 - https:\/\/yoast.com\/product\/yoast-seo-wordpress\/ -->\n<title>Stromerzeugung - Rochester Sensors<\/title>\n<meta name=\"robots\" content=\"index, follow, max-snippet:-1, max-image-preview:large, max-video-preview:-1\" \/>\n<link rel=\"canonical\" href=\"https:\/\/www.rochestersensors.co.uk\/de\/industrie\/stromerzeugung\/\" \/>\n<meta property=\"og:locale\" content=\"de_DE\" \/>\n<meta property=\"og:type\" content=\"article\" \/>\n<meta property=\"og:title\" content=\"Stromerzeugung - Rochester Sensors\" \/>\n<meta property=\"og:description\" content=\"[vc_row css_animation=&#8220;&#8220; row_type=&#8220;row&#8220; use_row_as_full_screen_section=&#8220;no&#8220; type=&#8220;full_width&#8220; angled_section=&#8220;no&#8220; text_align=&#8220;left&#8220; background_image_as_pattern=&#8220;without_pattern&#8220; css=&#8220;.vc_custom_1616604660176{padding-bottom: 60px !important;}&#8220; z_index=&#8220;&#8220;][vc_column width=&#8220;1\/3&#8243;][vc_single_image image=&#8220;5734&#8243; img_size=&#8220;260&#215;184&#8243; qode_css_animation=&#8220;&#8220;][\/vc_column][vc_column width=&#8220;2\/3&#8243;][vc_column_text] GENERATORS\u00c4TZE [\/vc_column_text][vc_raw_html]JTNDZGl2JTIwY2xhc3MlM0QlMjJzZXBhcmF0b3IlMjBzaG9ydCUyMiUzRSUzQ2RpdiUyMGNsYXNzJTNEJTIyc2VwYXJhdG9yX2xpbmUlMjIlM0UlM0MlMkZkaXYlM0UlM0MlMkZkaXYlM0U=[\/vc_raw_html][vc_column_text]Die meisten Produktserien von Rochester Sensors haben Anwendungen innerhalb der Generatorsatzumgebung:- T\/LL70 \u2013 Pumpensteuerung AN\/AUS oder Alarm bei zu hohem\/zu niedrigem F\u00fcllstand, wenn der Kraftstoff von Massenspeichertanks...\" \/>\n<meta property=\"og:url\" content=\"https:\/\/www.rochestersensors.co.uk\/de\/industrie\/stromerzeugung\/\" \/>\n<meta property=\"og:site_name\" content=\"Rochester Sensors\" \/>\n<meta property=\"article:modified_time\" content=\"2021-03-24T16:51:04+00:00\" \/>\n<meta name=\"twitter:label1\" content=\"Gesch\u00e4tzte Lesezeit\" \/>\n\t<meta name=\"twitter:data1\" content=\"1 Minute\" \/>\n<script type=\"application\/ld+json\" class=\"yoast-schema-graph\">{\"@context\":\"https:\\\/\\\/schema.org\",\"@graph\":[{\"@type\":\"WebPage\",\"@id\":\"https:\\\/\\\/www.rochestersensors.co.uk\\\/de\\\/industrie\\\/stromerzeugung\\\/\",\"url\":\"https:\\\/\\\/www.rochestersensors.co.uk\\\/de\\\/industrie\\\/stromerzeugung\\\/\",\"name\":\"Stromerzeugung - Rochester Sensors\",\"isPartOf\":{\"@id\":\"https:\\\/\\\/www.rochestersensors.co.uk\\\/fr\\\/#website\"},\"datePublished\":\"2020-11-13T15:48:50+00:00\",\"dateModified\":\"2021-03-24T16:51:04+00:00\",\"breadcrumb\":{\"@id\":\"https:\\\/\\\/www.rochestersensors.co.uk\\\/de\\\/industrie\\\/stromerzeugung\\\/#breadcrumb\"},\"inLanguage\":\"de-DE\",\"potentialAction\":[{\"@type\":\"ReadAction\",\"target\":[\"https:\\\/\\\/www.rochestersensors.co.uk\\\/de\\\/industrie\\\/stromerzeugung\\\/\"]}]},{\"@type\":\"BreadcrumbList\",\"@id\":\"https:\\\/\\\/www.rochestersensors.co.uk\\\/de\\\/industrie\\\/stromerzeugung\\\/#breadcrumb\",\"itemListElement\":[{\"@type\":\"ListItem\",\"position\":1,\"name\":\"Home\",\"item\":\"https:\\\/\\\/www.rochestersensors.co.uk\\\/de\\\/\"},{\"@type\":\"ListItem\",\"position\":2,\"name\":\"Industrie\",\"item\":\"https:\\\/\\\/www.rochestersensors.co.uk\\\/de\\\/industrie\\\/\"},{\"@type\":\"ListItem\",\"position\":3,\"name\":\"Stromerzeugung\"}]},{\"@type\":\"WebSite\",\"@id\":\"https:\\\/\\\/www.rochestersensors.co.uk\\\/fr\\\/#website\",\"url\":\"https:\\\/\\\/www.rochestersensors.co.uk\\\/fr\\\/\",\"name\":\"Rochester Sensors\",\"description\":\"We design and manufacture a wide range of liquid level, fuel level, pressure, temperature control and monitoring equipment to customers across the world.\",\"potentialAction\":[{\"@type\":\"SearchAction\",\"target\":{\"@type\":\"EntryPoint\",\"urlTemplate\":\"https:\\\/\\\/www.rochestersensors.co.uk\\\/fr\\\/?s={search_term_string}\"},\"query-input\":{\"@type\":\"PropertyValueSpecification\",\"valueRequired\":true,\"valueName\":\"search_term_string\"}}],\"inLanguage\":\"de-DE\"}]}<\/script>\n<!-- \/ Yoast SEO plugin. -->","yoast_head_json":{"title":"Stromerzeugung - Rochester Sensors","robots":{"index":"index","follow":"follow","max-snippet":"max-snippet:-1","max-image-preview":"max-image-preview:large","max-video-preview":"max-video-preview:-1"},"canonical":"https:\/\/www.rochestersensors.co.uk\/de\/industrie\/stromerzeugung\/","og_locale":"de_DE","og_type":"article","og_title":"Stromerzeugung - Rochester Sensors","og_description":"[vc_row css_animation=&#8220;&#8220; row_type=&#8220;row&#8220; use_row_as_full_screen_section=&#8220;no&#8220; type=&#8220;full_width&#8220; angled_section=&#8220;no&#8220; text_align=&#8220;left&#8220; background_image_as_pattern=&#8220;without_pattern&#8220; css=&#8220;.vc_custom_1616604660176{padding-bottom: 60px !important;}&#8220; z_index=&#8220;&#8220;][vc_column width=&#8220;1\/3&#8243;][vc_single_image image=&#8220;5734&#8243; img_size=&#8220;260&#215;184&#8243; qode_css_animation=&#8220;&#8220;][\/vc_column][vc_column width=&#8220;2\/3&#8243;][vc_column_text] GENERATORS\u00c4TZE [\/vc_column_text][vc_raw_html]JTNDZGl2JTIwY2xhc3MlM0QlMjJzZXBhcmF0b3IlMjBzaG9ydCUyMiUzRSUzQ2RpdiUyMGNsYXNzJTNEJTIyc2VwYXJhdG9yX2xpbmUlMjIlM0UlM0MlMkZkaXYlM0UlM0MlMkZkaXYlM0U=[\/vc_raw_html][vc_column_text]Die meisten Produktserien von Rochester Sensors haben Anwendungen innerhalb der Generatorsatzumgebung:- T\/LL70 \u2013 Pumpensteuerung AN\/AUS oder Alarm bei zu hohem\/zu niedrigem F\u00fcllstand, wenn der Kraftstoff von Massenspeichertanks...","og_url":"https:\/\/www.rochestersensors.co.uk\/de\/industrie\/stromerzeugung\/","og_site_name":"Rochester Sensors","article_modified_time":"2021-03-24T16:51:04+00:00","twitter_misc":{"Gesch\u00e4tzte Lesezeit":"1 Minute"},"schema":{"@context":"https:\/\/schema.org","@graph":[{"@type":"WebPage","@id":"https:\/\/www.rochestersensors.co.uk\/de\/industrie\/stromerzeugung\/","url":"https:\/\/www.rochestersensors.co.uk\/de\/industrie\/stromerzeugung\/","name":"Stromerzeugung - Rochester Sensors","isPartOf":{"@id":"https:\/\/www.rochestersensors.co.uk\/fr\/#website"},"datePublished":"2020-11-13T15:48:50+00:00","dateModified":"2021-03-24T16:51:04+00:00","breadcrumb":{"@id":"https:\/\/www.rochestersensors.co.uk\/de\/industrie\/stromerzeugung\/#breadcrumb"},"inLanguage":"de-DE","potentialAction":[{"@type":"ReadAction","target":["https:\/\/www.rochestersensors.co.uk\/de\/industrie\/stromerzeugung\/"]}]},{"@type":"BreadcrumbList","@id":"https:\/\/www.rochestersensors.co.uk\/de\/industrie\/stromerzeugung\/#breadcrumb","itemListElement":[{"@type":"ListItem","position":1,"name":"Home","item":"https:\/\/www.rochestersensors.co.uk\/de\/"},{"@type":"ListItem","position":2,"name":"Industrie","item":"https:\/\/www.rochestersensors.co.uk\/de\/industrie\/"},{"@type":"ListItem","position":3,"name":"Stromerzeugung"}]},{"@type":"WebSite","@id":"https:\/\/www.rochestersensors.co.uk\/fr\/#website","url":"https:\/\/www.rochestersensors.co.uk\/fr\/","name":"Rochester Sensors","description":"We design and manufacture a wide range of liquid level, fuel level, pressure, temperature control and monitoring equipment to customers across the world.","potentialAction":[{"@type":"SearchAction","target":{"@type":"EntryPoint","urlTemplate":"https:\/\/www.rochestersensors.co.uk\/fr\/?s={search_term_string}"},"query-input":{"@type":"PropertyValueSpecification","valueRequired":true,"valueName":"search_term_string"}}],"inLanguage":"de-DE"}]}},"_links":{"self":[{"href":"https:\/\/www.rochestersensors.co.uk\/de\/wp-json\/wp\/v2\/pages\/9036","targetHints":{"allow":["GET"]}}],"collection":[{"href":"https:\/\/www.rochestersensors.co.uk\/de\/wp-json\/wp\/v2\/pages"}],"about":[{"href":"https:\/\/www.rochestersensors.co.uk\/de\/wp-json\/wp\/v2\/types\/page"}],"author":[{"embeddable":true,"href":"https:\/\/www.rochestersensors.co.uk\/de\/wp-json\/wp\/v2\/users\/2"}],"replies":[{"embeddable":true,"href":"https:\/\/www.rochestersensors.co.uk\/de\/wp-json\/wp\/v2\/comments?post=9036"}],"version-history":[{"count":0,"href":"https:\/\/www.rochestersensors.co.uk\/de\/wp-json\/wp\/v2\/pages\/9036\/revisions"}],"up":[{"embeddable":true,"href":"https:\/\/www.rochestersensors.co.uk\/de\/wp-json\/wp\/v2\/pages\/9031"}],"wp:attachment":[{"href":"https:\/\/www.rochestersensors.co.uk\/de\/wp-json\/wp\/v2\/media?parent=9036"}],"curies":[{"name":"wp","href":"https:\/\/api.w.org\/{rel}","templated":true}]}}