{"id":9016,"date":"2020-11-13T14:31:37","date_gmt":"2020-11-13T14:31:37","guid":{"rendered":"https:\/\/www.rochestersensors.co.uk\/aktuelle-stellenangebote\/"},"modified":"2021-03-23T17:34:16","modified_gmt":"2021-03-23T17:34:16","slug":"aktuelle-stellenangebote","status":"publish","type":"page","link":"https:\/\/www.rochestersensors.co.uk\/de\/unternehmen\/aktuelle-stellenangebote\/","title":{"rendered":"Aktuelle Stellenangebote"},"content":{"rendered":"<p>[vc_row css_animation=&#8220;&#8220; row_type=&#8220;row&#8220; use_row_as_full_screen_section=&#8220;no&#8220; type=&#8220;full_width&#8220; angled_section=&#8220;no&#8220; text_align=&#8220;left&#8220; background_image_as_pattern=&#8220;without_pattern&#8220; parallax=&#8220;no&#8220; css=&#8220;.vc_custom_1616520794122{padding-bottom: 60px !important;}&#8220; z_index=&#8220;&#8220;][vc_column][vc_column_text]<\/p>\n<h3>AKTUELLE STELLENANGEBOTE<\/h3>\n<p>[\/vc_column_text][vc_raw_html]JTNDZGl2JTIwY2xhc3MlM0QlMjJzZXBhcmF0b3IlMjBzaG9ydCUyMiUzRSUzQ2RpdiUyMGNsYXNzJTNEJTIyc2VwYXJhdG9yX2xpbmUlMjIlM0UlM0MlMkZkaXYlM0UlM0MlMkZkaXYlM0U=[\/vc_raw_html][vc_column_text]<span style=\"font-size: 16px; color: #013e7f;\">Obwohl Rochester Sensors f\u00fcr Design, Entwicklung und Herstellung von Sensoren bekannt ist, sind f\u00fcr unser Gesch\u00e4ft neben branchenf\u00fchrenden Ingenieuren auch Spitzenleistungen in Disziplinen wie Fertigung, Qualit\u00e4t, Verkauf, Einkauf und Logistik erforderlich.<\/span><\/p>\n<p>Die hier aufgef\u00fchrten Stellenangebote werden regelm\u00e4\u00dfig aktualisiert. Wenn Sie der Meinung sind, dass Sie \u00fcber die F\u00e4higkeiten und Eigenschaften verf\u00fcgen, die wir suchen, k\u00f6nnen Sie uns auch gerne Ihre Initiativbewerbung zusenden. itte reichen Sie Ihre Bewerbung \u00fcber unser <a href=\"https:\/\/www.rochestersensors.co.uk\/hr-contact\/\">Bewerbungsformular ein.<\/a>[\/vc_column_text][vc_row_inner row_type=&#8220;row&#8220; type=&#8220;full_width&#8220; text_align=&#8220;left&#8220; css_animation=&#8220;&#8220; gap=&#8220;10&#8243; css=&#8220;.vc_custom_1487594167535{margin-bottom: 20px !important;background-color: #f3f3f3 !important;}&#8220;][vc_column_inner][vc_column_text]<div class=\"post hentry ivycat-post\"><span class=\"pip-not-found\">Derzeit haben wir keine freien Stellenangebote, bitte schauen Sie sp\u00e4ter noch einmal vorbei.<\/span><\/div>[\/vc_column_text][\/vc_column_inner][\/vc_row_inner][vc_column_text]Wenn nicht anders angegeben, ist der Einsatzort f\u00fcr die oben genannten Positionen in unserer Zentrale in Warwick, UK. Bewerber m\u00fcssen \u00fcber eine Arbeitserlaubnis f\u00fcr das Vereinigte K\u00f6nigreich verf\u00fcgen.[\/vc_column_text][vc_empty_space]<a  itemprop=\"url\" href=\"https:\/\/www.rochestersensors.co.uk\/hr-contact\/\" target=\"_blank\"  class=\"qbutton  medium default\" style=\"\"> JETZT ANFRAGEN <i class=\"qode_icon_font_awesome fa fa-arrow-circle-o-right qode_button_icon_element\" style=\"\" ><\/i><\/a>[\/vc_column][\/vc_row][vc_row css_animation=&#8220;&#8220; row_type=&#8220;row&#8220; use_row_as_full_screen_section=&#8220;no&#8220; type=&#8220;full_width&#8220; angled_section=&#8220;no&#8220; text_align=&#8220;left&#8220; background_image_as_pattern=&#8220;without_pattern&#8220; parallax=&#8220;no&#8220; css=&#8220;.vc_custom_1616520787618{padding-bottom: 60px !important;}&#8220; z_index=&#8220;&#8220;][vc_column][vc_column_text]<\/p>\n<h3>BEWERBUNGSVERFAHREN<\/h3>\n<p>[\/vc_column_text][vc_raw_html]JTNDZGl2JTIwY2xhc3MlM0QlMjJzZXBhcmF0b3IlMjBzaG9ydCUyMiUzRSUzQ2RpdiUyMGNsYXNzJTNEJTIyc2VwYXJhdG9yX2xpbmUlMjIlM0UlM0MlMkZkaXYlM0UlM0MlMkZkaXYlM0U=[\/vc_raw_html][vc_column_text]Personalvermittlungsagenturen und Headhunter<br \/>\nRochester Sensors Limited akzeptiert keine unaufgeforderten Anfragen, Bewerbungen oder Lebensl\u00e4ufe von Personalvermittlungsagenturen, die nicht bereits in unserem Namen t\u00e4tig sind. Alle auf diese Weise eingehenden Bewerberdaten k\u00f6nnen gel\u00f6scht, an unsere beauftragten Personalvermittlungsagenturen weitergegeben oder, da ohne unsere vorherige schriftliche Zustimmung kein Vertragsverh\u00e4ltnis besteht, als Direktbewerbung behandelt werden und sind somit frei von jeglichen Anwerbe-\/Vermittlungsgeb\u00fchren.<\/p>\n<p><span style=\"font-size: 16px; color: #013e7f;\">Gleichstellungspolitik<\/span><br \/>\nRochester Sensors f\u00f6rdert die Chancengleichheit mit dem Ziel, allen Mitarbeitenden eine erf\u00fcllende und lohnende Besch\u00e4ftigung zu bieten. Wir freuen uns \u00fcber Bewerbungen von entsprechend qualifizierten Menschen, unabh\u00e4ngig von Alter, Geschlecht oder sexueller Orientierung, Geschlechtsumwandlung, Behinderung, Familienstand, Schwangerschaft und elterlichem Status, Hautfarbe, Nationalit\u00e4t, ethnischer oder nationaler Herkunft, Religion oder Weltanschauung.<\/p>\n<p><span style=\"font-size: 16px; color: #013e7f;\">Datenschutzerkl\u00e4rung<\/span><br \/>\nRochester Sensors kann Informationen \u00fcber Sie und Ihr Interesse an einer zuk\u00fcnftigen Besch\u00e4ftigung bei uns, die entweder von Ihnen oder von Dritten wie Referenzen und Agenturen zur Verf\u00fcgung gestellt werden, verwenden und speichern. Dies geschieht ausschlie\u00dflich f\u00fcr Zwecke der Personalbeschaffung. Alle Anfragen oder Antr\u00e4ge auf Vernichtung der Informationen sind an den Personalmanager zu richten.[\/vc_column_text][\/vc_column][\/vc_row]<\/p>\n","protected":false},"excerpt":{"rendered":"<p>[vc_row css_animation=&#8220;&#8220; row_type=&#8220;row&#8220; use_row_as_full_screen_section=&#8220;no&#8220; type=&#8220;full_width&#8220; angled_section=&#8220;no&#8220; text_align=&#8220;left&#8220; background_image_as_pattern=&#8220;without_pattern&#8220; parallax=&#8220;no&#8220; css=&#8220;.vc_custom_1616520794122{padding-bottom: 60px !important;}&#8220; z_index=&#8220;&#8220;][vc_column][vc_column_text] AKTUELLE STELLENANGEBOTE [\/vc_column_text][vc_raw_html]JTNDZGl2JTIwY2xhc3MlM0QlMjJzZXBhcmF0b3IlMjBzaG9ydCUyMiUzRSUzQ2RpdiUyMGNsYXNzJTNEJTIyc2VwYXJhdG9yX2xpbmUlMjIlM0UlM0MlMkZkaXYlM0UlM0MlMkZkaXYlM0U=[\/vc_raw_html][vc_column_text]Obwohl Rochester Sensors f\u00fcr Design, Entwicklung und Herstellung von Sensoren bekannt ist, sind f\u00fcr unser Gesch\u00e4ft neben branchenf\u00fchrenden Ingenieuren auch Spitzenleistungen in Disziplinen wie Fertigung, Qualit\u00e4t, Verkauf, Einkauf und Logistik&#8230;<\/p>\n","protected":false},"author":5,"featured_media":0,"parent":9402,"menu_order":0,"comment_status":"closed","ping_status":"closed","template":"","meta":{"_monsterinsights_skip_tracking":false,"_monsterinsights_sitenote_active":false,"_monsterinsights_sitenote_note":"","_monsterinsights_sitenote_category":0,"footnotes":""},"class_list":["post-9016","page","type-page","status-publish","hentry"],"yoast_head":"<!-- This site is optimized with the Yoast SEO plugin v27.4 - https:\/\/yoast.com\/product\/yoast-seo-wordpress\/ -->\n<title>Aktuelle Stellenangebote - Rochester Sensors<\/title>\n<meta name=\"robots\" content=\"index, follow, max-snippet:-1, max-image-preview:large, max-video-preview:-1\" \/>\n<link rel=\"canonical\" href=\"https:\/\/www.rochestersensors.co.uk\/de\/unternehmen\/aktuelle-stellenangebote\/\" \/>\n<meta property=\"og:locale\" content=\"de_DE\" \/>\n<meta property=\"og:type\" content=\"article\" \/>\n<meta property=\"og:title\" content=\"Aktuelle Stellenangebote - Rochester Sensors\" \/>\n<meta property=\"og:description\" content=\"[vc_row css_animation=&#8220;&#8220; row_type=&#8220;row&#8220; use_row_as_full_screen_section=&#8220;no&#8220; type=&#8220;full_width&#8220; angled_section=&#8220;no&#8220; text_align=&#8220;left&#8220; background_image_as_pattern=&#8220;without_pattern&#8220; parallax=&#8220;no&#8220; css=&#8220;.vc_custom_1616520794122{padding-bottom: 60px !important;}&#8220; z_index=&#8220;&#8220;][vc_column][vc_column_text] AKTUELLE STELLENANGEBOTE [\/vc_column_text][vc_raw_html]JTNDZGl2JTIwY2xhc3MlM0QlMjJzZXBhcmF0b3IlMjBzaG9ydCUyMiUzRSUzQ2RpdiUyMGNsYXNzJTNEJTIyc2VwYXJhdG9yX2xpbmUlMjIlM0UlM0MlMkZkaXYlM0UlM0MlMkZkaXYlM0U=[\/vc_raw_html][vc_column_text]Obwohl Rochester Sensors f\u00fcr Design, Entwicklung und Herstellung von Sensoren bekannt ist, sind f\u00fcr unser Gesch\u00e4ft neben branchenf\u00fchrenden Ingenieuren auch Spitzenleistungen in Disziplinen wie Fertigung, Qualit\u00e4t, Verkauf, Einkauf und Logistik...\" \/>\n<meta property=\"og:url\" content=\"https:\/\/www.rochestersensors.co.uk\/de\/unternehmen\/aktuelle-stellenangebote\/\" \/>\n<meta property=\"og:site_name\" content=\"Rochester Sensors\" \/>\n<meta property=\"article:modified_time\" content=\"2021-03-23T17:34:16+00:00\" \/>\n<meta name=\"twitter:label1\" content=\"Gesch\u00e4tzte Lesezeit\" \/>\n\t<meta name=\"twitter:data1\" content=\"3 Minuten\" \/>\n<script type=\"application\/ld+json\" class=\"yoast-schema-graph\">{\"@context\":\"https:\\\/\\\/schema.org\",\"@graph\":[{\"@type\":\"WebPage\",\"@id\":\"https:\\\/\\\/www.rochestersensors.co.uk\\\/de\\\/unternehmen\\\/aktuelle-stellenangebote\\\/\",\"url\":\"https:\\\/\\\/www.rochestersensors.co.uk\\\/de\\\/unternehmen\\\/aktuelle-stellenangebote\\\/\",\"name\":\"Aktuelle Stellenangebote - Rochester Sensors\",\"isPartOf\":{\"@id\":\"https:\\\/\\\/www.rochestersensors.co.uk\\\/fr\\\/#website\"},\"datePublished\":\"2020-11-13T14:31:37+00:00\",\"dateModified\":\"2021-03-23T17:34:16+00:00\",\"breadcrumb\":{\"@id\":\"https:\\\/\\\/www.rochestersensors.co.uk\\\/de\\\/unternehmen\\\/aktuelle-stellenangebote\\\/#breadcrumb\"},\"inLanguage\":\"de-DE\",\"potentialAction\":[{\"@type\":\"ReadAction\",\"target\":[\"https:\\\/\\\/www.rochestersensors.co.uk\\\/de\\\/unternehmen\\\/aktuelle-stellenangebote\\\/\"]}]},{\"@type\":\"BreadcrumbList\",\"@id\":\"https:\\\/\\\/www.rochestersensors.co.uk\\\/de\\\/unternehmen\\\/aktuelle-stellenangebote\\\/#breadcrumb\",\"itemListElement\":[{\"@type\":\"ListItem\",\"position\":1,\"name\":\"Home\",\"item\":\"https:\\\/\\\/www.rochestersensors.co.uk\\\/de\\\/\"},{\"@type\":\"ListItem\",\"position\":2,\"name\":\"Unternehmen\",\"item\":\"https:\\\/\\\/www.rochestersensors.co.uk\\\/de\\\/unternehmen\\\/\"},{\"@type\":\"ListItem\",\"position\":3,\"name\":\"Aktuelle Stellenangebote\"}]},{\"@type\":\"WebSite\",\"@id\":\"https:\\\/\\\/www.rochestersensors.co.uk\\\/fr\\\/#website\",\"url\":\"https:\\\/\\\/www.rochestersensors.co.uk\\\/fr\\\/\",\"name\":\"Rochester Sensors\",\"description\":\"We design and manufacture a wide range of liquid level, fuel level, pressure, temperature control and monitoring equipment to customers across the world.\",\"potentialAction\":[{\"@type\":\"SearchAction\",\"target\":{\"@type\":\"EntryPoint\",\"urlTemplate\":\"https:\\\/\\\/www.rochestersensors.co.uk\\\/fr\\\/?s={search_term_string}\"},\"query-input\":{\"@type\":\"PropertyValueSpecification\",\"valueRequired\":true,\"valueName\":\"search_term_string\"}}],\"inLanguage\":\"de-DE\"}]}<\/script>\n<!-- \/ Yoast SEO plugin. -->","yoast_head_json":{"title":"Aktuelle Stellenangebote - Rochester Sensors","robots":{"index":"index","follow":"follow","max-snippet":"max-snippet:-1","max-image-preview":"max-image-preview:large","max-video-preview":"max-video-preview:-1"},"canonical":"https:\/\/www.rochestersensors.co.uk\/de\/unternehmen\/aktuelle-stellenangebote\/","og_locale":"de_DE","og_type":"article","og_title":"Aktuelle Stellenangebote - Rochester Sensors","og_description":"[vc_row css_animation=&#8220;&#8220; row_type=&#8220;row&#8220; use_row_as_full_screen_section=&#8220;no&#8220; type=&#8220;full_width&#8220; angled_section=&#8220;no&#8220; text_align=&#8220;left&#8220; background_image_as_pattern=&#8220;without_pattern&#8220; parallax=&#8220;no&#8220; css=&#8220;.vc_custom_1616520794122{padding-bottom: 60px !important;}&#8220; z_index=&#8220;&#8220;][vc_column][vc_column_text] AKTUELLE STELLENANGEBOTE [\/vc_column_text][vc_raw_html]JTNDZGl2JTIwY2xhc3MlM0QlMjJzZXBhcmF0b3IlMjBzaG9ydCUyMiUzRSUzQ2RpdiUyMGNsYXNzJTNEJTIyc2VwYXJhdG9yX2xpbmUlMjIlM0UlM0MlMkZkaXYlM0UlM0MlMkZkaXYlM0U=[\/vc_raw_html][vc_column_text]Obwohl Rochester Sensors f\u00fcr Design, Entwicklung und Herstellung von Sensoren bekannt ist, sind f\u00fcr unser Gesch\u00e4ft neben branchenf\u00fchrenden Ingenieuren auch Spitzenleistungen in Disziplinen wie Fertigung, Qualit\u00e4t, Verkauf, Einkauf und Logistik...","og_url":"https:\/\/www.rochestersensors.co.uk\/de\/unternehmen\/aktuelle-stellenangebote\/","og_site_name":"Rochester Sensors","article_modified_time":"2021-03-23T17:34:16+00:00","twitter_misc":{"Gesch\u00e4tzte Lesezeit":"3 Minuten"},"schema":{"@context":"https:\/\/schema.org","@graph":[{"@type":"WebPage","@id":"https:\/\/www.rochestersensors.co.uk\/de\/unternehmen\/aktuelle-stellenangebote\/","url":"https:\/\/www.rochestersensors.co.uk\/de\/unternehmen\/aktuelle-stellenangebote\/","name":"Aktuelle Stellenangebote - Rochester Sensors","isPartOf":{"@id":"https:\/\/www.rochestersensors.co.uk\/fr\/#website"},"datePublished":"2020-11-13T14:31:37+00:00","dateModified":"2021-03-23T17:34:16+00:00","breadcrumb":{"@id":"https:\/\/www.rochestersensors.co.uk\/de\/unternehmen\/aktuelle-stellenangebote\/#breadcrumb"},"inLanguage":"de-DE","potentialAction":[{"@type":"ReadAction","target":["https:\/\/www.rochestersensors.co.uk\/de\/unternehmen\/aktuelle-stellenangebote\/"]}]},{"@type":"BreadcrumbList","@id":"https:\/\/www.rochestersensors.co.uk\/de\/unternehmen\/aktuelle-stellenangebote\/#breadcrumb","itemListElement":[{"@type":"ListItem","position":1,"name":"Home","item":"https:\/\/www.rochestersensors.co.uk\/de\/"},{"@type":"ListItem","position":2,"name":"Unternehmen","item":"https:\/\/www.rochestersensors.co.uk\/de\/unternehmen\/"},{"@type":"ListItem","position":3,"name":"Aktuelle Stellenangebote"}]},{"@type":"WebSite","@id":"https:\/\/www.rochestersensors.co.uk\/fr\/#website","url":"https:\/\/www.rochestersensors.co.uk\/fr\/","name":"Rochester Sensors","description":"We design and manufacture a wide range of liquid level, fuel level, pressure, temperature control and monitoring equipment to customers across the world.","potentialAction":[{"@type":"SearchAction","target":{"@type":"EntryPoint","urlTemplate":"https:\/\/www.rochestersensors.co.uk\/fr\/?s={search_term_string}"},"query-input":{"@type":"PropertyValueSpecification","valueRequired":true,"valueName":"search_term_string"}}],"inLanguage":"de-DE"}]}},"_links":{"self":[{"href":"https:\/\/www.rochestersensors.co.uk\/de\/wp-json\/wp\/v2\/pages\/9016","targetHints":{"allow":["GET"]}}],"collection":[{"href":"https:\/\/www.rochestersensors.co.uk\/de\/wp-json\/wp\/v2\/pages"}],"about":[{"href":"https:\/\/www.rochestersensors.co.uk\/de\/wp-json\/wp\/v2\/types\/page"}],"author":[{"embeddable":true,"href":"https:\/\/www.rochestersensors.co.uk\/de\/wp-json\/wp\/v2\/users\/5"}],"replies":[{"embeddable":true,"href":"https:\/\/www.rochestersensors.co.uk\/de\/wp-json\/wp\/v2\/comments?post=9016"}],"version-history":[{"count":0,"href":"https:\/\/www.rochestersensors.co.uk\/de\/wp-json\/wp\/v2\/pages\/9016\/revisions"}],"up":[{"embeddable":true,"href":"https:\/\/www.rochestersensors.co.uk\/de\/wp-json\/wp\/v2\/pages\/9402"}],"wp:attachment":[{"href":"https:\/\/www.rochestersensors.co.uk\/de\/wp-json\/wp\/v2\/media?parent=9016"}],"curies":[{"name":"wp","href":"https:\/\/api.w.org\/{rel}","templated":true}]}}