{"id":8975,"date":"2016-01-11T16:02:48","date_gmt":"2016-01-11T16:02:48","guid":{"rendered":"https:\/\/www.rochestersensors.co.uk\/careers\/"},"modified":"2021-03-23T17:23:44","modified_gmt":"2021-03-23T17:23:44","slug":"careers","status":"publish","type":"page","link":"https:\/\/www.rochestersensors.co.uk\/de\/unternehmen\/careers\/","title":{"rendered":"Karriere Bei Rochester Sensors"},"content":{"rendered":"<p>[vc_row css_animation=&#8220;&#8220; row_type=&#8220;row&#8220; use_row_as_full_screen_section=&#8220;no&#8220; type=&#8220;full_width&#8220; angled_section=&#8220;no&#8220; text_align=&#8220;left&#8220; background_image_as_pattern=&#8220;without_pattern&#8220; parallax=&#8220;no&#8220; css=&#8220;.vc_custom_1411478362102{padding-top: -5px !important;padding-bottom: 60px !important;}&#8220;][vc_column][vc_column_text]<\/p>\n<h3>Karriere bei Rochester Sensors<\/h3>\n<p>[\/vc_column_text][vc_raw_html]JTNDZGl2JTIwY2xhc3MlM0QlMjJzZXBhcmF0b3IlMjBzaG9ydCUyMiUzRSUzQ2RpdiUyMGNsYXNzJTNEJTIyc2VwYXJhdG9yX2xpbmUlMjIlM0UlM0MlMkZkaXYlM0UlM0MlMkZkaXYlM0U=[\/vc_raw_html][vc_column_text]<span style=\"font-size: 16px; color: #013e7f;\">Rochester Sensorss St\u00e4rken in den Bereichen Engineering und Fertigung kommen sind die St\u00e4rken der Menschen, die wir besch\u00e4ftigen. Um innovative und wettbewerbsf\u00e4hige Produkte liefern zu k\u00f6nnen, wann und wo unsere Kunden sie w\u00fcnschen, brauchen wir vielf\u00e4ltige F\u00e4higkeiten. Unsere Mitarbeitenden teilen bestimmte gemeinsame Werte, ganz gleich, ob sie in den Bereichen Entwicklung, Fertigung, Produktion, Qualit\u00e4t, Vertrieb und Marketing, Finanzen, Logistik, Einkauf oder Verwaltung t\u00e4tig sind.<\/span><\/p>\n<p><strong>Verantwortlichkeit.<\/strong> Verantwortung f\u00fcr unser Handeln.<br \/>\n<strong>Engagement.<\/strong> Wir bem\u00fchen uns, alle Ziele nach besten Kr\u00e4ften zu erreichen.<br \/>\n<strong>Aufrichtigkeit.<\/strong> Wir sind fair, aufrichtig und offen.<br \/>\n<strong>Innovation.<\/strong> Wir entwickeln nachhaltige, wertvolle L\u00f6sungen.<br \/>\n<strong>Exzellenz.<\/strong> Kompromisslose Qualit\u00e4t bei allem, was wir tun.<br \/>\n<strong>Vielseitigkeit.<\/strong> Wir sind flexibel und reaktionsstark.<br \/>\n<strong>Austausch.<\/strong> Informationen werden frei, offen und oft kommuniziert \u2013 auf allen Ebenen.<\/p>\n<p>Wenn dies Werte sind, die auch Sie sich auf Ihre Fahnen schreiben, und wenn Sie eine anspruchsvolle, aber erf\u00fcllende berufliche Laufbahn anstreben, w\u00fcrden wir uns freuen, von Ihnen zu h\u00f6ren.[\/vc_column_text][vc_empty_space]<a  itemprop=\"url\" href=\"\/de\/unternehmen\/aktuelle-stellenangebote\/\" target=\"_blank\"  class=\"qbutton  medium default\" style=\"\"> AKTUELLE STELLENANGEBOTE <i class=\"qode_icon_font_awesome fa fa-arrow-circle-o-right qode_button_icon_element\" style=\"\" ><\/i><\/a>[\/vc_column][\/vc_row]<\/p>\n","protected":false},"excerpt":{"rendered":"<p>[vc_row css_animation=&#8220;&#8220; row_type=&#8220;row&#8220; use_row_as_full_screen_section=&#8220;no&#8220; type=&#8220;full_width&#8220; angled_section=&#8220;no&#8220; text_align=&#8220;left&#8220; background_image_as_pattern=&#8220;without_pattern&#8220; parallax=&#8220;no&#8220; css=&#8220;.vc_custom_1411478362102{padding-top: -5px !important;padding-bottom: 60px !important;}&#8220;][vc_column][vc_column_text] Karriere bei Rochester Sensors [\/vc_column_text][vc_raw_html]JTNDZGl2JTIwY2xhc3MlM0QlMjJzZXBhcmF0b3IlMjBzaG9ydCUyMiUzRSUzQ2RpdiUyMGNsYXNzJTNEJTIyc2VwYXJhdG9yX2xpbmUlMjIlM0UlM0MlMkZkaXYlM0UlM0MlMkZkaXYlM0U=[\/vc_raw_html][vc_column_text]Rochester Sensorss St\u00e4rken in den Bereichen Engineering und Fertigung kommen sind die St\u00e4rken der Menschen, die wir besch\u00e4ftigen. Um innovative und wettbewerbsf\u00e4hige Produkte liefern zu k\u00f6nnen, wann&#8230;<\/p>\n","protected":false},"author":5,"featured_media":0,"parent":9402,"menu_order":0,"comment_status":"closed","ping_status":"closed","template":"","meta":{"_monsterinsights_skip_tracking":false,"_monsterinsights_sitenote_active":false,"_monsterinsights_sitenote_note":"","_monsterinsights_sitenote_category":0,"footnotes":""},"class_list":["post-8975","page","type-page","status-publish","hentry"],"yoast_head":"<!-- This site is optimized with the Yoast SEO plugin v27.4 - https:\/\/yoast.com\/product\/yoast-seo-wordpress\/ -->\n<title>Karriere Bei Rochester Sensors - Rochester Sensors<\/title>\n<meta name=\"robots\" content=\"index, follow, max-snippet:-1, max-image-preview:large, max-video-preview:-1\" \/>\n<link rel=\"canonical\" href=\"https:\/\/www.rochestersensors.co.uk\/de\/unternehmen\/careers\/\" \/>\n<meta property=\"og:locale\" content=\"de_DE\" \/>\n<meta property=\"og:type\" content=\"article\" \/>\n<meta property=\"og:title\" content=\"Karriere Bei Rochester Sensors - Rochester Sensors\" \/>\n<meta property=\"og:description\" content=\"[vc_row css_animation=&#8220;&#8220; row_type=&#8220;row&#8220; use_row_as_full_screen_section=&#8220;no&#8220; type=&#8220;full_width&#8220; angled_section=&#8220;no&#8220; text_align=&#8220;left&#8220; background_image_as_pattern=&#8220;without_pattern&#8220; parallax=&#8220;no&#8220; css=&#8220;.vc_custom_1411478362102{padding-top: -5px !important;padding-bottom: 60px !important;}&#8220;][vc_column][vc_column_text] Karriere bei Rochester Sensors [\/vc_column_text][vc_raw_html]JTNDZGl2JTIwY2xhc3MlM0QlMjJzZXBhcmF0b3IlMjBzaG9ydCUyMiUzRSUzQ2RpdiUyMGNsYXNzJTNEJTIyc2VwYXJhdG9yX2xpbmUlMjIlM0UlM0MlMkZkaXYlM0UlM0MlMkZkaXYlM0U=[\/vc_raw_html][vc_column_text]Rochester Sensorss St\u00e4rken in den Bereichen Engineering und Fertigung kommen sind die St\u00e4rken der Menschen, die wir besch\u00e4ftigen. Um innovative und wettbewerbsf\u00e4hige Produkte liefern zu k\u00f6nnen, wann...\" \/>\n<meta property=\"og:url\" content=\"https:\/\/www.rochestersensors.co.uk\/de\/unternehmen\/careers\/\" \/>\n<meta property=\"og:site_name\" content=\"Rochester Sensors\" \/>\n<meta property=\"article:modified_time\" content=\"2021-03-23T17:23:44+00:00\" \/>\n<meta name=\"twitter:label1\" content=\"Gesch\u00e4tzte Lesezeit\" \/>\n\t<meta name=\"twitter:data1\" content=\"1 Minute\" \/>\n<script type=\"application\/ld+json\" class=\"yoast-schema-graph\">{\"@context\":\"https:\\\/\\\/schema.org\",\"@graph\":[{\"@type\":\"WebPage\",\"@id\":\"https:\\\/\\\/www.rochestersensors.co.uk\\\/de\\\/unternehmen\\\/careers\\\/\",\"url\":\"https:\\\/\\\/www.rochestersensors.co.uk\\\/de\\\/unternehmen\\\/careers\\\/\",\"name\":\"Karriere Bei Rochester Sensors - Rochester Sensors\",\"isPartOf\":{\"@id\":\"https:\\\/\\\/www.rochestersensors.co.uk\\\/fr\\\/#website\"},\"datePublished\":\"2016-01-11T16:02:48+00:00\",\"dateModified\":\"2021-03-23T17:23:44+00:00\",\"breadcrumb\":{\"@id\":\"https:\\\/\\\/www.rochestersensors.co.uk\\\/de\\\/unternehmen\\\/careers\\\/#breadcrumb\"},\"inLanguage\":\"de-DE\",\"potentialAction\":[{\"@type\":\"ReadAction\",\"target\":[\"https:\\\/\\\/www.rochestersensors.co.uk\\\/de\\\/unternehmen\\\/careers\\\/\"]}]},{\"@type\":\"BreadcrumbList\",\"@id\":\"https:\\\/\\\/www.rochestersensors.co.uk\\\/de\\\/unternehmen\\\/careers\\\/#breadcrumb\",\"itemListElement\":[{\"@type\":\"ListItem\",\"position\":1,\"name\":\"Home\",\"item\":\"https:\\\/\\\/www.rochestersensors.co.uk\\\/de\\\/\"},{\"@type\":\"ListItem\",\"position\":2,\"name\":\"Unternehmen\",\"item\":\"https:\\\/\\\/www.rochestersensors.co.uk\\\/de\\\/unternehmen\\\/\"},{\"@type\":\"ListItem\",\"position\":3,\"name\":\"Karriere Bei Rochester Sensors\"}]},{\"@type\":\"WebSite\",\"@id\":\"https:\\\/\\\/www.rochestersensors.co.uk\\\/fr\\\/#website\",\"url\":\"https:\\\/\\\/www.rochestersensors.co.uk\\\/fr\\\/\",\"name\":\"Rochester Sensors\",\"description\":\"We design and manufacture a wide range of liquid level, fuel level, pressure, temperature control and monitoring equipment to customers across the world.\",\"potentialAction\":[{\"@type\":\"SearchAction\",\"target\":{\"@type\":\"EntryPoint\",\"urlTemplate\":\"https:\\\/\\\/www.rochestersensors.co.uk\\\/fr\\\/?s={search_term_string}\"},\"query-input\":{\"@type\":\"PropertyValueSpecification\",\"valueRequired\":true,\"valueName\":\"search_term_string\"}}],\"inLanguage\":\"de-DE\"}]}<\/script>\n<!-- \/ Yoast SEO plugin. -->","yoast_head_json":{"title":"Karriere Bei Rochester Sensors - Rochester Sensors","robots":{"index":"index","follow":"follow","max-snippet":"max-snippet:-1","max-image-preview":"max-image-preview:large","max-video-preview":"max-video-preview:-1"},"canonical":"https:\/\/www.rochestersensors.co.uk\/de\/unternehmen\/careers\/","og_locale":"de_DE","og_type":"article","og_title":"Karriere Bei Rochester Sensors - Rochester Sensors","og_description":"[vc_row css_animation=&#8220;&#8220; row_type=&#8220;row&#8220; use_row_as_full_screen_section=&#8220;no&#8220; type=&#8220;full_width&#8220; angled_section=&#8220;no&#8220; text_align=&#8220;left&#8220; background_image_as_pattern=&#8220;without_pattern&#8220; parallax=&#8220;no&#8220; css=&#8220;.vc_custom_1411478362102{padding-top: -5px !important;padding-bottom: 60px !important;}&#8220;][vc_column][vc_column_text] Karriere bei Rochester Sensors [\/vc_column_text][vc_raw_html]JTNDZGl2JTIwY2xhc3MlM0QlMjJzZXBhcmF0b3IlMjBzaG9ydCUyMiUzRSUzQ2RpdiUyMGNsYXNzJTNEJTIyc2VwYXJhdG9yX2xpbmUlMjIlM0UlM0MlMkZkaXYlM0UlM0MlMkZkaXYlM0U=[\/vc_raw_html][vc_column_text]Rochester Sensorss St\u00e4rken in den Bereichen Engineering und Fertigung kommen sind die St\u00e4rken der Menschen, die wir besch\u00e4ftigen. Um innovative und wettbewerbsf\u00e4hige Produkte liefern zu k\u00f6nnen, wann...","og_url":"https:\/\/www.rochestersensors.co.uk\/de\/unternehmen\/careers\/","og_site_name":"Rochester Sensors","article_modified_time":"2021-03-23T17:23:44+00:00","twitter_misc":{"Gesch\u00e4tzte Lesezeit":"1 Minute"},"schema":{"@context":"https:\/\/schema.org","@graph":[{"@type":"WebPage","@id":"https:\/\/www.rochestersensors.co.uk\/de\/unternehmen\/careers\/","url":"https:\/\/www.rochestersensors.co.uk\/de\/unternehmen\/careers\/","name":"Karriere Bei Rochester Sensors - Rochester Sensors","isPartOf":{"@id":"https:\/\/www.rochestersensors.co.uk\/fr\/#website"},"datePublished":"2016-01-11T16:02:48+00:00","dateModified":"2021-03-23T17:23:44+00:00","breadcrumb":{"@id":"https:\/\/www.rochestersensors.co.uk\/de\/unternehmen\/careers\/#breadcrumb"},"inLanguage":"de-DE","potentialAction":[{"@type":"ReadAction","target":["https:\/\/www.rochestersensors.co.uk\/de\/unternehmen\/careers\/"]}]},{"@type":"BreadcrumbList","@id":"https:\/\/www.rochestersensors.co.uk\/de\/unternehmen\/careers\/#breadcrumb","itemListElement":[{"@type":"ListItem","position":1,"name":"Home","item":"https:\/\/www.rochestersensors.co.uk\/de\/"},{"@type":"ListItem","position":2,"name":"Unternehmen","item":"https:\/\/www.rochestersensors.co.uk\/de\/unternehmen\/"},{"@type":"ListItem","position":3,"name":"Karriere Bei Rochester Sensors"}]},{"@type":"WebSite","@id":"https:\/\/www.rochestersensors.co.uk\/fr\/#website","url":"https:\/\/www.rochestersensors.co.uk\/fr\/","name":"Rochester Sensors","description":"We design and manufacture a wide range of liquid level, fuel level, pressure, temperature control and monitoring equipment to customers across the world.","potentialAction":[{"@type":"SearchAction","target":{"@type":"EntryPoint","urlTemplate":"https:\/\/www.rochestersensors.co.uk\/fr\/?s={search_term_string}"},"query-input":{"@type":"PropertyValueSpecification","valueRequired":true,"valueName":"search_term_string"}}],"inLanguage":"de-DE"}]}},"_links":{"self":[{"href":"https:\/\/www.rochestersensors.co.uk\/de\/wp-json\/wp\/v2\/pages\/8975","targetHints":{"allow":["GET"]}}],"collection":[{"href":"https:\/\/www.rochestersensors.co.uk\/de\/wp-json\/wp\/v2\/pages"}],"about":[{"href":"https:\/\/www.rochestersensors.co.uk\/de\/wp-json\/wp\/v2\/types\/page"}],"author":[{"embeddable":true,"href":"https:\/\/www.rochestersensors.co.uk\/de\/wp-json\/wp\/v2\/users\/5"}],"replies":[{"embeddable":true,"href":"https:\/\/www.rochestersensors.co.uk\/de\/wp-json\/wp\/v2\/comments?post=8975"}],"version-history":[{"count":0,"href":"https:\/\/www.rochestersensors.co.uk\/de\/wp-json\/wp\/v2\/pages\/8975\/revisions"}],"up":[{"embeddable":true,"href":"https:\/\/www.rochestersensors.co.uk\/de\/wp-json\/wp\/v2\/pages\/9402"}],"wp:attachment":[{"href":"https:\/\/www.rochestersensors.co.uk\/de\/wp-json\/wp\/v2\/media?parent=8975"}],"curies":[{"name":"wp","href":"https:\/\/api.w.org\/{rel}","templated":true}]}}